{"id":44750,"date":"2026-01-08T14:28:26","date_gmt":"2026-01-08T12:28:26","guid":{"rendered":"https:\/\/purama.lt\/?post_type=product&#038;p=44750"},"modified":"2026-04-19T16:31:46","modified_gmt":"2026-04-19T14:31:46","slug":"sox-im-lihtsalt-tudruk-sportines-sokid","status":"publish","type":"product","link":"https:\/\/purama.lt\/ee\/produktas\/sox-im-just-a-girl-sportines-kojines\/","title":{"rendered":"SOX I'M JUST A GIRL Spordisokid"},"content":{"rendered":"<p><strong>Kasutamine<\/strong><br>Kandke jooksmiseks, j\u00f5usaalis v\u00f5i muudeks aktiivseteks treeninguteks; valige suurus, mis sobib mugavalt.<br>Hoolduse ja pesemise puhul j\u00e4rgige pakendil olevaid juhiseid.<\/p>\n\n\n\n<p><strong>Koostisosad<\/strong><br>coolmax\u00ae, nailon<\/p>","protected":false},"excerpt":{"rendered":"<p data-start=\"0\" data-end=\"811\"><strong data-start=\"16\" data-end=\"45\">SOX-I'M JUST A GIRL<\/strong> Spordisokid jooksmiseks ja aktiivseks treeninguks, kui soovid kindlat istuvust, stabiilsust ja mugavust igal sammul. Tugevdatud tugitsoonid pahkluu ja jalalaba juures aitavad tagada tugevama pidamise ja suurema stabiilsuse, samas kui <strong data-start=\"302\" data-end=\"325\">keskmine kokkusurumine<\/strong> tagab, et sokid p\u00fcsivad h\u00e4sti jalas ja ei libise treeningu ajal. COOLMAX\u00ae froteekangas kanna ja varvaste piirkonnas pehmendab, neelab l\u00f6\u00f6ki ja aitab t\u00f5husalt niiskust \u00e4ra juhtida, v\u00e4hendades h\u00f5\u00f5rdumist ja ebamugavustunnet pikematel distantsidel. Hingav v\u00f5rkkudumine aitab reguleerida temperatuuri, et jalad oleksid kuivemad ja jahedamad ka intensiivse spordi ajal. COOLMAX\u00ae-kiudu hinnatakse spordir\u00f5ivaste puhul laialdaselt selle niiskusjuhtimise omaduste t\u00f5ttu.<\/p>\n<p data-start=\"813\" data-end=\"1169\">Miks valida<br data-start=\"836\" data-end=\"839\" \/><strong>\u2714\ufe0f Made in Spain - usaldusv\u00e4\u00e4rne kvaliteet<\/strong><br data-start=\"884\" data-end=\"887\" \/><strong>\u2714\ufe0f COOLMAX\u00ae ja nailon - hingav ja vastupidav kangas.<\/strong><br data-start=\"947\" data-end=\"950\" \/><strong>\u2714\ufe0f Tugevdatud h\u00fcppeliigese tugi ja jalav\u00f5lv suurema stabiilsuse tagamiseks.<\/strong><br data-start=\"1024\" data-end=\"1027\" \/><strong>\u2714\ufe0f Keskmise kompressiooniga - sobilik jooksu ajal.<\/strong><br data-start=\"1082\" data-end=\"1085\" \/><strong>\u2714\ufe0f Kanna ja varvaste pehmendused parema l\u00f6\u00f6gisummutuse ja v\u00e4iksema h\u00f5\u00f5rdumise tagamiseks.<\/strong><\/p>","protected":false},"featured_media":44745,"comment_status":"open","ping_status":"closed","template":"","meta":{"_acf_changed":false},"product_brand":[246,479],"product_cat":[98,102],"product_tag":[],"class_list":{"0":"post-44750","1":"product","2":"type-product","3":"status-publish","4":"has-post-thumbnail","6":"product_brand-sporcks","7":"product_brand-sox","8":"product_cat-sportui","9":"product_cat-kojines","11":"first","12":"instock","13":"shipping-taxable","14":"purchasable","15":"product-type-variable"},"acf":[],"tiered_pricing_type":"fixed","tiered_pricing_fixed_rules":[],"tiered_pricing_product_settings":{"layout":"default","base_unit_name":{"singular":null,"plural":null},"default_variation":null},"tiered_pricing_minimum_quantity":null,"tiered_pricing_roles_data":[],"tiered_pricing_percentage_rules":[],"_links":{"self":[{"href":"https:\/\/purama.lt\/ee\/wp-json\/wp\/v2\/product\/44750","targetHints":{"allow":["GET"]}}],"collection":[{"href":"https:\/\/purama.lt\/ee\/wp-json\/wp\/v2\/product"}],"about":[{"href":"https:\/\/purama.lt\/ee\/wp-json\/wp\/v2\/types\/product"}],"replies":[{"embeddable":true,"href":"https:\/\/purama.lt\/ee\/wp-json\/wp\/v2\/comments?post=44750"}],"wp:featuredmedia":[{"embeddable":true,"href":"https:\/\/purama.lt\/ee\/wp-json\/wp\/v2\/media\/44745"}],"wp:attachment":[{"href":"https:\/\/purama.lt\/ee\/wp-json\/wp\/v2\/media?parent=44750"}],"wp:term":[{"taxonomy":"product_brand","embeddable":true,"href":"https:\/\/purama.lt\/ee\/wp-json\/wp\/v2\/product_brand?post=44750"},{"taxonomy":"product_cat","embeddable":true,"href":"https:\/\/purama.lt\/ee\/wp-json\/wp\/v2\/product_cat?post=44750"},{"taxonomy":"product_tag","embeddable":true,"href":"https:\/\/purama.lt\/ee\/wp-json\/wp\/v2\/product_tag?post=44750"}],"curies":[{"name":"wp","href":"https:\/\/api.w.org\/{rel}","templated":true}]}}