{"id":44622,"date":"2026-01-06T15:35:16","date_gmt":"2026-01-06T13:35:16","guid":{"rendered":"https:\/\/purama.lt\/?post_type=product&#038;p=44622"},"modified":"2026-04-14T13:44:08","modified_gmt":"2026-04-14T11:44:08","slug":"equilibre-intiimne-niisutav-oli","status":"publish","type":"product","link":"https:\/\/purama.lt\/ee\/produktas\/equilibre-intymus-drekinamasis-aliejus\/","title":{"rendered":"Equilibre Intiimne niisutav \u00f5li"},"content":{"rendered":"<p><strong>Kasutamine<\/strong><br>Kandke paar tilka ja masseerige \u00f5rnalt soovitud piirkonda.<br>Kasutage vastavalt vajadusele igap\u00e4evaseks intiimpiirkonna hoolduseks v\u00f5i m\u00e4\u00e4rdeainena.<\/p>\n\n\n\n<p><strong>Koostisosad<\/strong><br>kapr\u00fc\u00fcl-\/kapritsooltrigl\u00fctseriidid, prunus amygdalus dulcis (magusa mandli) \u00f5li, prunus armeniaca (aprikoosi) tuuma\u00f5li, cocos nucifera (kookos) \u00f5li, butyrospermum parkii (shea) v\u00f5i, kannabidiool, tokoferoolid (e-vitamiin), citrus nobilis (mandariini) koor\u00f5li, kumariin, kanepi\u00f5li.<\/p>","protected":false},"excerpt":{"rendered":"<p data-start=\"0\" data-end=\"514\"><strong data-start=\"16\" data-end=\"42\">Equilibre - Huile Love<\/strong> Prantsusmaal v\u00e4lja t\u00f6\u00f6tatud intiimne \u00f5li-lisand, mis on m\u00f5eldud intiimnaha igap\u00e4evaseks hoolduseks ja mugavuseks. Koostatud koos <strong data-start=\"163\" data-end=\"193\">100 % looduslike \u00f5lidega<\/strong> (mandel, aprikoos, kookos, shea) niisutavad, pehmendavad ja aitavad kaitsta nahka h\u00f5\u00f5rdumise eest, samal ajal kui libisev toime annab pehmema ja meeldivama tunde. Sisaldab <strong data-start=\"372\" data-end=\"387\">E-vitamiin<\/strong> (tokoferoolid) toimivad antioks\u00fcdandina ja <strong data-start=\"433\" data-end=\"449\">kannabidiool<\/strong> valitud rahustavaks mugavuseks. Meeldiv <strong data-start=\"491\" data-end=\"513\">Mandariini aroom<\/strong>.<\/p>\n<p data-start=\"516\" data-end=\"815\"><strong data-start=\"516\" data-end=\"539\">Miks valida<\/strong><br data-start=\"539\" data-end=\"542\" \/><strong data-start=\"542\" data-end=\"548\">\u2714\ufe0f<\/strong> 2 in 1: igap\u00e4evaseks hoolduseks ja m\u00e4\u00e4rdeaineks<br data-start=\"600\" data-end=\"603\" \/><strong data-start=\"603\" data-end=\"609\">\u2714\ufe0f<\/strong> 100 % Looduslikud, kvaliteetsed taime\u00f5lid<br data-start=\"661\" data-end=\"664\" \/><strong data-start=\"664\" data-end=\"670\">\u2714\ufe0f<\/strong> Niisutab, kaitseb h\u00f5\u00f5rdumise eest ja tagab libisemisomavuse.<br data-start=\"727\" data-end=\"730\" \/><strong data-start=\"730\" data-end=\"736\">\u2714\ufe0f<\/strong> Kanabidiooli ja E-vitamiiniga pehmema tunde saavutamiseks.<br data-start=\"787\" data-end=\"790\" \/><strong data-start=\"790\" data-end=\"796\">\u2714\ufe0f<\/strong> Mandariini aroom<\/p>","protected":false},"featured_media":44625,"comment_status":"open","ping_status":"closed","template":"","meta":{"_acf_changed":true},"product_brand":[423],"product_cat":[276,278],"product_tag":[],"class_list":{"0":"post-44622","1":"product","2":"type-product","3":"status-publish","4":"has-post-thumbnail","6":"product_brand-equilibre","7":"product_cat-seksualinei-sveikatai","8":"product_cat-moterims","10":"first","11":"instock","12":"shipping-taxable","13":"purchasable","14":"product-type-simple"},"acf":[],"tiered_pricing_type":"fixed","tiered_pricing_fixed_rules":[],"tiered_pricing_product_settings":{"layout":"default","base_unit_name":{"singular":null,"plural":null},"default_variation":null},"tiered_pricing_minimum_quantity":null,"tiered_pricing_roles_data":[],"tiered_pricing_percentage_rules":[],"_links":{"self":[{"href":"https:\/\/purama.lt\/ee\/wp-json\/wp\/v2\/product\/44622","targetHints":{"allow":["GET"]}}],"collection":[{"href":"https:\/\/purama.lt\/ee\/wp-json\/wp\/v2\/product"}],"about":[{"href":"https:\/\/purama.lt\/ee\/wp-json\/wp\/v2\/types\/product"}],"replies":[{"embeddable":true,"href":"https:\/\/purama.lt\/ee\/wp-json\/wp\/v2\/comments?post=44622"}],"wp:featuredmedia":[{"embeddable":true,"href":"https:\/\/purama.lt\/ee\/wp-json\/wp\/v2\/media\/44625"}],"wp:attachment":[{"href":"https:\/\/purama.lt\/ee\/wp-json\/wp\/v2\/media?parent=44622"}],"wp:term":[{"taxonomy":"product_brand","embeddable":true,"href":"https:\/\/purama.lt\/ee\/wp-json\/wp\/v2\/product_brand?post=44622"},{"taxonomy":"product_cat","embeddable":true,"href":"https:\/\/purama.lt\/ee\/wp-json\/wp\/v2\/product_cat?post=44622"},{"taxonomy":"product_tag","embeddable":true,"href":"https:\/\/purama.lt\/ee\/wp-json\/wp\/v2\/product_tag?post=44622"}],"curies":[{"name":"wp","href":"https:\/\/api.w.org\/{rel}","templated":true}]}}