{"id":44478,"date":"2026-01-05T09:15:39","date_gmt":"2026-01-05T07:15:39","guid":{"rendered":"https:\/\/purama.lt\/?post_type=product&#038;p=44478"},"modified":"2026-04-20T12:33:19","modified_gmt":"2026-04-20T10:33:19","slug":"donotage-sinist-valgust-blokeerivad-prillid","status":"publish","type":"product","link":"https:\/\/purama.lt\/ee\/produktas\/donotage-melynos-sviesos-blokavimo-akiniai\/","title":{"rendered":"DoNotAge Blue Light Blockers prillid"},"content":{"rendered":"<p><strong>Kasutamine<\/strong><br>Kandke ekraanide (arvuti, telefon) vaatamisel, eriti \u00f5htuti<br>Puhastada pehme lapiga ja hoida kaitsekotis, et v\u00e4ltida kriimustusi.<\/p>\n\n\n\n<p><\/p>","protected":false},"excerpt":{"rendered":"<p data-start=\"0\" data-end=\"512\"><strong>DoNotAge Blue Light Blockers prillid:<\/strong> sinist valgust filtreerivad prillid, mis on m\u00f5eldud mugavama ekraani kasutamise ja vaiksema \u00f5htu jaoks. Spetsiaalselt disainitud klaasid <strong data-start=\"183\" data-end=\"221\">Filtreerib kuni 99 % sinist valgust<\/strong>, aitab <strong data-start=\"230\" data-end=\"251\">v\u00e4hendada pimestamist<\/strong> ja ebamugavustunne, mis tuleneb pikalt arvuti v\u00f5i telefoni ekraani vaatamisest, ning \u00f5htuti aitab see kergemini \u201e\u00fcmber l\u00fclituda\u201c puhkere\u017eiimi. Tootel on <strong data-start=\"393\" data-end=\"408\">CE-m\u00e4rgistus<\/strong> ja kaasasolevad tarvikud lihtsaks hoiustamiseks ja hoolduseks.<\/p>\n<p data-start=\"514\" data-end=\"957\"><strong data-start=\"514\" data-end=\"537\">Miks valida<\/strong><br data-start=\"537\" data-end=\"540\" \/><strong data-start=\"540\" data-end=\"546\">\u2714\ufe0f<\/strong> filtreerib kuni 99 % sinist valgust ekraanidelt.<br data-start=\"629\" data-end=\"632\" \/><strong data-start=\"632\" data-end=\"638\" data-is-only-node=\"\">\u2714\ufe0f<\/strong> v\u00e4hendab pimestust ja aitab teil arvutiga t\u00f6\u00f6tades end mugavamalt tunda.<br data-start=\"748\" data-end=\"751\" \/><strong data-start=\"751\" data-end=\"757\">\u2714\ufe0f<\/strong> CE-m\u00e4rgis - vastavus ohutusn\u00f5uetele.<br data-start=\"841\" data-end=\"844\" \/><strong data-start=\"844\" data-end=\"850\">\u2714\ufe0f<\/strong> Komplektis on puhastuslapp, kott ja karp lihtsaks hoiustamiseks.<\/p>","protected":false},"featured_media":44479,"comment_status":"open","ping_status":"closed","template":"","meta":{"_acf_changed":false},"product_brand":[242],"product_cat":[283,282],"product_tag":[],"class_list":{"0":"post-44478","1":"product","2":"type-product","3":"status-publish","4":"has-post-thumbnail","6":"product_brand-donotage","7":"product_cat-sveikatingumo-prietaisai","8":"product_cat-longevity-prietaisai","10":"first","11":"instock","12":"shipping-taxable","13":"purchasable","14":"product-type-simple"},"acf":[],"tiered_pricing_type":"fixed","tiered_pricing_fixed_rules":[],"tiered_pricing_product_settings":{"layout":"default","base_unit_name":{"singular":null,"plural":null},"default_variation":null},"tiered_pricing_minimum_quantity":null,"tiered_pricing_roles_data":[],"tiered_pricing_percentage_rules":[],"_links":{"self":[{"href":"https:\/\/purama.lt\/ee\/wp-json\/wp\/v2\/product\/44478","targetHints":{"allow":["GET"]}}],"collection":[{"href":"https:\/\/purama.lt\/ee\/wp-json\/wp\/v2\/product"}],"about":[{"href":"https:\/\/purama.lt\/ee\/wp-json\/wp\/v2\/types\/product"}],"replies":[{"embeddable":true,"href":"https:\/\/purama.lt\/ee\/wp-json\/wp\/v2\/comments?post=44478"}],"wp:featuredmedia":[{"embeddable":true,"href":"https:\/\/purama.lt\/ee\/wp-json\/wp\/v2\/media\/44479"}],"wp:attachment":[{"href":"https:\/\/purama.lt\/ee\/wp-json\/wp\/v2\/media?parent=44478"}],"wp:term":[{"taxonomy":"product_brand","embeddable":true,"href":"https:\/\/purama.lt\/ee\/wp-json\/wp\/v2\/product_brand?post=44478"},{"taxonomy":"product_cat","embeddable":true,"href":"https:\/\/purama.lt\/ee\/wp-json\/wp\/v2\/product_cat?post=44478"},{"taxonomy":"product_tag","embeddable":true,"href":"https:\/\/purama.lt\/ee\/wp-json\/wp\/v2\/product_tag?post=44478"}],"curies":[{"name":"wp","href":"https:\/\/api.w.org\/{rel}","templated":true}]}}