{"id":44476,"date":"2026-01-05T09:10:25","date_gmt":"2026-01-05T07:10:25","guid":{"rendered":"https:\/\/purama.lt\/?post_type=product&#038;p=44476"},"modified":"2026-04-19T11:20:19","modified_gmt":"2026-04-19T09:20:19","slug":"medica-group-super-orgasm-stop-geel","status":"publish","type":"product","link":"https:\/\/purama.lt\/ee\/produktas\/medica-group-zele-super-orgasm-stop\/","title":{"rendered":"MEDICA GROUP Super Orgasm Stop Geel"},"content":{"rendered":"<p><strong>Kasutamine<\/strong><br>Kandke v\u00e4ike kogus geeli peenisele ja masseerige \u00f5rnalt, oodake paar minutit, et see imenduks.<br>Vajaduse korral v\u00f5ib lisada t\u00e4iendava kihi<br>Ainult v\u00e4lispidiseks kasutamiseks; v\u00e4ltida kokkupuudet silmade ja limaskestadega, naha\u00e4rrituse korral katkestada kasutamine.<\/p>\n\n\n\n<p><strong>Koostisosad<\/strong><br>aqua (vesi), prop\u00fcleengl\u00fckool, h\u00fcdroks\u00fcet\u00fc\u00fcltselluloos, pol\u00fcsorbaat 20, alkohol denat., fenoks\u00fcetanool, et\u00fc\u00fclheks\u00fc\u00fclgl\u00fctseriin, mentha piperita (piparm\u00fcndi) \u00f5li, limoneen, linalool, mentool, piimhape.<\/p>","protected":false},"excerpt":{"rendered":"<p data-start=\"0\" data-end=\"452\"><strong data-start=\"16\" data-end=\"56\">Super Orgasm Stop Gel<\/strong> Intiimgeel meestele, mis on loodud selleks, et anda teile rohkem kontrolli intiimsetel hetkedel ja <strong data-start=\"139\" data-end=\"173\">aitab edasi l\u00fckata ejakulatsiooni<\/strong>. Valem koos <strong data-start=\"186\" data-end=\"221\">mentool ja piparm\u00fcndi\u00f5li<\/strong> tekitab meeldiva jahutuse, mis v\u00f5ib muuta \u00e4rritustunnet, samas kui geeli tekstuur ise jaotub mugavalt ja sobib tundlikele piirkondadele. \u00dchildub kondoomidega ja seda saab kasutada koos teiste libestitega.<\/p>\n<p data-start=\"454\" data-end=\"750\"><strong data-start=\"454\" data-end=\"477\">Miks valida<\/strong><br data-start=\"477\" data-end=\"480\" \/><strong data-start=\"480\" data-end=\"486\">\u2714\ufe0f<\/strong> Aitab edasi l\u00fckata ejakulatsiooni ja annab suurema kontrollitunde<br data-start=\"555\" data-end=\"558\" \/><strong data-start=\"558\" data-end=\"564\">\u2714\ufe0f<\/strong> Mentooli ja piparm\u00fcndi jahutav tunne<br data-start=\"606\" data-end=\"609\" \/><strong data-start=\"609\" data-end=\"615\">\u2714\ufe0f<\/strong> Mugav geel konsistents h\u00f5lpsaks jaotamiseks<br data-start=\"664\" data-end=\"667\" \/><strong data-start=\"667\" data-end=\"673\">\u2714\ufe0f<\/strong> \u00dchildub kondoomidega<br data-start=\"703\" data-end=\"706\" \/><strong data-start=\"706\" data-end=\"712\">\u2714\ufe0f<\/strong> V\u00f5ib kasutada koos teiste m\u00e4\u00e4rdeainetega<\/p>","protected":false},"featured_media":44477,"comment_status":"open","ping_status":"closed","template":"","meta":{"_acf_changed":true},"product_brand":[406],"product_cat":[276,57,277],"product_tag":[],"class_list":{"0":"post-44476","1":"product","2":"type-product","3":"status-publish","4":"has-post-thumbnail","6":"product_brand-medica-group","7":"product_cat-seksualinei-sveikatai","8":"product_cat-akcijos","9":"product_cat-vyrams","11":"first","12":"instock","13":"sale","14":"shipping-taxable","15":"purchasable","16":"product-type-simple"},"acf":[],"tiered_pricing_type":"fixed","tiered_pricing_fixed_rules":[],"tiered_pricing_product_settings":{"layout":"default","base_unit_name":{"singular":null,"plural":null},"default_variation":null},"tiered_pricing_minimum_quantity":null,"tiered_pricing_roles_data":[],"tiered_pricing_percentage_rules":[],"_links":{"self":[{"href":"https:\/\/purama.lt\/ee\/wp-json\/wp\/v2\/product\/44476","targetHints":{"allow":["GET"]}}],"collection":[{"href":"https:\/\/purama.lt\/ee\/wp-json\/wp\/v2\/product"}],"about":[{"href":"https:\/\/purama.lt\/ee\/wp-json\/wp\/v2\/types\/product"}],"replies":[{"embeddable":true,"href":"https:\/\/purama.lt\/ee\/wp-json\/wp\/v2\/comments?post=44476"}],"wp:featuredmedia":[{"embeddable":true,"href":"https:\/\/purama.lt\/ee\/wp-json\/wp\/v2\/media\/44477"}],"wp:attachment":[{"href":"https:\/\/purama.lt\/ee\/wp-json\/wp\/v2\/media?parent=44476"}],"wp:term":[{"taxonomy":"product_brand","embeddable":true,"href":"https:\/\/purama.lt\/ee\/wp-json\/wp\/v2\/product_brand?post=44476"},{"taxonomy":"product_cat","embeddable":true,"href":"https:\/\/purama.lt\/ee\/wp-json\/wp\/v2\/product_cat?post=44476"},{"taxonomy":"product_tag","embeddable":true,"href":"https:\/\/purama.lt\/ee\/wp-json\/wp\/v2\/product_tag?post=44476"}],"curies":[{"name":"wp","href":"https:\/\/api.w.org\/{rel}","templated":true}]}}