{"id":43904,"date":"2025-12-18T16:12:02","date_gmt":"2025-12-18T14:12:02","guid":{"rendered":"https:\/\/purama.lt\/produktas\/donotage-milteliai-suresleep-tikras-miegas\/"},"modified":"2026-03-31T13:36:16","modified_gmt":"2026-03-31T11:36:16","slug":"donotage-pulber-suresleep-toeline-uni","status":"publish","type":"product","link":"https:\/\/purama.lt\/ee\/produktas\/donotage-milteliai-suresleep-tikras-miegas\/","title":{"rendered":"DoNotAge SureSleep pulber"},"content":{"rendered":"<p><strong>Tarbimine<\/strong><br>Segage 1 portsjon veega ja v\u00f5tke umbes 30-60 minutit enne magamaminekut.<br>Soovitatakse v\u00f5tta \u00f5htul, j\u00e4rjepidevalt \u00f5htuse rutiini osana.<br>Kui te v\u00f5tate retseptiravimeid, olete rase v\u00f5i toidate last rinnaga - konsulteerige enne kasutamist tervishoiut\u00f6\u00f6tajaga; mitte lastele.<\/p>\n\n\n\n<p><strong>Koostisosad<\/strong><br>magneesiumgl\u00fctsinaat, magneesiumtsitraat, l-tr\u00fcptofaan, prunus cerasuse ekstrakt, l-teaniin, looduslik kirsi l\u00f5hna- ja maitseaine.<\/p>\n\n\n\n<p><strong>Toiduainete k\u00e4itlemise sertifikaat:&nbsp;<\/strong>69MTSPA-667<\/p>\n\n\n\n<h3 class=\"wp-block-heading\">Rohkem DoNotAge tooteid<\/h3>\n\n\n\n<p>Vaata kogu <strong>DoNotAge<\/strong> Purama.lt - kehtib praegu <strong>-10% allahindlus<\/strong>:<\/p>\n\n\n\n<p><a href=\"https:\/\/purama.lt\/ee\/tootesildid\/donotage\/\">Per\u017ei\u016br\u0117ti DoNotAge asortiment\u0105<\/a><\/p>\n\n\n\n<p><\/p>","protected":false},"excerpt":{"rendered":"<p data-start=\"0\" data-end=\"726\"><strong data-start=\"16\" data-end=\"41\">DoNotAge - SureSleep<\/strong>\u00a0on pulbriline \u00f5htune une toetav valem, mis on loodud selleks, et aidata teil paremini uinuda ja paremini v\u00e4lja puhata, ilma et hommikul tekiks \u201eraske\u201c tunne. See \u00fchendab endas kaks magneesiumi vormi (gl\u00fctsinaat ja tsitraat), L-teaniini, L-tr\u00fcptofaani ja hapukirsi (Prunus cerasus) ekstrakti, samal ajal kui <strong data-start=\"314\" data-end=\"341\">naturaalne kirsi maitse<\/strong> h\u00f5lbustab igap\u00e4evast kasutamist. Valem, mis on loodud toetama <strong data-start=\"399\" data-end=\"422\">une-\u00e4rkamisr\u00fctm<\/strong>, n\u00e4rvis\u00fcsteemi l\u00f5\u00f5gastumine ja \u00f6ine taastumine; L-teaniin on seotud alfa-ajulainete aktiivsusega ja L-tr\u00fcptofaan loomuliku serotoniini ja melatoniini teedega. Toode on v\u00e4idetavalt vegan, GMO-vaba, ilma tavaliste allergeenideta, ilma kunstlike lisanditeta, range kvaliteedikontrolliga.<\/p>\n<p data-start=\"728\" data-end=\"1064\"><strong data-start=\"728\" data-end=\"751\">Miks valida<\/strong><br data-start=\"751\" data-end=\"754\" \/><strong data-start=\"754\" data-end=\"760\">\u2714\ufe0f<\/strong> mitmete toimeainete kombinatsioon \u00f5htuseks l\u00f5\u00f5gastumiseks ja une kvaliteedi parandamiseks<br data-start=\"838\" data-end=\"841\" \/><strong data-start=\"841\" data-end=\"847\">\u2714\ufe0f<\/strong> magneesiumgl\u00fctsinaat ja -tsitraat - n\u00e4rvis\u00fcsteemi tasakaalustamiseks ja rahulikuks \u00f5htuseks rutiiniks<br data-start=\"928\" data-end=\"931\" \/><strong data-start=\"931\" data-end=\"937\">\u2714\ufe0f<\/strong> Hapukirsi ekstrakt - toetab loomulikku uner\u00fctmi.<br data-start=\"1004\" data-end=\"1007\" \/><strong data-start=\"1007\" data-end=\"1013\">\u2714\ufe0f<\/strong> Vegan, GMO-vaba ja ilma kunstlike lisaaineteta.<\/p>","protected":false},"featured_media":43911,"comment_status":"open","ping_status":"closed","template":"","meta":{"_acf_changed":false},"product_brand":[242],"product_cat":[123,57,271,270,269],"product_tag":[],"class_list":{"0":"post-43904","1":"product","2":"type-product","3":"status-publish","4":"has-post-thumbnail","6":"product_brand-donotage","7":"product_cat-papildai-ilgaamziskumui","8":"product_cat-akcijos","9":"product_cat-miego-kokybe","10":"product_cat-streso-mazinimas","11":"product_cat-stresui-ir-miegui","13":"first","14":"instock","15":"sale","16":"shipping-taxable","17":"purchasable","18":"product-type-simple"},"acf":[],"tiered_pricing_type":"fixed","tiered_pricing_fixed_rules":[],"tiered_pricing_product_settings":{"layout":"default","base_unit_name":{"singular":null,"plural":null},"default_variation":null},"tiered_pricing_minimum_quantity":null,"tiered_pricing_roles_data":[],"tiered_pricing_percentage_rules":[],"_links":{"self":[{"href":"https:\/\/purama.lt\/ee\/wp-json\/wp\/v2\/product\/43904","targetHints":{"allow":["GET"]}}],"collection":[{"href":"https:\/\/purama.lt\/ee\/wp-json\/wp\/v2\/product"}],"about":[{"href":"https:\/\/purama.lt\/ee\/wp-json\/wp\/v2\/types\/product"}],"replies":[{"embeddable":true,"href":"https:\/\/purama.lt\/ee\/wp-json\/wp\/v2\/comments?post=43904"}],"wp:featuredmedia":[{"embeddable":true,"href":"https:\/\/purama.lt\/ee\/wp-json\/wp\/v2\/media\/43911"}],"wp:attachment":[{"href":"https:\/\/purama.lt\/ee\/wp-json\/wp\/v2\/media?parent=43904"}],"wp:term":[{"taxonomy":"product_brand","embeddable":true,"href":"https:\/\/purama.lt\/ee\/wp-json\/wp\/v2\/product_brand?post=43904"},{"taxonomy":"product_cat","embeddable":true,"href":"https:\/\/purama.lt\/ee\/wp-json\/wp\/v2\/product_cat?post=43904"},{"taxonomy":"product_tag","embeddable":true,"href":"https:\/\/purama.lt\/ee\/wp-json\/wp\/v2\/product_tag?post=43904"}],"curies":[{"name":"wp","href":"https:\/\/api.w.org\/{rel}","templated":true}]}}