{"id":43441,"date":"2025-12-10T08:42:39","date_gmt":"2025-12-10T06:42:39","guid":{"rendered":"https:\/\/purama.lt\/produktas\/medica-group-cum-plus-strong-5-menesiu-kursas\/"},"modified":"2026-03-03T11:03:35","modified_gmt":"2026-03-03T09:03:35","slug":"medica-group-cum-plus-tugev-5-kuu-kursus","status":"publish","type":"product","link":"https:\/\/purama.lt\/ee\/produktas\/medica-group-cum-plus-strong-5-menesiu-kursas\/","title":{"rendered":"MEDICA GROUP Cum Plus Tugev 5 kuu pikkune kursus"},"content":{"rendered":"<p><strong>Tarbimine<\/strong><br>T\u00e4iskasvanud meestele 1 kapsel 2 korda p\u00e4evas koos v\u00e4hese veega.<br>\u00c4rge \u00fcletage soovitatud p\u00e4evast kogust; toidulisand ei asenda mitmekesist ja tasakaalustatud toitumist ning tervislikku eluviisi.<br>Hoida lastele k\u00e4ttesaamatus kohas; \u00e4rge kasutage, kui olete m\u00f5ne koostisosa suhtes allergiline.<\/p>\n\n\n\n<p><strong>Koostisosad<\/strong><br>\u017eelatiin, tribulus terrestris seemneekstrakt (tribulus terrestris l.) der 20:1, sarsaparilla juure ekstrakt (smilax medica) der 4:1, \u017een\u0161enni juure ekstrakt (panax quinquefolium) der 4:1, l-arginiin, maca juure ekstrakt (lepidium meyenii) der 4:1, avena sativa ekstrakt (avena sativa) der 10:1, t\u00e4iteaine: mikrokristalliline tselluloos.<\/p>\n\n\n\n<p><strong>Toiduainete k\u00e4itlemise sertifikaat:\u00a0<\/strong>69MTSPA-667<\/p>","protected":false},"excerpt":{"rendered":"<p data-start=\"0\" data-end=\"659\"><strong data-start=\"16\" data-end=\"50\">Medica-Group - Cum Plus Strong<\/strong> on toidulisand meestele, mis on m\u00f5eldud taimeekstraktide ja L-arginiini lisamiseks igap\u00e4evasele toidule, et toetada meeste eluj\u00f5udu, seksuaalset vastupidavust ja ejakulatsiooni intensiivsust. Sisaldab tribulust, macat, Ameerika \u017een\u0161enni, sarsaparillat ja kaerarohu, mida traditsiooniliselt seostatakse reproduktiivse funktsiooni ja energia toetamisega, L-arginiin on h\u00e4sti uuritud aminohape, millest keha toodab l\u00e4mmastikoksiidi, mis on seotud normaalse vereringe s\u00e4ilitamisega. See mitme kuu pikkune kursus on mugav neile, kes soovivad j\u00e4rjekindlalt hoolitseda oma intiimse tervise ja tunnete eest.<\/p>\n<p data-start=\"661\" data-end=\"1127\"><strong data-start=\"661\" data-end=\"684\">Miks valida<\/strong><br data-start=\"684\" data-end=\"687\" \/><strong data-start=\"687\" data-end=\"693\">\u2714\ufe0f<\/strong> Spetsiaalselt meestele m\u00f5eldud toidulisand, mis toetab seksuaalset vastupidavust ja ejakulatsiooni intensiivsust.<br data-start=\"791\" data-end=\"794\" \/><strong data-start=\"794\" data-end=\"800\">\u2714\ufe0f<\/strong> Mitme taimeekstrakti (maca, tribulus, \u017een\u0161enn, sarsaparilla, kaer) kombinatsioon \u00fches tootes.<br data-start=\"899\" data-end=\"902\" \/><strong data-start=\"902\" data-end=\"908\">\u2714\ufe0f<\/strong> T\u00e4iendatud L-arginiiniga, mis on vereringet toetav oluline aminohape.<br data-start=\"976\" data-end=\"979\" \/><strong data-start=\"979\" data-end=\"985\">\u2714\ufe0f<\/strong> V\u00f5ib aidata s\u00e4ilitada energiataset ja \u00fcldist meeste eluj\u00f5udu.<br data-start=\"1052\" data-end=\"1055\" \/><strong data-start=\"1055\" data-end=\"1061\">\u2714\ufe0f<\/strong> Mugav kapslivorm igap\u00e4evaseks ja pikemaajaliseks kasutamiseks.<\/p>","protected":false},"featured_media":43446,"comment_status":"open","ping_status":"closed","template":"","meta":{"_acf_changed":false},"product_brand":[406],"product_cat":[276,57,277],"product_tag":[],"class_list":{"0":"post-43441","1":"product","2":"type-product","3":"status-publish","4":"has-post-thumbnail","6":"product_brand-medica-group","7":"product_cat-seksualinei-sveikatai","8":"product_cat-akcijos","9":"product_cat-vyrams","11":"first","12":"instock","13":"sale","14":"shipping-taxable","15":"purchasable","16":"product-type-simple"},"acf":[],"tiered_pricing_type":"fixed","tiered_pricing_fixed_rules":[],"tiered_pricing_product_settings":{"layout":"default","base_unit_name":{"singular":null,"plural":null},"default_variation":null},"tiered_pricing_minimum_quantity":null,"tiered_pricing_roles_data":[],"tiered_pricing_percentage_rules":[],"_links":{"self":[{"href":"https:\/\/purama.lt\/ee\/wp-json\/wp\/v2\/product\/43441","targetHints":{"allow":["GET"]}}],"collection":[{"href":"https:\/\/purama.lt\/ee\/wp-json\/wp\/v2\/product"}],"about":[{"href":"https:\/\/purama.lt\/ee\/wp-json\/wp\/v2\/types\/product"}],"replies":[{"embeddable":true,"href":"https:\/\/purama.lt\/ee\/wp-json\/wp\/v2\/comments?post=43441"}],"wp:featuredmedia":[{"embeddable":true,"href":"https:\/\/purama.lt\/ee\/wp-json\/wp\/v2\/media\/43446"}],"wp:attachment":[{"href":"https:\/\/purama.lt\/ee\/wp-json\/wp\/v2\/media?parent=43441"}],"wp:term":[{"taxonomy":"product_brand","embeddable":true,"href":"https:\/\/purama.lt\/ee\/wp-json\/wp\/v2\/product_brand?post=43441"},{"taxonomy":"product_cat","embeddable":true,"href":"https:\/\/purama.lt\/ee\/wp-json\/wp\/v2\/product_cat?post=43441"},{"taxonomy":"product_tag","embeddable":true,"href":"https:\/\/purama.lt\/ee\/wp-json\/wp\/v2\/product_tag?post=43441"}],"curies":[{"name":"wp","href":"https:\/\/api.w.org\/{rel}","templated":true}]}}