{"id":43440,"date":"2025-12-10T08:42:38","date_gmt":"2025-12-10T06:42:38","guid":{"rendered":"https:\/\/purama.lt\/produktas\/medica-group-stiprios-erekcijos-5-menesiu-kursas\/"},"modified":"2026-03-18T13:43:50","modified_gmt":"2026-03-18T11:43:50","slug":"medica-grupi-tugev-erektsioon-5-kuu-jooksul","status":"publish","type":"product","link":"https:\/\/purama.lt\/ee\/produktas\/medica-group-stiprios-erekcijos-5-menesiu-kursas\/","title":{"rendered":"MEDICA GROUP BigErection Stiprios erekcijos 5-kuuline kuur"},"content":{"rendered":"<p><strong>Tarbimine<\/strong><br>T\u00e4iskasvanud meestele 1 kapsel 2 korda p\u00e4evas koos v\u00e4hese veega.<br>\u00c4rge \u00fcletage 2 kapslit p\u00e4evas ja soovitatud p\u00e4evast annust; toidulisand ei asenda mitmekesist ja tasakaalustatud toitumist ning tervislikku eluviisi.<br>Hoida lastele k\u00e4ttesaamatus kohas, mitte kasutada \u00fclitundlikkuse korral m\u00f5ne koostisosa suhtes.<\/p>\n\n\n\n<p><strong>Koostisosad<\/strong><br>L-arginiin, \u017eelatiin, \u017een\u0161enni juurte ekstrakt 4:1, makajuurte ekstrakt 4:1, sarsaparilla juurte ekstrakt 4:1, muskaat\u00f5ielise seemne ekstrakt 20:1, musta kaera ekstrakt 10:1, t\u00e4iteaine: mikrokristalliline tselluloos.<\/p>\n\n\n\n<p><strong>Toiduainete k\u00e4itlemise sertifikaat:\u00a0<\/strong>69MTSPA-667<\/p>","protected":false},"excerpt":{"rendered":"<p data-start=\"0\" data-end=\"613\"><strong data-start=\"16\" data-end=\"47\">Medica-Group - Suur erektsioon<\/strong> on toidulisand meestele, mis on m\u00f5eldud taimeekstraktide ja L-arginiini lisamiseks igap\u00e4evasele toidule, et toetada seksuaalset vastupidavust ja erektsioonifunktsiooni. Sisaldab macat, Ameerika \u017een\u0161enni, tribulust, sarsaparillat ja kaerarohu, mida on traditsiooniliselt seostatud meeste energia, f\u00fc\u00fcsilise v\u00f5imekuse ja vereringe toetamisega. L-arginiin on h\u00e4sti uuritud aminohape, millest keha toodab l\u00e4mmastikoksiidi, mis osaleb normaalses vereringes, seega on see kombinatsioon mugav meestele, kes soovivad j\u00e4rjepidevalt hoolitseda oma intiimse tervise eest.<\/p>\n<p data-start=\"615\" data-end=\"1009\"><strong data-start=\"615\" data-end=\"638\">Miks valida<\/strong><br data-start=\"638\" data-end=\"641\" \/><strong data-start=\"641\" data-end=\"647\">\u2714\ufe0f<\/strong> Spetsiaalselt meestele m\u00f5eldud toidulisand, mis toetab erektsiooni ja seksuaalset vastupidavust.<br data-start=\"738\" data-end=\"741\" \/><strong data-start=\"741\" data-end=\"747\">\u2714\ufe0f<\/strong> Mitme kontsentreeritud taimeekstrakti kombinatsioon \u00fches kapslis.<br data-start=\"812\" data-end=\"815\" \/><strong data-start=\"815\" data-end=\"821\">\u2714\ufe0f<\/strong> T\u00e4iendatud L-arginiiniga, mis on vereringet toetav oluline aminohape.<br data-start=\"889\" data-end=\"892\" \/><strong data-start=\"892\" data-end=\"898\">\u2714\ufe0f<\/strong> Sobib pikemaks, j\u00e4rjepidevaks kasutamiseks<br data-start=\"943\" data-end=\"946\" \/><strong data-start=\"946\" data-end=\"952\">\u2714\ufe0f<\/strong> Mugav kapslivorm, mida on lihtne lisada oma igap\u00e4evasesse rutiini.<\/p>","protected":false},"featured_media":43445,"comment_status":"open","ping_status":"closed","template":"","meta":{"_acf_changed":true},"product_brand":[406],"product_cat":[276,57,277],"product_tag":[],"class_list":{"0":"post-43440","1":"product","2":"type-product","3":"status-publish","4":"has-post-thumbnail","6":"product_brand-medica-group","7":"product_cat-seksualinei-sveikatai","8":"product_cat-akcijos","9":"product_cat-vyrams","11":"first","12":"instock","13":"sale","14":"shipping-taxable","15":"purchasable","16":"product-type-simple"},"acf":[],"tiered_pricing_type":"fixed","tiered_pricing_fixed_rules":[],"tiered_pricing_product_settings":{"layout":"default","base_unit_name":{"singular":null,"plural":null},"default_variation":null},"tiered_pricing_minimum_quantity":null,"tiered_pricing_roles_data":[],"tiered_pricing_percentage_rules":[],"_links":{"self":[{"href":"https:\/\/purama.lt\/ee\/wp-json\/wp\/v2\/product\/43440","targetHints":{"allow":["GET"]}}],"collection":[{"href":"https:\/\/purama.lt\/ee\/wp-json\/wp\/v2\/product"}],"about":[{"href":"https:\/\/purama.lt\/ee\/wp-json\/wp\/v2\/types\/product"}],"replies":[{"embeddable":true,"href":"https:\/\/purama.lt\/ee\/wp-json\/wp\/v2\/comments?post=43440"}],"wp:featuredmedia":[{"embeddable":true,"href":"https:\/\/purama.lt\/ee\/wp-json\/wp\/v2\/media\/43445"}],"wp:attachment":[{"href":"https:\/\/purama.lt\/ee\/wp-json\/wp\/v2\/media?parent=43440"}],"wp:term":[{"taxonomy":"product_brand","embeddable":true,"href":"https:\/\/purama.lt\/ee\/wp-json\/wp\/v2\/product_brand?post=43440"},{"taxonomy":"product_cat","embeddable":true,"href":"https:\/\/purama.lt\/ee\/wp-json\/wp\/v2\/product_cat?post=43440"},{"taxonomy":"product_tag","embeddable":true,"href":"https:\/\/purama.lt\/ee\/wp-json\/wp\/v2\/product_tag?post=43440"}],"curies":[{"name":"wp","href":"https:\/\/api.w.org\/{rel}","templated":true}]}}