{"id":43439,"date":"2025-12-10T08:42:37","date_gmt":"2025-12-10T06:42:37","guid":{"rendered":"https:\/\/purama.lt\/produktas\/medica-group-varpos-didinimo-5-menesiu-kursas\/"},"modified":"2026-03-18T13:42:36","modified_gmt":"2026-03-18T11:42:36","slug":"medica-grupi-peenise-laienemine-5-kuu-jooksul","status":"publish","type":"product","link":"https:\/\/purama.lt\/ee\/produktas\/medica-group-varpos-didinimo-5-menesiu-kursas\/","title":{"rendered":"MEDICA GROUP BiggerSize Peenise pikendamise 5-kuuline kuur"},"content":{"rendered":"<p><strong>Tarbimine<\/strong><br>T\u00e4iskasvanud meestele soovitatakse v\u00f5tta 1 kapsel 2 korda p\u00e4evas koos veega. \u00c4rge v\u00f5tke rohkem kui 2 kapslit p\u00e4evas. Toidulisandit ei tohi kasutada mitmekesise ja tasakaalustatud toitumise ning tervisliku eluviisi asendajana. Hoida lastele k\u00e4ttesaamatus kohas. Kui te v\u00f5tate diabeediravimeid v\u00f5i muid retseptiravimeid, pidage toidulisandi v\u00f5tmise kohta n\u00f5u oma arstiga.<\/p>\n\n\n\n<p><strong>Koostisosad<\/strong><br>makajuurte ekstrakt (4:1), ameerika \u017een\u0161enni juurte ekstrakt (4:1), tribulus terrestrise seemne ekstrakt (20:1), sarsaparilla juurte ekstrakt (4:1), l-arginiin, musta kaera taimeekstrakt (10:1), \u017eelatiin, mikrokristalliline tselluloos, titaandioksiid.<\/p>\n\n\n\n<p><strong>Toiduainete k\u00e4itlemise sertifikaat:\u00a0<\/strong>69MTSPA-667<\/p>","protected":false},"excerpt":{"rendered":"<p data-start=\"0\" data-end=\"728\"><strong data-start=\"16\" data-end=\"64\">Medica-Group - BiggerSize toidulisand<\/strong> on toidulisand meestele, mis \u00fchendab maka, ameerika \u017een\u0161enni, tribulus terrestrise, sarsaparilla, musta kaera ja l-arginiini ekstrakte, et aidata t\u00e4iendada toitu toitainetega, mis on seotud energia, vereringe ja seksuaalfunktsiooni toetamisega. Regulaarne kasutamine v\u00f5ib aidata s\u00e4ilitada vastupidavust, v\u00e4hendada v\u00e4simustunnet intiimsetel hetkedel ja suurendada enesekindlust. Valem p\u00f5hineb h\u00e4sti uuritud aminohappe l-arginiini ja \u017een\u0161enni kombinatsioonil, mida kasutatakse laialdaselt toodetes, mis on m\u00f5eldud normaalse vereringe ja f\u00fc\u00fcsilise v\u00f5imekuse toetamiseks.<\/p>\n<p data-start=\"730\" data-end=\"1176\"><strong data-start=\"730\" data-end=\"753\">Miks valida<\/strong><br data-start=\"753\" data-end=\"756\" \/><strong data-start=\"756\" data-end=\"762\">\u2714\ufe0f<\/strong> Maca, \u017een\u0161enni, tribuluse ja teiste taimede looduslikud ekstraktid meeste eluj\u00f5u toetamiseks<br data-start=\"851\" data-end=\"854\" \/><strong data-start=\"854\" data-end=\"860\">\u2714\ufe0f<\/strong> L-arginiin - aminohape, mis on seotud normaalse veresoonte funktsiooniga.<br data-start=\"942\" data-end=\"945\" \/><strong data-start=\"945\" data-end=\"951\">\u2714\ufe0f<\/strong> V\u00f5ib kombineerida koolituse ja muude meetmetega, et hoolitseda intiimse tervise eest<br data-start=\"1035\" data-end=\"1038\" \/><strong data-start=\"1038\" data-end=\"1044\">\u2714\ufe0f<\/strong> Mugav kapslivorm igap\u00e4evaseks rutiiniks<br data-start=\"1084\" data-end=\"1087\" \/><strong data-start=\"1087\" data-end=\"1093\">\u2714\ufe0f<\/strong> Ilma suhkru, kunstlike v\u00e4rv- ja l\u00f5hna- ning maitseainete vaba<\/p>","protected":false},"featured_media":43444,"comment_status":"open","ping_status":"closed","template":"","meta":{"_acf_changed":false},"product_brand":[406],"product_cat":[276,57,277],"product_tag":[],"class_list":{"0":"post-43439","1":"product","2":"type-product","3":"status-publish","4":"has-post-thumbnail","6":"product_brand-medica-group","7":"product_cat-seksualinei-sveikatai","8":"product_cat-akcijos","9":"product_cat-vyrams","11":"first","12":"instock","13":"sale","14":"shipping-taxable","15":"purchasable","16":"product-type-simple"},"acf":[],"tiered_pricing_type":"fixed","tiered_pricing_fixed_rules":[],"tiered_pricing_product_settings":{"layout":"default","base_unit_name":{"singular":null,"plural":null},"default_variation":null},"tiered_pricing_minimum_quantity":null,"tiered_pricing_roles_data":[],"tiered_pricing_percentage_rules":[],"_links":{"self":[{"href":"https:\/\/purama.lt\/ee\/wp-json\/wp\/v2\/product\/43439","targetHints":{"allow":["GET"]}}],"collection":[{"href":"https:\/\/purama.lt\/ee\/wp-json\/wp\/v2\/product"}],"about":[{"href":"https:\/\/purama.lt\/ee\/wp-json\/wp\/v2\/types\/product"}],"replies":[{"embeddable":true,"href":"https:\/\/purama.lt\/ee\/wp-json\/wp\/v2\/comments?post=43439"}],"wp:featuredmedia":[{"embeddable":true,"href":"https:\/\/purama.lt\/ee\/wp-json\/wp\/v2\/media\/43444"}],"wp:attachment":[{"href":"https:\/\/purama.lt\/ee\/wp-json\/wp\/v2\/media?parent=43439"}],"wp:term":[{"taxonomy":"product_brand","embeddable":true,"href":"https:\/\/purama.lt\/ee\/wp-json\/wp\/v2\/product_brand?post=43439"},{"taxonomy":"product_cat","embeddable":true,"href":"https:\/\/purama.lt\/ee\/wp-json\/wp\/v2\/product_cat?post=43439"},{"taxonomy":"product_tag","embeddable":true,"href":"https:\/\/purama.lt\/ee\/wp-json\/wp\/v2\/product_tag?post=43439"}],"curies":[{"name":"wp","href":"https:\/\/api.w.org\/{rel}","templated":true}]}}