{"id":43223,"date":"2025-12-05T13:41:37","date_gmt":"2025-12-05T11:41:37","guid":{"rendered":"https:\/\/purama.lt\/produktas\/purama-dovanu-kuponas-40-eur\/"},"modified":"2026-01-05T13:07:25","modified_gmt":"2026-01-05T11:07:25","slug":"purama-kinkekaart-40-euro-eest","status":"publish","type":"product","link":"https:\/\/purama.lt\/ee\/produktas\/purama-dovanu-kuponas-40-eur\/","title":{"rendered":"Purama kinkekaart 40 euro eest"},"content":{"rendered":"<p><strong>Kuidas kasutada kinkekaarti<\/strong><\/p>\n\n\n\n<ol class=\"wp-block-list\">\n<li>Valige soovitud kaup ja&nbsp;<strong>pange need oma ostukorvi<\/strong>.<\/li>\n\n\n\n<li>Mine edasi&nbsp;<strong>ostukorv<\/strong>&nbsp;v\u00f5i&nbsp;<strong>kassasse<\/strong>&nbsp;lehek\u00fclg.<\/li>\n\n\n\n<li>Kohapeal&nbsp;<strong>\u201eAllahindluskood\u201c \/ \u201eKupongi kood\u201c<\/strong>&nbsp;sisestage kinkekaardil olev kood.<\/li>\n\n\n\n<li>Kl\u00f5psake&nbsp;<strong>\u201eTaotle vaut\u0161erit\u201c<\/strong>&nbsp;- vaut\u0161eri v\u00e4\u00e4rtus arvatakse automaatselt teie ostudest maha.<\/li>\n\n\n\n<li>Kui korvi kogusumma&nbsp;<strong>\u00fcletab vaut\u0161eri v\u00e4\u00e4rtust<\/strong>, P\u00e4rast seda, kui s\u00fcsteem on allahindlust kohaldanud, saate \u00fclej\u00e4\u00e4nud summa tasuda oma valitud makseviisi abil.<\/li>\n<\/ol>\n\n\n\n<p>Kupongi kood kehtib ainult&nbsp;<strong>tellimuse kohta<\/strong>, Selleks, et kinkekaardi v\u00e4\u00e4rtus oleks v\u00f5imalikult suur, soovitame enne ostu sooritamist lisada k\u00f5ik soovitud tooted ostukorvi.<\/p>\n\n\n\n<p><strong>Kinkekaardi kasutamise eeskirjad<\/strong><\/p>\n\n\n\n<ol class=\"wp-block-list\">\n<li><strong>Kinkekaart on elektrooniline kinkekaart.<\/strong>, kaupade eest tasumiseks meie e-poes.<\/li>\n\n\n\n<li><strong>Vaut\u0161eri nimiv\u00e4\u00e4rtust ei saa jagada.<\/strong>&nbsp;mitmeks v\u00e4iksema v\u00e4\u00e4rtusega vaut\u0161eriks.<\/li>\n\n\n\n<li><strong>Kupong on \u00fchekordne.<\/strong>&nbsp;Kui vaut\u0161eri kood on ostude eest tasumiseks kasutatud, loetakse vaut\u0161er kasutatuks ja muutub kehtetuks, olenemata tegelikult kasutatud summast.<\/li>\n\n\n\n<li><strong>Voucherit ei saa lunastada sularahaks ja seda ei saa tagasi maksta.<\/strong>&nbsp;Vaut\u0161eri v\u00e4\u00e4rtuse ja broneeringu summa vahe ei kuulu tagastamisele ja seda ei saa hiljem kasutada.<\/li>\n\n\n\n<li><strong>Seda kinkekaarti ei saa kasutada teiste kinkekaartide ostmiseks.<\/strong><\/li>\n\n\n\n<li><strong>Voucheri kehtivus - 3 kuud<\/strong>&nbsp;alates omandamise kuup\u00e4evast. Voucher muutub automaatselt kehtetuks p\u00e4rast selle kehtivusaja l\u00f5ppemist.<\/li>\n\n\n\n<li><strong>Kui ostude summa \u00fcletab kinkekaardi v\u00e4\u00e4rtuse,<\/strong>&nbsp;klient saab tasuda tasumata summa oma valitud makseviisi abil.<\/li>\n\n\n\n<li><strong>Kui ostude summa on v\u00e4iksem kui vaut\u0161eri v\u00e4\u00e4rtus,<\/strong>&nbsp;Erinevust ei saa tagasi maksta ja seda ei saa kasutada teise tellimuse puhul - soovitame lisada oma ostukorvi piisavalt palju tooteid, et kasutada vaut\u0161eri v\u00e4\u00e4rtust maksimaalselt \u00e4ra.<\/li>\n<\/ol>","protected":false},"excerpt":{"rendered":"<p><strong>Kinkige armastatud inimesele<\/strong> v\u00f5imalus v\u00f5tta oma tervise, energia ja pikaealisuse eest hoolt. <strong data-start=\"91\" data-end=\"133\">Purama kinkekaardid alates 20 kuni 300 \u20ac<\/strong> - See on paindlik ja l\u00e4bim\u00f5eldud kingitus, mida saaja saab kohandada vastavalt oma vajadustele: alates v\u00e4ikesest terviserituaalist kuni t\u00e4ieliku, mitme kuu pikkuse eluea kursuseni.<\/p>\n<p>Vastuv\u00f5tja saab valida k\u00f5ige asjakohasemad. <strong data-start=\"664\" data-end=\"740\">pikaealisus, energia, une kvaliteet, immuunsus, ilu v\u00f5i \u00fcldine heaolu.<\/strong> tooted<strong> kogu Purama valikust<\/strong> - ilma arvamise ja \u201emeeldib\/ei meeldi\u201c riskita.<\/p>\n<p>E-kinkekaart saabub mugavalt teie e-kirjaga ning seda saab sekunditega v\u00e4lja printida ja f\u00fc\u00fcsiliselt v\u00e4lja anda v\u00f5i saata stiilse digitaalse kingitusena. See on praktiline, kaasaegne ja samas v\u00e4ga isiklik valik, kui soovite hoolitseda mitte ainult t\u00e4nase, vaid ka homse p\u00e4eva eest.<\/p>","protected":false},"featured_media":43230,"comment_status":"open","ping_status":"closed","template":"","meta":{"_acf_changed":false},"product_brand":[],"product_cat":[473],"product_tag":[],"class_list":{"0":"post-43223","1":"product","2":"type-product","3":"status-publish","4":"has-post-thumbnail","6":"product_cat-dovanu-kuponai","8":"first","9":"instock","10":"downloadable","11":"virtual","12":"purchasable","13":"product-type-simple"},"acf":[],"tiered_pricing_type":"fixed","tiered_pricing_fixed_rules":[],"tiered_pricing_product_settings":{"layout":"default","base_unit_name":{"singular":null,"plural":null},"default_variation":null},"tiered_pricing_minimum_quantity":null,"tiered_pricing_roles_data":[],"tiered_pricing_percentage_rules":[],"_links":{"self":[{"href":"https:\/\/purama.lt\/ee\/wp-json\/wp\/v2\/product\/43223","targetHints":{"allow":["GET"]}}],"collection":[{"href":"https:\/\/purama.lt\/ee\/wp-json\/wp\/v2\/product"}],"about":[{"href":"https:\/\/purama.lt\/ee\/wp-json\/wp\/v2\/types\/product"}],"replies":[{"embeddable":true,"href":"https:\/\/purama.lt\/ee\/wp-json\/wp\/v2\/comments?post=43223"}],"wp:featuredmedia":[{"embeddable":true,"href":"https:\/\/purama.lt\/ee\/wp-json\/wp\/v2\/media\/43230"}],"wp:attachment":[{"href":"https:\/\/purama.lt\/ee\/wp-json\/wp\/v2\/media?parent=43223"}],"wp:term":[{"taxonomy":"product_brand","embeddable":true,"href":"https:\/\/purama.lt\/ee\/wp-json\/wp\/v2\/product_brand?post=43223"},{"taxonomy":"product_cat","embeddable":true,"href":"https:\/\/purama.lt\/ee\/wp-json\/wp\/v2\/product_cat?post=43223"},{"taxonomy":"product_tag","embeddable":true,"href":"https:\/\/purama.lt\/ee\/wp-json\/wp\/v2\/product_tag?post=43223"}],"curies":[{"name":"wp","href":"https:\/\/api.w.org\/{rel}","templated":true}]}}