{"id":43204,"date":"2025-12-05T13:33:54","date_gmt":"2025-12-05T11:33:54","guid":{"rendered":"https:\/\/purama.lt\/produktas\/purama-mikrostimuliuojantis-veido-volelis\/"},"modified":"2026-04-08T21:40:41","modified_gmt":"2026-04-08T19:40:41","slug":"purama-mikrostimuleeriv-naorull","status":"publish","type":"product","link":"https:\/\/purama.lt\/ee\/produktas\/purama-mikrostimuliuojantis-veido-volelis\/","title":{"rendered":"PURAMA mikrostimuleeriv n\u00e4oruller"},"content":{"rendered":"<p><strong>Kasutamine<\/strong><br>Kandke puhtale nahale oma lemmik seerum v\u00f5i kreem, seej\u00e4rel rullige rulliga aeglaselt n\u00e4o keskelt v\u00e4ljapoole ja alt \u00fclespoole (n\u00e4gu, kael, l\u00f5uajoon), p\u00fchkides iga piirkonda 5-10 korda. <br>Kasutage 3-5 korda n\u00e4dalas m\u00f5ne minuti jooksul vastavalt vajadusele; p\u00e4rast kasutamist loputage rull maheda puhastusvahendiga ja kuivatage h\u00e4sti. <br>Mitte kasutada \u00e4rritunud, kahjustatud, aktiivselt p\u00f5letikulisel nahal, rosaatsiaga, suurte s\u00fcnnim\u00e4rkide v\u00f5i silmatorkava kapillaariv\u00f5rgustikuga. <\/p>\n\n\n\n<p><\/p>\n\n\n\n<p><\/p>","protected":false},"excerpt":{"rendered":"<p data-start=\"0\" data-end=\"689\"><strong data-start=\"16\" data-end=\"57\">Purama - mikrostimuleeriv n\u00e4oruller<\/strong> - Mikrostimuleeriv n\u00e4orull \u00f5rnaks n\u00e4omassaa\u017eiks ja igap\u00e4evaseks nahahoolduseks. Regulaarne kasutamine aitab aktiveerida pinna mikrotsirkulatsiooni ja l\u00fcmfivoolu, mille tulemuseks on s\u00e4ravam, siledam ja v\u00e4hem pundunud jume. Rull aitab seerumeid ja kreeme \u00fchtlasemalt jaotada, nii et nende toimeained puutuvad paremini nahaga kokku ja aitavad kaasa siledamale tekstuurile. \u00d5rn mehaaniline stimulatsioon p\u00f5hineb h\u00e4sti uuritud p\u00f5him\u00f5ttel, et massaa\u017e v\u00f5ib toetada naha loomulikku uuenemist ja parandada selle \u00fcldist seisundit, eriti kui seda kasutatakse koos h\u00e4sti valitud nahahooldustoodetega.<\/p>\n<p data-start=\"691\" data-end=\"1129\"><strong data-start=\"691\" data-end=\"714\">Miks valida<\/strong><br data-start=\"714\" data-end=\"717\" \/><strong data-start=\"717\" data-end=\"723\">\u2714\ufe0f<\/strong> Mikrostimuleerib \u00f5rnalt n\u00e4onahka ja stimuleerib pinna mikrotsirkulatsiooni.<br data-start=\"798\" data-end=\"801\" \/><strong data-start=\"801\" data-end=\"807\">\u2714\ufe0f<\/strong> Aitab v\u00e4hendada n\u00e4o paistetust ja visuaalseid v\u00e4simuse m\u00e4rke<br data-start=\"878\" data-end=\"881\" \/><strong data-start=\"881\" data-end=\"887\">\u2714\ufe0f<\/strong> Parandab seerumite ja kreemide jaotumist nahapinnal<br data-start=\"946\" data-end=\"949\" \/><strong data-start=\"949\" data-end=\"955\">\u2714\ufe0f<\/strong> Sobib igap\u00e4evase n\u00e4omassaa\u017ei ja enesehooldusrutiini lisamiseks.<br data-start=\"1017\" data-end=\"1020\" \/><strong data-start=\"1020\" data-end=\"1026\">\u2714\ufe0f<\/strong> Mehhaaniline vahend ilma toimeaineteta - lihtne kombineerida erinevate nahahooldussarjadega<\/p>","protected":false},"featured_media":43357,"comment_status":"open","ping_status":"closed","template":"","meta":{"_acf_changed":false},"product_brand":[405],"product_cat":[92,500,59],"product_tag":[],"class_list":{"0":"post-43204","1":"product","2":"type-product","3":"status-publish","4":"has-post-thumbnail","6":"product_brand-purama","7":"product_cat-groziui","8":"product_cat-outlet","9":"product_cat-veidui","11":"first","12":"instock","13":"sale","14":"shipping-taxable","15":"purchasable","16":"product-type-variable"},"acf":[],"tiered_pricing_type":"fixed","tiered_pricing_fixed_rules":[],"tiered_pricing_product_settings":{"layout":"default","base_unit_name":{"singular":null,"plural":null},"default_variation":null},"tiered_pricing_minimum_quantity":null,"tiered_pricing_roles_data":[],"tiered_pricing_percentage_rules":[],"_links":{"self":[{"href":"https:\/\/purama.lt\/ee\/wp-json\/wp\/v2\/product\/43204","targetHints":{"allow":["GET"]}}],"collection":[{"href":"https:\/\/purama.lt\/ee\/wp-json\/wp\/v2\/product"}],"about":[{"href":"https:\/\/purama.lt\/ee\/wp-json\/wp\/v2\/types\/product"}],"replies":[{"embeddable":true,"href":"https:\/\/purama.lt\/ee\/wp-json\/wp\/v2\/comments?post=43204"}],"wp:featuredmedia":[{"embeddable":true,"href":"https:\/\/purama.lt\/ee\/wp-json\/wp\/v2\/media\/43357"}],"wp:attachment":[{"href":"https:\/\/purama.lt\/ee\/wp-json\/wp\/v2\/media?parent=43204"}],"wp:term":[{"taxonomy":"product_brand","embeddable":true,"href":"https:\/\/purama.lt\/ee\/wp-json\/wp\/v2\/product_brand?post=43204"},{"taxonomy":"product_cat","embeddable":true,"href":"https:\/\/purama.lt\/ee\/wp-json\/wp\/v2\/product_cat?post=43204"},{"taxonomy":"product_tag","embeddable":true,"href":"https:\/\/purama.lt\/ee\/wp-json\/wp\/v2\/product_tag?post=43204"}],"curies":[{"name":"wp","href":"https:\/\/api.w.org\/{rel}","templated":true}]}}