{"id":42809,"date":"2025-11-24T09:02:04","date_gmt":"2025-11-24T07:02:04","guid":{"rendered":"https:\/\/purama.lt\/produktas\/dr-ohhira-geriamas-metinis-jurinio-kolageno-kursas\/"},"modified":"2026-04-08T09:10:35","modified_gmt":"2026-04-08T07:10:35","slug":"dr-ohhira-suuline-aastane-kursus-merekollageeni-kohta","status":"publish","type":"product","link":"https:\/\/purama.lt\/ee\/produktas\/dr-ohhira-geriamas-metinis-jurinio-kolageno-kursas\/","title":{"rendered":"DR.OHHIRA suukaudne aastane merekollageenikuur"},"content":{"rendered":"<p><strong>Tarbimine<\/strong><br>V\u00f5tke \u00fcks pudel p\u00e4evas.<br>Seda soovitatakse v\u00f5tta regulaarselt pikaajalise kursusena.<br>J\u00e4rgige pakendil olevaid juhiseid.<\/p>\n\n\n\n<p><strong>Koostisosad<\/strong><br>vesi, merekollageen, kollageeni tripeptiidid, elastiin, h\u00fcaluroonhape, c-vitamiin, koens\u00fc\u00fcm q10, fermenteeritud taimeekstrakt om-x, piimhappebakterid.<\/p>\n\n\n\n<p><strong>Toiduainete k\u00e4itlemise sertifikaat:&nbsp;<\/strong>69MTSPA-667<\/p>\n\n\n\n<p>Loe kollageeni kohta l\u00e4hemalt meie <a href=\"\/ee\/kolagenas-gidas\/\">kollageeni giid<\/a>.<\/p>","protected":false},"excerpt":{"rendered":"<p data-start=\"185\" data-end=\"881\"><strong data-start=\"201\" data-end=\"253\">DR.OHHIRA - Collagen+ Marine Drink aastane kursus<\/strong> See on <strong data-start=\"258\" data-end=\"301\">Suukaudse merekollageeni aastane kuur<\/strong>, naha, juuste ja k\u00fc\u00fcnte pikaajaliseks hooldamiseks seestpoolt. Komplektis on \u00fcksikud pudelid aastaringseks kasutamiseks, mis pakuvad mugavat ja j\u00e4rjepidevat lahendust teie igap\u00e4evaseks ilurutiiniks. Valem \u00fchendab endas <strong data-start=\"516\" data-end=\"561\">madala molekulmassiga merekollageen<\/strong>, kollageeni tripeptiidid, elastiin, h\u00fcaluroonhape, C-vitamiin, koens\u00fc\u00fcm Q10 ja <strong data-start=\"648\" data-end=\"690\">K\u00e4\u00e4ritatud taimeekstrakt OM-X<\/strong> piimhappebakteritega. C-vitamiin aitab kaasa normaalsele kollageeni tootmisele, mis on oluline naha, luude ja k\u00f5hrede tervisele, ning selle vedel vorm tagab lihtsa manustamise ja hea imendumise.<\/p>\n<p data-start=\"883\" data-end=\"1180\"><strong data-start=\"883\" data-end=\"906\">Miks valida<\/strong><br data-start=\"906\" data-end=\"909\" \/><strong data-start=\"909\" data-end=\"915\">\u2714\ufe0f<\/strong> Aastakursus - \u00fcksikud pudelid kogu aastaks<br data-start=\"966\" data-end=\"969\" \/><strong data-start=\"969\" data-end=\"975\">\u2714\ufe0f<\/strong> Merekollageen ja kollageeni tripeptiidid koos elastiiniga<br data-start=\"1029\" data-end=\"1032\" \/><strong data-start=\"1032\" data-end=\"1038\">\u2714\ufe0f<\/strong> Sisaldab h\u00fcaluroonhapet, C-vitamiini ja Q10.<br data-start=\"1085\" data-end=\"1088\" \/><strong data-start=\"1088\" data-end=\"1094\">\u2714\ufe0f<\/strong> Fermenteeritud OM-X taimeekstrakt<br data-start=\"1133\" data-end=\"1136\" \/><strong data-start=\"1136\" data-end=\"1142\">\u2714\ufe0f<\/strong> Vedel kujul - mugav igap\u00e4evaseks kasutamiseks<\/p>","protected":false},"featured_media":42799,"comment_status":"open","ping_status":"closed","template":"","meta":{"_acf_changed":false},"product_brand":[421],"product_cat":[274,57,122,273,123],"product_tag":[],"class_list":{"0":"post-42809","1":"product","2":"type-product","3":"status-publish","4":"has-post-thumbnail","6":"product_brand-dr-ohhira","7":"product_cat-odos-jaunyste","8":"product_cat-akcijos","9":"product_cat-lasteliu-jaunystei","10":"product_cat-odai-plaukams-nagams","11":"product_cat-papildai-ilgaamziskumui","13":"first","14":"instock","15":"sale","16":"shipping-taxable","17":"purchasable","18":"product-type-simple"},"acf":[],"tiered_pricing_type":"fixed","tiered_pricing_fixed_rules":[],"tiered_pricing_product_settings":{"layout":"default","base_unit_name":{"singular":null,"plural":null},"default_variation":null},"tiered_pricing_minimum_quantity":null,"tiered_pricing_roles_data":[],"tiered_pricing_percentage_rules":[],"_links":{"self":[{"href":"https:\/\/purama.lt\/ee\/wp-json\/wp\/v2\/product\/42809","targetHints":{"allow":["GET"]}}],"collection":[{"href":"https:\/\/purama.lt\/ee\/wp-json\/wp\/v2\/product"}],"about":[{"href":"https:\/\/purama.lt\/ee\/wp-json\/wp\/v2\/types\/product"}],"replies":[{"embeddable":true,"href":"https:\/\/purama.lt\/ee\/wp-json\/wp\/v2\/comments?post=42809"}],"wp:featuredmedia":[{"embeddable":true,"href":"https:\/\/purama.lt\/ee\/wp-json\/wp\/v2\/media\/42799"}],"wp:attachment":[{"href":"https:\/\/purama.lt\/ee\/wp-json\/wp\/v2\/media?parent=42809"}],"wp:term":[{"taxonomy":"product_brand","embeddable":true,"href":"https:\/\/purama.lt\/ee\/wp-json\/wp\/v2\/product_brand?post=42809"},{"taxonomy":"product_cat","embeddable":true,"href":"https:\/\/purama.lt\/ee\/wp-json\/wp\/v2\/product_cat?post=42809"},{"taxonomy":"product_tag","embeddable":true,"href":"https:\/\/purama.lt\/ee\/wp-json\/wp\/v2\/product_tag?post=42809"}],"curies":[{"name":"wp","href":"https:\/\/api.w.org\/{rel}","templated":true}]}}