{"id":42808,"date":"2025-11-24T09:02:03","date_gmt":"2025-11-24T07:02:03","guid":{"rendered":"https:\/\/purama.lt\/produktas\/more-ekologiskas-bulgarisku-roziu-tonikas-veidui-ir-plaukams\/"},"modified":"2026-04-14T09:42:00","modified_gmt":"2026-04-14T07:42:00","slug":"okoloogilisem-bulgaaria-roosi-toonik-naole-ja-juustele","status":"publish","type":"product","link":"https:\/\/purama.lt\/ee\/produktas\/more-ekologiskas-bulgarisku-roziu-tonikas-veidui-ir-plaukams\/","title":{"rendered":"MORE Orgaaniline Bulgaaria roosi toonik n\u00e4ole ja juustele"},"content":{"rendered":"<p><strong>Kasutamine<\/strong><br>Pihustage roosivett puhtale n\u00e4o- v\u00f5i kehanahale silmad kinni ja laske sisse imbuda v\u00f5i masseerige \u00f5rnalt s\u00f5rmeotstega.<br>Kasutage hommikul ja\/v\u00f5i \u00f5htul toonikuna enne seerumi, kreemi v\u00f5i SPF-i ning p\u00e4eva jooksul naha v\u00e4rskendamiseks.<br>Ainult v\u00e4liskasutuseks.<\/p>\n\n\n\n<p><strong>Koostisosad<\/strong><br>rosa damascena lillevesi, laktobatsillide ferment, tsitronellool, farnesool, geraniool, roosi\u00f5ie\u00f5li.<\/p>","protected":false},"excerpt":{"rendered":"<p data-start=\"0\" data-end=\"638\"><strong data-start=\"16\" data-end=\"47\">Veel - Bulgaaria roosivesi<\/strong> - \u00d5rn bulgaaria roosivesi n\u00e4ole ja kehale igap\u00e4evaseks naha ja juuste hooldamiseks, v\u00e4rskendamiseks ja toonimiseks. Valmistatud k\u00e4sitsi korjatud roosi\u00f5itest, on keskkonnas\u00f5bralik ja \u00f5rn isegi tundlikule nahale. Aitab eemaldada viimased ebapuhtuse j\u00e4ljed p\u00e4rast pesemist, niisutab ja valmistab nahka ette seerumi, p\u00e4evakreemi v\u00f5i p\u00e4ikesekaitsekreemi jaoks. Kerge uduvesi on p\u00e4eva jooksul meeldivalt v\u00e4rskendav ja aitab v\u00e4hendada venitustunnet ja ebamugavustunnet, \u00f5rn roosil\u00f5hn lisab v\u00e4rskust. Roosivett hinnatakse kosmeetikas selle kerge rahustava toime ja v\u00f5ime t\u00f5ttu aidata s\u00e4ilitada naha niiskustasakaalu.<\/p>\n<p data-start=\"640\" data-end=\"1003\"><strong data-start=\"640\" data-end=\"663\">Miks valida<\/strong><br data-start=\"663\" data-end=\"666\" \/>\u2714\ufe0f Orgaaniline Bulgaaria roosivesi, mis on valmistatud k\u00e4sitsi korjatud lilledest.<br data-start=\"729\" data-end=\"732\" \/>\u2714\ufe0f Sobib toonikuks k\u00f5ikidele nahat\u00fc\u00fcpidele, isegi tundlikule ja aknele kalduvale nahale.<br data-start=\"802\" data-end=\"805\" \/>\u2714\ufe0f V\u00e4rskendab, niisutab ja valmistab nahka ette seerumite, kreemide ja SPF toodete jaoks.<br data-start=\"875\" data-end=\"878\" \/>\u2714\ufe0f Kerge sprei kujul, et seda oleks mugav kasutada mis tahes kellaaegadel.<br data-start=\"945\" data-end=\"948\" \/>\u2714\ufe0f Vegan, mahe, alkoholivaba toode<\/p>","protected":false},"featured_media":42803,"comment_status":"open","ping_status":"closed","template":"","meta":{"_acf_changed":true},"product_brand":[470],"product_cat":[92,500,304,305,220,59],"product_tag":[],"class_list":{"0":"post-42808","1":"product","2":"type-product","3":"status-publish","4":"has-post-thumbnail","6":"product_brand-more","7":"product_cat-groziui","8":"product_cat-outlet","9":"product_cat-plaukams","10":"product_cat-plauku-serumai","11":"product_cat-veido-tonikai","12":"product_cat-veidui","14":"first","15":"instock","16":"sale","17":"shipping-taxable","18":"purchasable","19":"product-type-simple"},"acf":[],"tiered_pricing_type":"fixed","tiered_pricing_fixed_rules":[],"tiered_pricing_product_settings":{"layout":"default","base_unit_name":{"singular":null,"plural":null},"default_variation":null},"tiered_pricing_minimum_quantity":null,"tiered_pricing_roles_data":[],"tiered_pricing_percentage_rules":[],"_links":{"self":[{"href":"https:\/\/purama.lt\/ee\/wp-json\/wp\/v2\/product\/42808","targetHints":{"allow":["GET"]}}],"collection":[{"href":"https:\/\/purama.lt\/ee\/wp-json\/wp\/v2\/product"}],"about":[{"href":"https:\/\/purama.lt\/ee\/wp-json\/wp\/v2\/types\/product"}],"replies":[{"embeddable":true,"href":"https:\/\/purama.lt\/ee\/wp-json\/wp\/v2\/comments?post=42808"}],"wp:featuredmedia":[{"embeddable":true,"href":"https:\/\/purama.lt\/ee\/wp-json\/wp\/v2\/media\/42803"}],"wp:attachment":[{"href":"https:\/\/purama.lt\/ee\/wp-json\/wp\/v2\/media?parent=42808"}],"wp:term":[{"taxonomy":"product_brand","embeddable":true,"href":"https:\/\/purama.lt\/ee\/wp-json\/wp\/v2\/product_brand?post=42808"},{"taxonomy":"product_cat","embeddable":true,"href":"https:\/\/purama.lt\/ee\/wp-json\/wp\/v2\/product_cat?post=42808"},{"taxonomy":"product_tag","embeddable":true,"href":"https:\/\/purama.lt\/ee\/wp-json\/wp\/v2\/product_tag?post=42808"}],"curies":[{"name":"wp","href":"https:\/\/api.w.org\/{rel}","templated":true}]}}