{"id":42807,"date":"2025-11-24T09:02:02","date_gmt":"2025-11-24T07:02:02","guid":{"rendered":"https:\/\/purama.lt\/produktas\/more-naturalus-bentonito-molis-veido-odai\/"},"modified":"2026-04-10T13:03:32","modified_gmt":"2026-04-10T11:03:32","slug":"rohkem-looduslikku-bentoniitsavi-naonaha-jaoks","status":"publish","type":"product","link":"https:\/\/purama.lt\/ee\/produktas\/more-naturalus-bentonito-molis-veido-odai\/","title":{"rendered":"MORE looduslik bentoniit savi n\u00e4onahale"},"content":{"rendered":"<p><strong>Kasutamine<\/strong><br>Segage mittemetalses kausis 1-2 supilusikat\u00e4it pulbrilist savi 1-2 supilusikat\u00e4ie \u00f5unasiidri\u00e4\u00e4dika v\u00f5i leige veega, kuni moodustub \u00fchtlane pasta. <br>Kandke puhtale nahale soovitud piirkondadele, v\u00e4ltides silmade ja huulte piirkonda, seej\u00e4rel loputage hoolikalt veega.<br>Kasutage mitte rohkem kui 1-2 korda n\u00e4dalas; ainult v\u00e4lispidiseks kasutamiseks, kerge kipitustunne pealekandmise ajal on normaalne. <\/p>\n\n\n\n<p><strong>Koostisosad<\/strong><br>bentoniit<\/p>","protected":false},"excerpt":{"rendered":"<p data-start=\"0\" data-end=\"670\"><strong data-start=\"16\" data-end=\"57\">Veel - Ameerika bentoniitsavipulber<\/strong> - 100 % Looduslik kaltsiumbentoniitsavipulber n\u00e4o- ja kehamaskide jaoks, mis aitab nahka \u00f5rnalt, kuid s\u00fcgavalt puhastada. Savi on <strong data-start=\"187\" data-end=\"228\">v\u00e4ga tugev absorbeeriv m\u00f5ju<\/strong>, See aitab eemaldada liigset \u00f5li, mustust ja pindmisi ebapuhtusi, j\u00e4ttes naha visuaalselt puhtamaks ja pehmemaks. See on \u00fcheainsa koostisega, lisaainetevaba ja l\u00f5hnavaba toode, mis sobib DIY maskide ja muude v\u00e4lispidiste hoolduste jaoks. Kaltsiumbentoniitsavi on suure pindmise imavusega vulkaaniline mineraal, mist\u00f5ttu seda kasutatakse sageli rasvase ja problemaatilise naha puhul.<\/p>\n<p data-start=\"672\" data-end=\"1170\"><strong data-start=\"672\" data-end=\"695\">Miks valida<\/strong><br data-start=\"695\" data-end=\"698\" \/>\u2714\ufe0f 100 % Kaltsiumbentoniitsavi, l\u00f5hna- ja maitseainete ning muude lisaainete vaba.\u00a0<br data-start=\"796\" data-end=\"799\" \/>\u2714\ufe0f Imab liigset \u00f5li ja mustust ning aitab nahka s\u00fcgavuti puhastada.<br data-start=\"916\" data-end=\"919\" \/>\u2714\ufe0f J\u00e4tab naha pehmeks ja siledaks ning tekitab puhtuse ja v\u00e4rskuse tunde.<br data-start=\"1024\" data-end=\"1027\" \/>\u2714\ufe0f Sobib n\u00e4o-, keha- v\u00f5i peanahamaskide ja muude v\u00e4lispidiste protseduuride jaoks (ainult v\u00e4lispidiseks kasutamiseks).<\/p>","protected":false},"featured_media":42800,"comment_status":"open","ping_status":"closed","template":"","meta":{"_acf_changed":true},"product_brand":[470],"product_cat":[92,142,56,59],"product_tag":[],"class_list":{"0":"post-42807","1":"product","2":"type-product","3":"status-publish","4":"has-post-thumbnail","6":"product_brand-more","7":"product_cat-groziui","8":"product_cat-veido-kaukes","9":"product_cat-veido-serumai","10":"product_cat-veidui","12":"first","13":"instock","14":"shipping-taxable","15":"purchasable","16":"product-type-simple"},"acf":[],"tiered_pricing_type":"fixed","tiered_pricing_fixed_rules":[],"tiered_pricing_product_settings":{"layout":"default","base_unit_name":{"singular":null,"plural":null},"default_variation":null},"tiered_pricing_minimum_quantity":null,"tiered_pricing_roles_data":[],"tiered_pricing_percentage_rules":[],"_links":{"self":[{"href":"https:\/\/purama.lt\/ee\/wp-json\/wp\/v2\/product\/42807","targetHints":{"allow":["GET"]}}],"collection":[{"href":"https:\/\/purama.lt\/ee\/wp-json\/wp\/v2\/product"}],"about":[{"href":"https:\/\/purama.lt\/ee\/wp-json\/wp\/v2\/types\/product"}],"replies":[{"embeddable":true,"href":"https:\/\/purama.lt\/ee\/wp-json\/wp\/v2\/comments?post=42807"}],"wp:featuredmedia":[{"embeddable":true,"href":"https:\/\/purama.lt\/ee\/wp-json\/wp\/v2\/media\/42800"}],"wp:attachment":[{"href":"https:\/\/purama.lt\/ee\/wp-json\/wp\/v2\/media?parent=42807"}],"wp:term":[{"taxonomy":"product_brand","embeddable":true,"href":"https:\/\/purama.lt\/ee\/wp-json\/wp\/v2\/product_brand?post=42807"},{"taxonomy":"product_cat","embeddable":true,"href":"https:\/\/purama.lt\/ee\/wp-json\/wp\/v2\/product_cat?post=42807"},{"taxonomy":"product_tag","embeddable":true,"href":"https:\/\/purama.lt\/ee\/wp-json\/wp\/v2\/product_tag?post=42807"}],"curies":[{"name":"wp","href":"https:\/\/api.w.org\/{rel}","templated":true}]}}