{"id":42806,"date":"2025-11-24T09:02:01","date_gmt":"2025-11-24T07:02:01","guid":{"rendered":"https:\/\/purama.lt\/produktas\/more-ekologiskas-argano-aliejus-plaukams-ir-odai\/"},"modified":"2026-04-14T09:42:00","modified_gmt":"2026-04-14T07:42:00","slug":"rohkem-orgaanilist-argaaniaoli-juustele-ja-nahale","status":"publish","type":"product","link":"https:\/\/purama.lt\/ee\/produktas\/more-ekologiskas-argano-aliejus-plaukams-ir-odai\/","title":{"rendered":"MORE Orgaaniline argaania\u00f5li juustele ja nahale"},"content":{"rendered":"<p><strong>Kasutamine<\/strong><br>Lisage paar tilka \u00f5li peopesadesse, h\u00f5\u00f5ruge k\u00e4ed kokku ja masseerige \u00f5rnalt puhtale nahale n\u00e4ol, kehal v\u00f5i juukseotstel.<br>Kasutage vastavalt vajadusele igap\u00e4evaseks hoolduseks v\u00f5i intensiivsema maskina niiskuse ja pehmuse saavutamiseks.<br>Ainult v\u00e4liskasutuseks.<\/p>\n\n\n\n<p><strong>Koostisosad<\/strong><br>argania spinosa tuuma\u00f5li<\/p>","protected":false},"excerpt":{"rendered":"<p data-start=\"106\" data-end=\"749\"><strong data-start=\"122\" data-end=\"172\">Veel - argaania\u00f5li | 100% Orgaaniline ja k\u00fclmpressitud \u00f5li<\/strong> - 100 % Looduslik, orgaaniline ja k\u00fclmpressitud Maroko argaania\u00f5li n\u00e4ole, kehale, juustele ja k\u00fc\u00fcntele. See toidab ja pehmendab nahka \u00f5rnalt, aitab s\u00e4ilitada niiskust ning j\u00e4tab juuksed l\u00e4ikivaks ja pehmeks. \u00d5li imendub kiiresti ja ei raskenda, aidates v\u00e4hendada kuiva naha pinguldatust ja karedust. Tegemist on \u00fche koostisosaga tootega ilma l\u00f5hna- ja muude ebavajalike lisaaineteta, mis sobib enamikule nahat\u00fc\u00fcpidele, eriti kuivale ja k\u00fcpsele nahale. Looduslikult rikas E-vitamiini ja antioks\u00fcdantide poolest, kasutatakse argaania\u00f5li laialdaselt naha barj\u00e4\u00e4ri ja elastsuse s\u00e4ilitamiseks.<\/p>\n<p data-start=\"751\" data-end=\"1114\"><strong data-start=\"751\" data-end=\"774\">Miks valida<\/strong><br data-start=\"774\" data-end=\"777\" \/>\u2714\ufe0f 100 % Orgaaniline, k\u00fclmpressitud, lisaainetevaba argaania\u00f5li<br data-start=\"838\" data-end=\"841\" \/>\u2714\ufe0f Sobib n\u00e4ole, kehale, juustele ja k\u00fc\u00fcntele - universaalne toode.<br data-start=\"905\" data-end=\"908\" \/>\u2714\ufe0f Imendub kiiresti, pehmendab ja silub nahka, j\u00e4ttes juuksed l\u00e4ikivaks.<br data-start=\"984\" data-end=\"987\" data-is-only-node=\"\" \/>\u2714\ufe0f Ei sisalda l\u00f5hnaineid, parabeene, silikoone, sulfaate ega mineraal\u00f5lisid.<br data-start=\"1053\" data-end=\"1056\" \/>\u2714\ufe0f Sobib enamikule nahat\u00fc\u00fcpidele, eriti kuivale ja k\u00fcpsele nahale.<\/p>","protected":false},"featured_media":42801,"comment_status":"open","ping_status":"closed","template":"","meta":{"_acf_changed":true},"product_brand":[470],"product_cat":[92,304,59],"product_tag":[],"class_list":{"0":"post-42806","1":"product","2":"type-product","3":"status-publish","4":"has-post-thumbnail","6":"product_brand-more","7":"product_cat-groziui","8":"product_cat-plaukams","9":"product_cat-veidui","11":"first","12":"instock","13":"shipping-taxable","14":"purchasable","15":"product-type-simple"},"acf":[],"tiered_pricing_type":"fixed","tiered_pricing_fixed_rules":[],"tiered_pricing_product_settings":{"layout":"default","base_unit_name":{"singular":null,"plural":null},"default_variation":null},"tiered_pricing_minimum_quantity":null,"tiered_pricing_roles_data":[],"tiered_pricing_percentage_rules":[],"_links":{"self":[{"href":"https:\/\/purama.lt\/ee\/wp-json\/wp\/v2\/product\/42806","targetHints":{"allow":["GET"]}}],"collection":[{"href":"https:\/\/purama.lt\/ee\/wp-json\/wp\/v2\/product"}],"about":[{"href":"https:\/\/purama.lt\/ee\/wp-json\/wp\/v2\/types\/product"}],"replies":[{"embeddable":true,"href":"https:\/\/purama.lt\/ee\/wp-json\/wp\/v2\/comments?post=42806"}],"wp:featuredmedia":[{"embeddable":true,"href":"https:\/\/purama.lt\/ee\/wp-json\/wp\/v2\/media\/42801"}],"wp:attachment":[{"href":"https:\/\/purama.lt\/ee\/wp-json\/wp\/v2\/media?parent=42806"}],"wp:term":[{"taxonomy":"product_brand","embeddable":true,"href":"https:\/\/purama.lt\/ee\/wp-json\/wp\/v2\/product_brand?post=42806"},{"taxonomy":"product_cat","embeddable":true,"href":"https:\/\/purama.lt\/ee\/wp-json\/wp\/v2\/product_cat?post=42806"},{"taxonomy":"product_tag","embeddable":true,"href":"https:\/\/purama.lt\/ee\/wp-json\/wp\/v2\/product_tag?post=42806"}],"curies":[{"name":"wp","href":"https:\/\/api.w.org\/{rel}","templated":true}]}}