{"id":42805,"date":"2025-11-24T09:02:00","date_gmt":"2025-11-24T07:02:00","guid":{"rendered":"https:\/\/purama.lt\/produktas\/more-ekologiskas-saltai-spaustas-jojobos-aliejus\/"},"modified":"2026-04-14T09:42:00","modified_gmt":"2026-04-14T07:42:00","slug":"rohkem-orgaanilist-ekstra-neitsi-jojobaoli","status":"publish","type":"product","link":"https:\/\/purama.lt\/ee\/produktas\/more-ekologiskas-saltai-spaustas-jojobos-aliejus\/","title":{"rendered":"MORE Orgaaniline k\u00fclmpressitud jojoba\u00f5li"},"content":{"rendered":"<p><strong>Kasutamine<\/strong><br>Lisage paar tilka \u00f5li peopesadesse ja masseerige seda \u00f5rnalt puhtale nahale n\u00e4ol v\u00f5i kehal, juukseotstele v\u00f5i k\u00fc\u00fcnenahkadele.<br>Kasutage hommikuti ja\/v\u00f5i \u00f5htuti vastavalt vajadusele, \u00fcksi v\u00f5i p\u00e4rast toonikut ja enne kreemi.<br>Ainult v\u00e4liskasutuseks.<\/p>\n\n\n\n<p><strong>Koostisosad<\/strong><br>simmondsia chinensis seemne\u00f5li<\/p>","protected":false},"excerpt":{"rendered":"<p><strong>Veel - Jojoba\u00f5li<\/strong> - 100 % Looduslik, orgaaniline ja k\u00fclmpressitud jojoba\u00f5li n\u00e4ole, kehale ja juustele. Aitab tasakaalustada naha rasvatootmist, tagades niiskuse ja pehmuse, ilma et see koormaks v\u00f5i j\u00e4taks rasvast kihti. See multifunktsionaalne \u00f5li sobib k\u00f5ikidele nahat\u00fc\u00fcpidele, eriti kombineeritud, rasusele ja aknele kalduvale nahale, kuna selle omadused on sarnased naha loomuliku rasu omadustega. Regulaarsel kasutamisel aitab see s\u00e4ilitada naha mugavust, pinguldatust ja elastsust, leevendab kuivi laike ja hoiab \u00e4ra pinguldatuse tunde. Jojoba\u00f5li on laialdaselt hinnatud oma rahustavate ja kaitsvate omaduste ning v\u00f5ime t\u00f5ttu aidata s\u00e4ilitada nahabarj\u00e4\u00e4ri. <\/p>\n<p>Miks valida<br \/>\u2714\ufe0f 100 % looduslik, orgaaniline ja k\u00fclmpressitud jojoba\u00f5li ilma lisaaineteta.<br \/>\u2714\ufe0f Aitab tasakaalustada talitootmist ja s\u00e4ilitada niiskustasakaalu.<br \/>\u2714\ufe0f Sobib k\u00f5ikidele nahat\u00fc\u00fcpidele, isegi tundlikule ja aknele kalduvale nahale.<br \/>\u2714\ufe0f Imendub kiiresti, ei j\u00e4ta rasvast ja rasket tunnet.<br \/>\u2714\ufe0f Multifunktsionaalne - n\u00e4ole, kehale, juustele ja k\u00fc\u00fcnenahale.<\/p>","protected":false},"featured_media":42802,"comment_status":"open","ping_status":"closed","template":"","meta":{"_acf_changed":true},"product_brand":[470],"product_cat":[92,500,304,59],"product_tag":[],"class_list":{"0":"post-42805","1":"product","2":"type-product","3":"status-publish","4":"has-post-thumbnail","6":"product_brand-more","7":"product_cat-groziui","8":"product_cat-outlet","9":"product_cat-plaukams","10":"product_cat-veidui","12":"first","13":"instock","14":"sale","15":"shipping-taxable","16":"purchasable","17":"product-type-simple"},"acf":[],"tiered_pricing_type":"fixed","tiered_pricing_fixed_rules":[],"tiered_pricing_product_settings":{"layout":"default","base_unit_name":{"singular":null,"plural":null},"default_variation":null},"tiered_pricing_minimum_quantity":null,"tiered_pricing_roles_data":[],"tiered_pricing_percentage_rules":[],"_links":{"self":[{"href":"https:\/\/purama.lt\/ee\/wp-json\/wp\/v2\/product\/42805","targetHints":{"allow":["GET"]}}],"collection":[{"href":"https:\/\/purama.lt\/ee\/wp-json\/wp\/v2\/product"}],"about":[{"href":"https:\/\/purama.lt\/ee\/wp-json\/wp\/v2\/types\/product"}],"replies":[{"embeddable":true,"href":"https:\/\/purama.lt\/ee\/wp-json\/wp\/v2\/comments?post=42805"}],"wp:featuredmedia":[{"embeddable":true,"href":"https:\/\/purama.lt\/ee\/wp-json\/wp\/v2\/media\/42802"}],"wp:attachment":[{"href":"https:\/\/purama.lt\/ee\/wp-json\/wp\/v2\/media?parent=42805"}],"wp:term":[{"taxonomy":"product_brand","embeddable":true,"href":"https:\/\/purama.lt\/ee\/wp-json\/wp\/v2\/product_brand?post=42805"},{"taxonomy":"product_cat","embeddable":true,"href":"https:\/\/purama.lt\/ee\/wp-json\/wp\/v2\/product_cat?post=42805"},{"taxonomy":"product_tag","embeddable":true,"href":"https:\/\/purama.lt\/ee\/wp-json\/wp\/v2\/product_tag?post=42805"}],"curies":[{"name":"wp","href":"https:\/\/api.w.org\/{rel}","templated":true}]}}