{"id":42351,"date":"2025-11-14T15:14:20","date_gmt":"2025-11-14T13:14:20","guid":{"rendered":"https:\/\/purama.lt\/produktas\/medica-group-super-orgasm-stop-kapsules-rinkinys\/"},"modified":"2026-04-13T16:51:32","modified_gmt":"2026-04-13T14:51:32","slug":"medica-group-super-orgasm-stop-kapslite-komplekt","status":"publish","type":"product","link":"https:\/\/purama.lt\/ee\/produktas\/medica-group-super-orgasm-stop-kapsules-rinkinys\/","title":{"rendered":"MEDICA GROUP Super orgasmi stoppkapslite komplekt"},"content":{"rendered":"<p><strong>Tarbimine<\/strong><br>V\u00f5tke 1 kapsel 2 korda p\u00e4evas koos v\u00e4ikese koguse veega.<br>Parimate tulemuste saavutamiseks v\u00f5tke kapsleid regulaarselt kogu 3-kuulist kursust.<br>\u00c4rge \u00fcletage soovitatud p\u00e4evast annust; toidulisand ei asenda tasakaalustatud toitumist ja tervislikku eluviisi; hoidke lastele k\u00e4ttesaamatus kohas.<\/p>\n\n\n\n<p><strong>Koostisosad<\/strong><br>maca ekstrakt, L-arginiin, \u017eelatiin, sarsaparilla ekstrakt, tribulus terrestris ekstrakt, ameerika \u017een\u0161enni ekstrakt, avena sativa ekstrakt, mikrokristalliline tselluloos.<\/p>\n\n\n\n<p><strong>Toiduainete k\u00e4itlemise sertifikaat:\u00a0<\/strong>69MTSPA-667<\/p>","protected":false},"excerpt":{"rendered":"<p data-start=\"0\" data-end=\"783\"><strong data-start=\"16\" data-end=\"60\">Medica-Group - SuperOrgasm Stop kapslid<\/strong> Kit - spetsiaalselt meestele m\u00f5eldud kapslid t\u00e4ielikuks <strong data-start=\"128\" data-end=\"148\">3 kuu pikkuse kursuse puhul<\/strong> ejakulatsiooni kontrollimiseks ja kvaliteetsema intiimse elu toetamiseks. Komplekt tuleb kolmes eraldi pakendis, nii et saate kogu kursuse jaoks vajaliku koguse korraga, ilma katkestusteta ja ilma lisatellimusteta. Valem kombineerib taimseid ekstrakte, aminohapet L-arginiini ja teisi toimeaineid, et toetada normaalset vereringet, seksuaalset vastupidavust, emotsionaalset tasakaalu ja enesekindlust. Regulaarne kasutamine v\u00f5ib aidata muuta ejakulatsiooni paremini hallatavaks, aidata teil nautida intiimsust kauem ja v\u00e4hendada pinget enne vahekorda. L-arginiin osaleb l\u00e4mmastikoksiidi s\u00fcnteesis, mis on oluline normaalse vereringe s\u00e4ilitamiseks.<\/p>\n<p data-start=\"785\" data-end=\"1282\"><strong data-start=\"785\" data-end=\"808\">Miks valida<\/strong><br data-start=\"808\" data-end=\"811\" \/><strong data-start=\"811\" data-end=\"817\">\u2714\ufe0f<\/strong> T\u00e4ielik 3-kuuline kuur \u00fches komplektis \u2013 3 pakendit j\u00e4rjepidevaks kasutamiseks<br data-start=\"894\" data-end=\"897\" \/><strong data-start=\"897\" data-end=\"903\">\u2714\ufe0f<\/strong> Sisalduses olevad taimeekstraktid ja L-arginiin aitavad toetada seksuaalset vastupidavust ja energiataset<br data-start=\"1007\" data-end=\"1010\" \/><strong data-start=\"1010\" data-end=\"1016\">\u2714\ufe0f<\/strong> V\u00f5ib aidata paremini kontrollida ejakulatsiooni ja kauem nautida intiimseid suhteid<br data-start=\"1096\" data-end=\"1099\" \/><strong data-start=\"1099\" data-end=\"1105\">\u2714\ufe0f<\/strong> Avena sativa ja \u017een\u0161enni ekstraktid aitavad hoida emotsionaalset tasakaalu ja \u00fcldist eluj\u00f5ulisust<br data-start=\"1200\" data-end=\"1203\" \/><strong data-start=\"1203\" data-end=\"1209\">\u2714\ufe0f<\/strong> Mugav kapslivorm igap\u00e4evaseks kasutamiseks, mida on lihtne lisada oma rutiini<\/p>","protected":false},"featured_media":42356,"comment_status":"open","ping_status":"closed","template":"","meta":{"_acf_changed":true},"product_brand":[406],"product_cat":[276,57,393,277],"product_tag":[],"class_list":{"0":"post-42351","1":"product","2":"type-product","3":"status-publish","4":"has-post-thumbnail","6":"product_brand-medica-group","7":"product_cat-seksualinei-sveikatai","8":"product_cat-akcijos","9":"product_cat-dovanu-rinkiniai","10":"product_cat-vyrams","12":"first","13":"instock","14":"sale","15":"shipping-taxable","16":"purchasable","17":"product-type-simple"},"acf":[],"tiered_pricing_type":"fixed","tiered_pricing_fixed_rules":[],"tiered_pricing_product_settings":{"layout":"default","base_unit_name":{"singular":null,"plural":null},"default_variation":null},"tiered_pricing_minimum_quantity":null,"tiered_pricing_roles_data":[],"tiered_pricing_percentage_rules":[],"_links":{"self":[{"href":"https:\/\/purama.lt\/ee\/wp-json\/wp\/v2\/product\/42351","targetHints":{"allow":["GET"]}}],"collection":[{"href":"https:\/\/purama.lt\/ee\/wp-json\/wp\/v2\/product"}],"about":[{"href":"https:\/\/purama.lt\/ee\/wp-json\/wp\/v2\/types\/product"}],"replies":[{"embeddable":true,"href":"https:\/\/purama.lt\/ee\/wp-json\/wp\/v2\/comments?post=42351"}],"wp:featuredmedia":[{"embeddable":true,"href":"https:\/\/purama.lt\/ee\/wp-json\/wp\/v2\/media\/42356"}],"wp:attachment":[{"href":"https:\/\/purama.lt\/ee\/wp-json\/wp\/v2\/media?parent=42351"}],"wp:term":[{"taxonomy":"product_brand","embeddable":true,"href":"https:\/\/purama.lt\/ee\/wp-json\/wp\/v2\/product_brand?post=42351"},{"taxonomy":"product_cat","embeddable":true,"href":"https:\/\/purama.lt\/ee\/wp-json\/wp\/v2\/product_cat?post=42351"},{"taxonomy":"product_tag","embeddable":true,"href":"https:\/\/purama.lt\/ee\/wp-json\/wp\/v2\/product_tag?post=42351"}],"curies":[{"name":"wp","href":"https:\/\/api.w.org\/{rel}","templated":true}]}}