{"id":42350,"date":"2025-11-14T15:14:19","date_gmt":"2025-11-14T13:14:19","guid":{"rendered":"https:\/\/purama.lt\/produktas\/medica-group-krutu-didinimo-kapsules-rinkinys\/"},"modified":"2026-04-13T16:51:47","modified_gmt":"2026-04-13T14:51:47","slug":"medica-group-rindade-suurendamise-kapslite-komplekt","status":"publish","type":"product","link":"https:\/\/purama.lt\/ee\/produktas\/medica-group-krutu-didinimo-kapsules-rinkinys\/","title":{"rendered":"MEDICA GROUP BiggerBust Rindade suurendamise kapslite komplekt"},"content":{"rendered":"<p><strong>Tarbimine<\/strong><br>Soovitatav on v\u00f5tta 3 kapslit p\u00e4evas koos rohke veega.<br>Maksimaalse toime saavutamiseks j\u00e4tkake kursust v\u00e4hemalt 3 kuud ilma pausita.<br>\u00c4rge \u00fcletage etten\u00e4htud p\u00e4evast annust; toidulisand ei asenda tasakaalustatud toitumist ja tervislikku eluviisi. Hoida lastest eemal.<\/p>\n\n\n\n<p><strong>Koostisosad<\/strong><br>humalaekstrakt, \u017eelatiin, punase ristiku ekstrakt (standarditud 8 % isoflavooni), tatar, soja, mais, oder, rukis, \u00f5unakiud, mikrokristalliline tselluloos, rasvhapete magneesiumsoolad, r\u00e4nidioksiid.<\/p>\n\n\n\n<p><strong>Toiduainete k\u00e4itlemise sertifikaat:\u00a0<\/strong>69MTSPA-667<\/p>","protected":false},"excerpt":{"rendered":"<p data-start=\"0\" data-end=\"690\"><strong data-start=\"16\" data-end=\"54\">Medica-Group - BiggerBust kapslid<\/strong> Komplekt on kapslite komplekt, mis on m\u00f5eldud naistele, et j\u00e4rjepidevalt <strong data-start=\"117\" data-end=\"137\">3 kuu pikkuse kursuse puhul<\/strong> rindade joonte ja naha pinguldamise puhul rinnapiirkonnas. Komplekt koosneb kolmest pakendist, nii et saate osta kogu kuuri \u00fche ostuga ja kasutada seda pidevalt. Taimeekstraktid, sealhulgas humal ja punane ristik, aitavad toetada naiselikku arengut, naha elastsust ja toonust rinnal. Regulaarne kasutamine v\u00f5ib aidata kaasa t\u00e4ielikumale, siledamale ja visuaalselt tugevamale rinnapiirkonnale, samas kui taimsed koostisosad pakuvad \u00f5rna, mitteinvasiivset alternatiivi iluhooldusele.<\/p>\n<p data-start=\"692\" data-end=\"1102\"><strong data-start=\"692\" data-end=\"715\">Miks valida<\/strong><br data-start=\"715\" data-end=\"718\" \/>\u2714\ufe0f T\u00e4ielik 3-kuuline kursus - 3 pakendit \u00fches komplektis j\u00e4rjepidevate tulemuste saavutamiseks.<br data-start=\"797\" data-end=\"800\" \/>\u2714\ufe0f Taimsed ekstraktid, sealhulgas f\u00fcto\u00f6strogeenide allikad, naise figuuri toetamiseks.<br data-start=\"891\" data-end=\"894\" \/>\u2714\ufe0f Aitab s\u00e4ilitada rindade piirkonna elastsust, toonust ja tugevust.<br data-start=\"972\" data-end=\"975\" \/>\u2714\ufe0f Looduslik, kapsli kujul - ilma invasiivsete v\u00f5i kirurgiliste protseduurideta.<br data-start=\"1042\" data-end=\"1045\" \/>\u2714\ufe0f Mugav lisada oma igap\u00e4evasesse ilu- ja heaolurutiini.<\/p>","protected":false},"featured_media":42355,"comment_status":"open","ping_status":"closed","template":"","meta":{"_acf_changed":true},"product_brand":[406],"product_cat":[276,57,393,278],"product_tag":[],"class_list":{"0":"post-42350","1":"product","2":"type-product","3":"status-publish","4":"has-post-thumbnail","6":"product_brand-medica-group","7":"product_cat-seksualinei-sveikatai","8":"product_cat-akcijos","9":"product_cat-dovanu-rinkiniai","10":"product_cat-moterims","12":"first","13":"instock","14":"sale","15":"shipping-taxable","16":"purchasable","17":"product-type-simple"},"acf":[],"tiered_pricing_type":"fixed","tiered_pricing_fixed_rules":[],"tiered_pricing_product_settings":{"layout":"default","base_unit_name":{"singular":null,"plural":null},"default_variation":null},"tiered_pricing_minimum_quantity":null,"tiered_pricing_roles_data":[],"tiered_pricing_percentage_rules":[],"_links":{"self":[{"href":"https:\/\/purama.lt\/ee\/wp-json\/wp\/v2\/product\/42350","targetHints":{"allow":["GET"]}}],"collection":[{"href":"https:\/\/purama.lt\/ee\/wp-json\/wp\/v2\/product"}],"about":[{"href":"https:\/\/purama.lt\/ee\/wp-json\/wp\/v2\/types\/product"}],"replies":[{"embeddable":true,"href":"https:\/\/purama.lt\/ee\/wp-json\/wp\/v2\/comments?post=42350"}],"wp:featuredmedia":[{"embeddable":true,"href":"https:\/\/purama.lt\/ee\/wp-json\/wp\/v2\/media\/42355"}],"wp:attachment":[{"href":"https:\/\/purama.lt\/ee\/wp-json\/wp\/v2\/media?parent=42350"}],"wp:term":[{"taxonomy":"product_brand","embeddable":true,"href":"https:\/\/purama.lt\/ee\/wp-json\/wp\/v2\/product_brand?post=42350"},{"taxonomy":"product_cat","embeddable":true,"href":"https:\/\/purama.lt\/ee\/wp-json\/wp\/v2\/product_cat?post=42350"},{"taxonomy":"product_tag","embeddable":true,"href":"https:\/\/purama.lt\/ee\/wp-json\/wp\/v2\/product_tag?post=42350"}],"curies":[{"name":"wp","href":"https:\/\/api.w.org\/{rel}","templated":true}]}}