{"id":42349,"date":"2025-11-14T15:14:18","date_gmt":"2025-11-14T13:14:18","guid":{"rendered":"https:\/\/purama.lt\/produktas\/medica-group-stiprios-erekcijos-kapsules-rinkinys\/"},"modified":"2026-04-13T16:52:08","modified_gmt":"2026-04-13T14:52:08","slug":"medica-grupi-tugev-erektsioonikapslite-komplekt","status":"publish","type":"product","link":"https:\/\/purama.lt\/ee\/produktas\/medica-group-stiprios-erekcijos-kapsules-rinkinys\/","title":{"rendered":"MEDICA GROUP BigErection Tugeva erektsiooni kapslite komplekt"},"content":{"rendered":"<p><strong>Tarbimine<\/strong><br>V\u00f5tke 1 kapsel 2 korda p\u00e4evas koos veega.<br>\u00c4rge v\u00f5tke rohkem kui 2 kapslit p\u00e4evas; toidulisand ei asenda tasakaalustatud toitumist ja tervislikku eluviisi.<br>Ei soovitata lastele, rasedatele ja imetavatele naistele; konsulteerige oma arstiga, kui te v\u00f5tate antikoagulante v\u00f5i antidiabeetilisi ravimeid.<\/p>\n\n\n\n<p><strong>Koostisained:<\/strong>&nbsp;L-arginiin, \u017eelatiin, Ameerika \u017een\u0161enni ekstrakt, Maca juurte ekstrakt, Sarsaparilla juurte ekstrakt, Tribulus Terrestris seemnete ekstrakt, Black Sativa seemnete ekstrakt, t\u00e4iteaine: mikrokristalliline tselluloos.<\/p>\n\n\n\n<p><strong>Toiduainete k\u00e4itlemise sertifikaat:\u00a0<\/strong>69MTSPA-667<\/p>","protected":false},"excerpt":{"rendered":"<p data-start=\"0\" data-end=\"631\"><strong data-start=\"16\" data-end=\"55\">Medica-Group - BigErection kapslid<\/strong> t\u00e4ielik komplekt on t\u00e4ielik <strong data-start=\"78\" data-end=\"98\">3 kuu pikkune kursus<\/strong> meestele, kes soovivad j\u00e4rjepidevalt s\u00e4ilitada tugevamat erektsiooni, vastupidavust ja seksuaalset energiat. Komplekt koosneb kolmest eraldi pakendist, nii et saate kogu kursuse jaoks vajaliku koguse korraga, ilma katkestuste ja lisatellimusteta. L-arginiini ja taimsete ekstraktide k\u00f5rge kontsentratsiooni kombinatsioon aitab toetada normaalset vereringet, \u00fcldist eluj\u00f5udu ja libiidot ning regulaarne kasutamine v\u00f5ib aidata kaasa intensiivsematele tunnetele intiimsuse ajal. Valem p\u00f5hineb h\u00e4sti uuritud L-arginiinil ja standardiseeritud ekstraktidel kuni 20:1 kontsentratsioonini.<\/p>\n<p data-start=\"633\" data-end=\"1132\"><strong data-start=\"633\" data-end=\"656\">Miks valida<\/strong><br data-start=\"656\" data-end=\"659\" \/><strong data-start=\"659\" data-end=\"665\">\u2714\ufe0f<\/strong> T\u00e4ielik 3-kuuline kuur \u00fches komplektis \u2013 3 pakendit j\u00e4rjepidevaks kasutamiseks<br data-start=\"742\" data-end=\"745\" \/><strong data-start=\"745\" data-end=\"751\">\u2714\ufe0f<\/strong> L-arginiin ja taimsed ekstraktid, mis toetavad normaalset vereringet, energiat ja meeste eluj\u00f5udu.<br data-start=\"856\" data-end=\"859\" \/><strong data-start=\"859\" data-end=\"865\">\u2714\ufe0f<\/strong> Aitab s\u00e4ilitada erektsiooni, libiido ja vastupidavust intiimse vahekorra ajal<br data-start=\"933\" data-end=\"936\" \/><strong data-start=\"936\" data-end=\"942\">\u2714\ufe0f<\/strong> K\u00f5rge toimeainete kontsentratsioon (kuni 20:1) mugavas kapslis igap\u00e4evaseks kasutamiseks.<br data-start=\"1033\" data-end=\"1036\" \/><strong data-start=\"1036\" data-end=\"1042\">\u2714\ufe0f<\/strong> Sobib mugavalt koos BigErection geeli v\u00f5i muude v\u00e4liste meetmetega, kui seda kasutatakse<\/p>","protected":false},"featured_media":42352,"comment_status":"open","ping_status":"closed","template":"","meta":{"_acf_changed":true},"product_brand":[406],"product_cat":[276,57,393,277],"product_tag":[],"class_list":{"0":"post-42349","1":"product","2":"type-product","3":"status-publish","4":"has-post-thumbnail","6":"product_brand-medica-group","7":"product_cat-seksualinei-sveikatai","8":"product_cat-akcijos","9":"product_cat-dovanu-rinkiniai","10":"product_cat-vyrams","12":"first","13":"instock","14":"sale","15":"shipping-taxable","16":"purchasable","17":"product-type-simple"},"acf":[],"tiered_pricing_type":"fixed","tiered_pricing_fixed_rules":[],"tiered_pricing_product_settings":{"layout":"default","base_unit_name":{"singular":null,"plural":null},"default_variation":null},"tiered_pricing_minimum_quantity":null,"tiered_pricing_roles_data":[],"tiered_pricing_percentage_rules":[],"_links":{"self":[{"href":"https:\/\/purama.lt\/ee\/wp-json\/wp\/v2\/product\/42349","targetHints":{"allow":["GET"]}}],"collection":[{"href":"https:\/\/purama.lt\/ee\/wp-json\/wp\/v2\/product"}],"about":[{"href":"https:\/\/purama.lt\/ee\/wp-json\/wp\/v2\/types\/product"}],"replies":[{"embeddable":true,"href":"https:\/\/purama.lt\/ee\/wp-json\/wp\/v2\/comments?post=42349"}],"wp:featuredmedia":[{"embeddable":true,"href":"https:\/\/purama.lt\/ee\/wp-json\/wp\/v2\/media\/42352"}],"wp:attachment":[{"href":"https:\/\/purama.lt\/ee\/wp-json\/wp\/v2\/media?parent=42349"}],"wp:term":[{"taxonomy":"product_brand","embeddable":true,"href":"https:\/\/purama.lt\/ee\/wp-json\/wp\/v2\/product_brand?post=42349"},{"taxonomy":"product_cat","embeddable":true,"href":"https:\/\/purama.lt\/ee\/wp-json\/wp\/v2\/product_cat?post=42349"},{"taxonomy":"product_tag","embeddable":true,"href":"https:\/\/purama.lt\/ee\/wp-json\/wp\/v2\/product_tag?post=42349"}],"curies":[{"name":"wp","href":"https:\/\/api.w.org\/{rel}","templated":true}]}}