{"id":42347,"date":"2025-11-14T15:14:16","date_gmt":"2025-11-14T13:14:16","guid":{"rendered":"https:\/\/purama.lt\/produktas\/donotage-grynas-fisetinas\/"},"modified":"2026-04-14T14:29:28","modified_gmt":"2026-04-14T12:29:28","slug":"donotage-puhas-fisetiin","status":"publish","type":"product","link":"https:\/\/purama.lt\/ee\/produktas\/donotage-grynas-fisetinas\/","title":{"rendered":"DoNotAge Pure Fisetin kapslid (366 kapslit)"},"content":{"rendered":"<p><strong>Toiduainete k\u00e4itlemise sertifikaat:&nbsp;<\/strong>69MTSPA-667<\/p>\n\n\n\n<p><strong>Tarbimine<\/strong><br>2 kapslit p\u00e4evas koos toiduga ja rasvaallikaga, eelistatavalt hommikul v\u00f5i varasel p\u00e4rastl\u00f5unal.<br>Kui te v\u00f5tate retseptiravimeid v\u00f5i teil on tervislik seisund, konsulteerige enne kasutamist tervishoiut\u00f6\u00f6tajaga.<br>Raseduse v\u00f5i imetamise ajal ja lastel - kasutada ainult p\u00e4rast arstiga konsulteerimist.<\/p>\n\n\n\n<p><strong>Koostisosad<\/strong><br>fisetiin, h\u00fcpromelloos (hpmc)<\/p>","protected":false},"excerpt":{"rendered":"<p data-start=\"0\" data-end=\"550\"><strong data-start=\"16\" data-end=\"47\">Puhas fisetiin<\/strong> Toidulisand kapslites koos <strong data-start=\"78\" data-end=\"96\">puhas fisetiin<\/strong> - taimse p\u00e4ritoluga flavonoid, mille rolli rakkude vananemisprotsessides on laialdaselt uuritud. Puhas koostis ilma ebavajalike lisanditeta on m\u00f5eldud igap\u00e4evaseks kasutamiseks, aidates kaasa <strong data-start=\"302\" data-end=\"355\">s\u00e4ilitada rakkude kaitset oks\u00fcdatiivse stressi eest<\/strong>, <strong data-start=\"357\" data-end=\"385\">terve p\u00f5letikuline reaktsioon<\/strong>, kognitiivset funktsiooni ja \u00fcldist pikaajalist heaolu. Kapslid on vegan, GMO-vabad, ilma t\u00e4ite- ja s\u00e4ilitusaineteta ning kvaliteedikontrollitud vastavalt rangetele tootmisstandarditele.<\/p>\n<p data-start=\"552\" data-end=\"840\"><strong data-start=\"552\" data-end=\"575\">Miks valida<\/strong><br data-start=\"575\" data-end=\"578\" \/><strong data-start=\"578\" data-end=\"584\">\u2714\ufe0f<\/strong> ainult fisetiin ja taimne kapsel - ei mingeid t\u00e4iteaineid, sideaineid ega s\u00e4ilitusaineid.<br data-start=\"654\" data-end=\"657\" \/><strong data-start=\"657\" data-end=\"663\">\u2714\ufe0f<\/strong> vegan ja GMO-vaba koostis<br data-start=\"691\" data-end=\"694\" \/><strong data-start=\"694\" data-end=\"700\">\u2714\ufe0f<\/strong> m\u00f5eldud igap\u00e4evaseks kasutamiseks, soovitatav koos rasvaallikaga<br data-start=\"774\" data-end=\"777\" \/><strong data-start=\"777\" data-end=\"783\">\u2714\ufe0f<\/strong> kvaliteeti ja puhtust kontrollitakse rangete standardite kohaselt<\/p>","protected":false},"featured_media":42354,"comment_status":"open","ping_status":"closed","template":"","meta":{"_acf_changed":false},"product_brand":[242],"product_cat":[122,257,500,123,249,256],"product_tag":[],"class_list":{"0":"post-42347","1":"product","2":"type-product","3":"status-publish","4":"has-post-thumbnail","6":"product_brand-donotage","7":"product_cat-lasteliu-jaunystei","8":"product_cat-atmintis-ir-demesys","9":"product_cat-outlet","10":"product_cat-papildai-ilgaamziskumui","11":"product_cat-senolitikai","12":"product_cat-smegenims-ir-atminciai","14":"first","15":"instock","16":"sale","17":"shipping-taxable","18":"purchasable","19":"product-type-simple"},"acf":[],"tiered_pricing_type":"fixed","tiered_pricing_fixed_rules":[],"tiered_pricing_product_settings":{"layout":"default","base_unit_name":{"singular":null,"plural":null},"default_variation":null},"tiered_pricing_minimum_quantity":null,"tiered_pricing_roles_data":[],"tiered_pricing_percentage_rules":[],"_links":{"self":[{"href":"https:\/\/purama.lt\/ee\/wp-json\/wp\/v2\/product\/42347","targetHints":{"allow":["GET"]}}],"collection":[{"href":"https:\/\/purama.lt\/ee\/wp-json\/wp\/v2\/product"}],"about":[{"href":"https:\/\/purama.lt\/ee\/wp-json\/wp\/v2\/types\/product"}],"replies":[{"embeddable":true,"href":"https:\/\/purama.lt\/ee\/wp-json\/wp\/v2\/comments?post=42347"}],"wp:featuredmedia":[{"embeddable":true,"href":"https:\/\/purama.lt\/ee\/wp-json\/wp\/v2\/media\/42354"}],"wp:attachment":[{"href":"https:\/\/purama.lt\/ee\/wp-json\/wp\/v2\/media?parent=42347"}],"wp:term":[{"taxonomy":"product_brand","embeddable":true,"href":"https:\/\/purama.lt\/ee\/wp-json\/wp\/v2\/product_brand?post=42347"},{"taxonomy":"product_cat","embeddable":true,"href":"https:\/\/purama.lt\/ee\/wp-json\/wp\/v2\/product_cat?post=42347"},{"taxonomy":"product_tag","embeddable":true,"href":"https:\/\/purama.lt\/ee\/wp-json\/wp\/v2\/product_tag?post=42347"}],"curies":[{"name":"wp","href":"https:\/\/api.w.org\/{rel}","templated":true}]}}