{"id":42125,"date":"2025-11-11T09:03:55","date_gmt":"2025-11-11T07:03:55","guid":{"rendered":"https:\/\/purama.lt\/produktas\/purama-vasko-plauku-piestukas\/"},"modified":"2026-04-14T09:42:00","modified_gmt":"2026-04-14T07:42:00","slug":"purama-vaha-juuksepatsid","status":"publish","type":"product","link":"https:\/\/purama.lt\/ee\/produktas\/purama-vasko-plauku-piestukas\/","title":{"rendered":"PURAMA vaha juuksepliiats"},"content":{"rendered":"<p><strong>Kasutamine<\/strong><br>&nbsp;Kandke otse aladele, mida soovite hallata v\u00f5i viimistleda; jagage s\u00f5rmedega vastavalt vajadusele, et lisada tekstuuri ja kuju. Ainult v\u00e4lispidiseks kasutamiseks; v\u00e4ltige kokkupuudet silmadega. Naha\u00e4rrituse korral katkestada kasutamine; hoida lastele k\u00e4ttesaamatus kohas jahedas ja kuivas kohas.<br><strong>Koostisosad<\/strong><br>&nbsp;vaseliin, mikrokristalliline vaha, pol\u00fcisobuteen, kookos\u00f5li peg-10 estrid, diatoomimuld, maisit\u00e4rklis, r\u00e4nidioksiid, s\u00fcnteetiline vaha, parf\u00fc\u00fcm, butyrospermum parkii v\u00f5i, tokoferool, persea gratissima (avokaado) \u00f5li, argania spinosa tuuma\u00f5li.<\/p>\n\n\n\n<p><\/p>\n\n\n\n<p><\/p>","protected":false},"excerpt":{"rendered":"<p data-start=\"0\" data-end=\"628\"><strong data-start=\"16\" data-end=\"43\">Purama - juuksevaha pulk<\/strong> Kompaktne vahapliiats aitab sul kiiresti ohjeldada lendu ja beebikarvu, siluda kontuure ja anda puhas v\u00e4limus. Pliiatsi kuju v\u00f5imaldab <strong data-start=\"214\" data-end=\"232\">t\u00e4pne rakendamine<\/strong> ilma kleepuvuse ja valgete j\u00e4\u00e4kideta, samas kui mikrokristalliline vaha ja pol\u00fcisobuteen tagavad fikseerituse ja sileduse. Sheav\u00f5i ning avokaado- ja argaania\u00f5li koostis pehmendavad ja annavad peene l\u00e4ike. Sobib igap\u00e4evaseks kasutamiseks, nii lokkide kui ka peente juuste stiilimiseks. P\u00f5hineb laialdaselt kasutatavate vahade ja \u00f5lide kombinatsioonil, mis aitavad siluda ja taltsutada s\u00e4ritust.<\/p>\n<p data-start=\"630\" data-end=\"904\"><strong data-start=\"630\" data-end=\"653\">Miks valida<\/strong><br data-start=\"653\" data-end=\"656\" \/>\u2714\ufe0f Mugav pliiats t\u00e4pseks pealekandmiseks ja kontuuri silumiseks<br data-start=\"717\" data-end=\"720\" \/>\u2714\ufe0f Kiiresti taltsutab beebi juukseid ja lendlevaid juukseid.<br data-start=\"777\" data-end=\"780\" \/>\u2714\ufe0f Mitte kleepuv, kerge tekstuur, millel on loomulik l\u00e4ige.<br data-start=\"830\" data-end=\"833\" data-is-only-node=\"\" \/>\u2714\ufe0f Hooldav koostis shea-, avokaado- ja argaania\u00f5liga.<\/p>","protected":false},"featured_media":42111,"comment_status":"open","ping_status":"closed","template":"","meta":{"_acf_changed":false},"product_brand":[405],"product_cat":[304,57,92],"product_tag":[],"class_list":{"0":"post-42125","1":"product","2":"type-product","3":"status-publish","4":"has-post-thumbnail","6":"product_brand-purama","7":"product_cat-plaukams","8":"product_cat-akcijos","9":"product_cat-groziui","11":"first","12":"instock","13":"sale","14":"shipping-taxable","15":"purchasable","16":"product-type-simple"},"acf":[],"tiered_pricing_type":"fixed","tiered_pricing_fixed_rules":[],"tiered_pricing_product_settings":{"layout":"default","base_unit_name":{"singular":null,"plural":null},"default_variation":null},"tiered_pricing_minimum_quantity":null,"tiered_pricing_roles_data":[],"tiered_pricing_percentage_rules":[],"_links":{"self":[{"href":"https:\/\/purama.lt\/ee\/wp-json\/wp\/v2\/product\/42125","targetHints":{"allow":["GET"]}}],"collection":[{"href":"https:\/\/purama.lt\/ee\/wp-json\/wp\/v2\/product"}],"about":[{"href":"https:\/\/purama.lt\/ee\/wp-json\/wp\/v2\/types\/product"}],"replies":[{"embeddable":true,"href":"https:\/\/purama.lt\/ee\/wp-json\/wp\/v2\/comments?post=42125"}],"wp:featuredmedia":[{"embeddable":true,"href":"https:\/\/purama.lt\/ee\/wp-json\/wp\/v2\/media\/42111"}],"wp:attachment":[{"href":"https:\/\/purama.lt\/ee\/wp-json\/wp\/v2\/media?parent=42125"}],"wp:term":[{"taxonomy":"product_brand","embeddable":true,"href":"https:\/\/purama.lt\/ee\/wp-json\/wp\/v2\/product_brand?post=42125"},{"taxonomy":"product_cat","embeddable":true,"href":"https:\/\/purama.lt\/ee\/wp-json\/wp\/v2\/product_cat?post=42125"},{"taxonomy":"product_tag","embeddable":true,"href":"https:\/\/purama.lt\/ee\/wp-json\/wp\/v2\/product_tag?post=42125"}],"curies":[{"name":"wp","href":"https:\/\/api.w.org\/{rel}","templated":true}]}}