{"id":42124,"date":"2025-11-11T09:03:54","date_gmt":"2025-11-11T07:03:54","guid":{"rendered":"https:\/\/purama.lt\/produktas\/wally-and-whiz-vyno-guminuku-kaledinis-rinkinys-meile\/"},"modified":"2026-04-22T12:22:37","modified_gmt":"2026-04-22T10:22:37","slug":"wally-ja-whiz-veinikummid-joulukomplekt-armastus","status":"publish","type":"product","link":"https:\/\/purama.lt\/ee\/produktas\/wally-and-whiz-vyno-guminuku-kaledinis-rinkinys-meile\/","title":{"rendered":"Wally ja Whiz Wine Gumdrop Set Love"},"content":{"rendered":"<p><strong>Kasutamine<\/strong><br>Naudi otse pakendist, jaga seda l\u00e4hedastega.<br>Hoida jahedas ja kuivas kohas ning kaitsta otsese p\u00e4ikesevalguse eest.<\/p>\n\n\n\n<p><strong>Koostisosad<\/strong><br>gl\u00fckoosisiirup, suhkur, modifitseeritud t\u00e4rklis (gluteenivaba nisu, mais, kartul), happed (piimhape, sidrunhape), looduslik l\u00f5hna- ja maitseaine, tuhksuhkur (suhkur, kartulit\u00e4rklis), pulber (lit\u0161i, vanilje), roosa ananaspulber, v\u00e4rv (must porgandikontsentraat), glasuurimisvahend (karnaubavaha).<\/p>","protected":false},"excerpt":{"rendered":"<p data-start=\"0\" data-end=\"474\"><strong data-start=\"16\" data-end=\"49\">Wally ja Whiz - The Love Box<\/strong> Taani veinikummide komplekt kahe sobiva maitsepaariga: <strong data-start=\"123\" data-end=\"167\">litsi ja vaniljega kaetud p\u00f5ldlill<\/strong> ja <strong data-start=\"171\" data-end=\"210\">hibiskus kaetud roosa ananassiga<\/strong>. See on rafineeritud, vegan maius, mis \u00fchendab kaks teineteist t\u00e4iendavat maitset, andes \u00fchtlase tekstuuri ja loomuliku maitse. <strong data-start=\"353\" data-end=\"380\">Gluteenivaba, allergeenivaba<\/strong>, looduslike v\u00e4rvide ja l\u00f5hna- ja maitseainetega. Suurep\u00e4rane valik kingituseks v\u00f5i \u00fchiseks nautimiseks.<\/p>\n<p data-start=\"476\" data-end=\"734\"><strong data-start=\"476\" data-end=\"499\">Miks valida<\/strong><br data-start=\"499\" data-end=\"502\" \/>\u2714\ufe0f Kaks unikaalselt sobivat maitsepaari (armastuskollektsioon)<br data-start=\"560\" data-end=\"563\" \/>\u2714\ufe0f Vegan, gluteenivaba ja ilma tavaliste allergeenideta.<br data-start=\"618\" data-end=\"621\" \/>\u2714\ufe0f Looduslikud v\u00e4rvid ja maitsed, \u00f5rn ja pehme tekstuur.<br data-start=\"680\" data-end=\"683\" \/>\u2714\ufe0f Mugav kinkekomplekt individuaalpakendiga<\/p>","protected":false},"featured_media":42115,"comment_status":"open","ping_status":"closed","template":"","meta":{"_acf_changed":false},"product_brand":[462],"product_cat":[112,60],"product_tag":[],"class_list":{"0":"post-42124","1":"product","2":"type-product","3":"status-publish","4":"has-post-thumbnail","6":"product_brand-wally-and-whiz","7":"product_cat-guminukai","8":"product_cat-mitybai","10":"first","11":"outofstock","12":"shipping-taxable","13":"purchasable","14":"product-type-simple"},"acf":[],"tiered_pricing_type":"fixed","tiered_pricing_fixed_rules":[],"tiered_pricing_product_settings":{"layout":"default","base_unit_name":{"singular":null,"plural":null},"default_variation":null},"tiered_pricing_minimum_quantity":null,"tiered_pricing_roles_data":[],"tiered_pricing_percentage_rules":[],"_links":{"self":[{"href":"https:\/\/purama.lt\/ee\/wp-json\/wp\/v2\/product\/42124","targetHints":{"allow":["GET"]}}],"collection":[{"href":"https:\/\/purama.lt\/ee\/wp-json\/wp\/v2\/product"}],"about":[{"href":"https:\/\/purama.lt\/ee\/wp-json\/wp\/v2\/types\/product"}],"replies":[{"embeddable":true,"href":"https:\/\/purama.lt\/ee\/wp-json\/wp\/v2\/comments?post=42124"}],"wp:featuredmedia":[{"embeddable":true,"href":"https:\/\/purama.lt\/ee\/wp-json\/wp\/v2\/media\/42115"}],"wp:attachment":[{"href":"https:\/\/purama.lt\/ee\/wp-json\/wp\/v2\/media?parent=42124"}],"wp:term":[{"taxonomy":"product_brand","embeddable":true,"href":"https:\/\/purama.lt\/ee\/wp-json\/wp\/v2\/product_brand?post=42124"},{"taxonomy":"product_cat","embeddable":true,"href":"https:\/\/purama.lt\/ee\/wp-json\/wp\/v2\/product_cat?post=42124"},{"taxonomy":"product_tag","embeddable":true,"href":"https:\/\/purama.lt\/ee\/wp-json\/wp\/v2\/product_tag?post=42124"}],"curies":[{"name":"wp","href":"https:\/\/api.w.org\/{rel}","templated":true}]}}