{"id":42122,"date":"2025-11-11T09:03:53","date_gmt":"2025-11-11T07:03:53","guid":{"rendered":"https:\/\/purama.lt\/produktas\/wally-and-whiz-vyno-guminuku-kaledinis-rinkinys-sniego-pasaka\/"},"modified":"2026-04-22T12:20:11","modified_gmt":"2026-04-22T10:20:11","slug":"wally-ja-whiz-wine-gumdrop-joulukomplekt-lume-haldjas","status":"publish","type":"product","link":"https:\/\/purama.lt\/ee\/produktas\/wally-and-whiz-vyno-guminuku-kaledinis-rinkinys-sniego-pasaka\/","title":{"rendered":"Wally ja Whiz j\u00f5uluveini kummikomplekt"},"content":{"rendered":"<p><strong>Tarbimine<\/strong><br>Naudi otse pakendist v\u00f5i serveeri jagamiseks.<br>Hoida jahedas, kuivas ja p\u00e4ikese eest varjatud kohas.<br>Kui teil on spetsiifilised talumatusprobleemid, lugege enne kasutamist etiketti.<\/p>\n\n\n\n<p><strong>Koostisosad<\/strong><br>gl\u00fckoosisiirup, suhkur, modifitseeritud t\u00e4rklis (gluteenivaba nisu, mais, kartul), happed (piimhape, sidrunhape), looduslik l\u00f5hna- ja maitseaine, tuhksuhkur (suhkur, kartulit\u00e4rklis), v\u00e4rv (musta porgandi kontsentraat), pulber (puuviljatee, vanilje), glasuurimisvahend (karnaubavaha).<\/p>","protected":false},"excerpt":{"rendered":"<p data-start=\"0\" data-end=\"376\"><strong data-start=\"16\" data-end=\"54\">Wally ja Whiz - j\u00f5ulukarp<\/strong> pidulik Taani veinikummide komplekt kahe eksklusiivse paariga: <strong data-start=\"133\" data-end=\"163\">vanilliga kaetud kirss<\/strong> ja <strong data-start=\"167\" data-end=\"207\">roosa ananass kaetud puuviljateega<\/strong>. Pehmed kuubikud, looduslikud maitsed ja v\u00e4rvid, <strong data-start=\"257\" data-end=\"270\">vegan<\/strong> Koostis, <strong data-start=\"280\" data-end=\"317\">gluteenivaba ja ilma tavaliste allergeenideta<\/strong>. Suurep\u00e4rane kingitus v\u00f5i hubane jagamine talvepuhkuse ajal.<\/p>\n<p data-start=\"378\" data-end=\"601\"><strong data-start=\"378\" data-end=\"401\">Miks valida<\/strong><br data-start=\"401\" data-end=\"404\" \/>\u2714\ufe0f Kaks hooajalist maitset hoolikalt kombineeritud<br data-start=\"448\" data-end=\"451\" \/>\u2714\ufe0f Vegan, gluteenivaba ja ilma tavaliste allergeenideta.<br data-start=\"505\" data-end=\"508\" \/>\u2714\ufe0f Pehme n\u00e4rimiskoostis ja naturaalne puuviljane maitse.<br data-start=\"564\" data-end=\"567\" \/>\u2714\ufe0f Kaunis karp - valmis andma<\/p>","protected":false},"featured_media":42117,"comment_status":"open","ping_status":"closed","template":"","meta":{"_acf_changed":true},"product_brand":[462],"product_cat":[500],"product_tag":[],"class_list":{"0":"post-42122","1":"product","2":"type-product","3":"status-publish","4":"has-post-thumbnail","6":"product_brand-wally-and-whiz","7":"product_cat-outlet","9":"first","10":"instock","11":"sale","12":"shipping-taxable","13":"purchasable","14":"product-type-simple"},"acf":[],"tiered_pricing_type":"fixed","tiered_pricing_fixed_rules":[],"tiered_pricing_product_settings":{"layout":"default","base_unit_name":{"singular":null,"plural":null},"default_variation":null},"tiered_pricing_minimum_quantity":null,"tiered_pricing_roles_data":[],"tiered_pricing_percentage_rules":[],"_links":{"self":[{"href":"https:\/\/purama.lt\/ee\/wp-json\/wp\/v2\/product\/42122","targetHints":{"allow":["GET"]}}],"collection":[{"href":"https:\/\/purama.lt\/ee\/wp-json\/wp\/v2\/product"}],"about":[{"href":"https:\/\/purama.lt\/ee\/wp-json\/wp\/v2\/types\/product"}],"replies":[{"embeddable":true,"href":"https:\/\/purama.lt\/ee\/wp-json\/wp\/v2\/comments?post=42122"}],"wp:featuredmedia":[{"embeddable":true,"href":"https:\/\/purama.lt\/ee\/wp-json\/wp\/v2\/media\/42117"}],"wp:attachment":[{"href":"https:\/\/purama.lt\/ee\/wp-json\/wp\/v2\/media?parent=42122"}],"wp:term":[{"taxonomy":"product_brand","embeddable":true,"href":"https:\/\/purama.lt\/ee\/wp-json\/wp\/v2\/product_brand?post=42122"},{"taxonomy":"product_cat","embeddable":true,"href":"https:\/\/purama.lt\/ee\/wp-json\/wp\/v2\/product_cat?post=42122"},{"taxonomy":"product_tag","embeddable":true,"href":"https:\/\/purama.lt\/ee\/wp-json\/wp\/v2\/product_tag?post=42122"}],"curies":[{"name":"wp","href":"https:\/\/api.w.org\/{rel}","templated":true}]}}