{"id":41687,"date":"2025-10-31T09:37:31","date_gmt":"2025-10-31T07:37:31","guid":{"rendered":"https:\/\/purama.lt\/produktas\/melamedic-sertifikuoti-miego-akiniai-bern-ii\/"},"modified":"2025-10-31T10:29:41","modified_gmt":"2025-10-31T08:29:41","slug":"melamedic-sertifitseeritud-unenaod-bern-ii","status":"publish","type":"product","link":"https:\/\/purama.lt\/ee\/produktas\/melamedic-sertifikuoti-miego-akiniai-bern-ii\/","title":{"rendered":"MelaMedic sertifitseeritud BERN II uneprillid"},"content":{"rendered":"<p><strong>Kasutamine<\/strong><br>Kanda 1-3 tundi enne magamaminekut, ideaalis igal \u00f5htul samal ajal.<br>\u00c4rge juhtige ega kasutage masinaid; kaitske k\u00f5rgete temperatuuride eest.<br>Ei sobi kandmiseks \u00fcle korrigeerivate prillide; soovitatav alates 12. eluaastast.<\/p>\n\n\n\n<p><strong>Koostisosad<\/strong><br>pol\u00fckarbonaat, nailon<\/p>","protected":false},"excerpt":{"rendered":"<p data-start=\"0\" data-end=\"542\"><strong data-start=\"16\" data-end=\"53\">MelaMedic - Bern II uneprillid:<\/strong>\u00a0sertifitseeritud uneprillid, mis <strong data-start=\"117\" data-end=\"143\">blokeerib sinist valgust<\/strong> (UV-530-filtri spekter), mis aitab s\u00e4ilitada teie loomulikku \u00f6\u00f6p\u00e4evast r\u00fctmi ja valmistab teid ette heaks \u00f6iseks puhkuseks. Mugavad, kerged raamid ja optiliselt t\u00e4psed, kriimustuskindlad klaasid tagavad mugavuse igap\u00e4evaseks \u00f5htuseks kasutamiseks. <strong data-start=\"384\" data-end=\"425\">ELi sertifitseeritud meditsiiniseade<\/strong>. Teaduslikult p\u00f5hjendatud p\u00f5him\u00f5te: sinise spektri piiramine \u00f5htul toetab melatoniini vabanemise loomulikku r\u00fctmi.<\/p>\n<p data-start=\"544\" data-end=\"876\"><strong data-start=\"544\" data-end=\"567\">Miks valida<\/strong><br data-start=\"567\" data-end=\"570\" \/>\u2714\ufe0f Filtreerib sinist spektrit kuni 530 nm, aidates teil kiiremini \u00f5htusele re\u017eiimile l\u00fclituda.<br data-start=\"655\" data-end=\"658\" \/>\u2714\ufe0f ELi sertifitseeritud meditsiiniseade, kontrollitud spektraalparameetrid.<br data-start=\"732\" data-end=\"735\" \/>\u2714\ufe0f Optiliselt t\u00e4psed, kriimustuskindlad pol\u00fckarbonaatl\u00e4\u00e4tsed<br data-start=\"797\" data-end=\"800\" \/>\u2714\ufe0f Mugav ja kerge disain igap\u00e4evaseks kandmiseks (sobib ka tundlikele silmadele).<\/p>","protected":false},"featured_media":41647,"comment_status":"open","ping_status":"closed","template":"","meta":{"_acf_changed":false},"product_brand":[],"product_cat":[61,283],"product_tag":[],"class_list":{"0":"post-41687","1":"product","2":"type-product","3":"status-publish","4":"has-post-thumbnail","6":"product_cat-ramybei","7":"product_cat-sveikatingumo-prietaisai","9":"first","10":"instock","11":"shipping-taxable","12":"purchasable","13":"product-type-simple"},"acf":[],"tiered_pricing_type":"fixed","tiered_pricing_fixed_rules":[],"tiered_pricing_product_settings":{"layout":"default","base_unit_name":{"singular":null,"plural":null},"default_variation":null},"tiered_pricing_minimum_quantity":null,"tiered_pricing_roles_data":[],"tiered_pricing_percentage_rules":[],"_links":{"self":[{"href":"https:\/\/purama.lt\/ee\/wp-json\/wp\/v2\/product\/41687","targetHints":{"allow":["GET"]}}],"collection":[{"href":"https:\/\/purama.lt\/ee\/wp-json\/wp\/v2\/product"}],"about":[{"href":"https:\/\/purama.lt\/ee\/wp-json\/wp\/v2\/types\/product"}],"replies":[{"embeddable":true,"href":"https:\/\/purama.lt\/ee\/wp-json\/wp\/v2\/comments?post=41687"}],"wp:featuredmedia":[{"embeddable":true,"href":"https:\/\/purama.lt\/ee\/wp-json\/wp\/v2\/media\/41647"}],"wp:attachment":[{"href":"https:\/\/purama.lt\/ee\/wp-json\/wp\/v2\/media?parent=41687"}],"wp:term":[{"taxonomy":"product_brand","embeddable":true,"href":"https:\/\/purama.lt\/ee\/wp-json\/wp\/v2\/product_brand?post=41687"},{"taxonomy":"product_cat","embeddable":true,"href":"https:\/\/purama.lt\/ee\/wp-json\/wp\/v2\/product_cat?post=41687"},{"taxonomy":"product_tag","embeddable":true,"href":"https:\/\/purama.lt\/ee\/wp-json\/wp\/v2\/product_tag?post=41687"}],"curies":[{"name":"wp","href":"https:\/\/api.w.org\/{rel}","templated":true}]}}