{"id":41685,"date":"2025-10-31T09:37:30","date_gmt":"2025-10-31T07:37:30","guid":{"rendered":"https:\/\/purama.lt\/produktas\/vitalharmony-magnio-bisglicinatas\/"},"modified":"2026-04-14T07:58:51","modified_gmt":"2026-04-14T05:58:51","slug":"vitalharmony-magneesium-bisglutsinaat","status":"publish","type":"product","link":"https:\/\/purama.lt\/ee\/produktas\/vitalharmony-magnio-bisglicinatas\/","title":{"rendered":"VitalHarmony Magnesium Bisgl\u00fctsinaat"},"content":{"rendered":"<p><strong>Tarbimine<\/strong><br>1 kapsel 1 kuni 3 korda p\u00e4evas koos veega.<br>\u00c4rge \u00fcletage soovitatud p\u00e4evast annust; ei sobi lastele, rasedatele ja imetavatele naistele.<br>V\u00f5ib sisaldada v\u00e4hesel m\u00e4\u00e4ral piima (sh laktoosi), soja, maap\u00e4hkleid, muid puup\u00e4hkleid, seesamiseemneid, gluteeni sisaldavaid teravilju, mune, koorikloomi, kala.<\/p>\n\n\n\n<p><strong>Koostisosad<\/strong><br>magneesium bisgl\u00fctsinaat, mikrokristalliline tselluloos, veiselihageelatiin, puhastatud vesi.<\/p>\n\n\n\n<p><strong>Toiduainete k\u00e4itlemise sertifikaat:\u00a0<\/strong>69MTSPA-667<\/p>","protected":false},"excerpt":{"rendered":"<p data-start=\"0\" data-end=\"430\"><strong data-start=\"16\" data-end=\"57\">VitalHarmony - Magneesium bisgl\u00fctsinaat:<\/strong>\u00a0magneesiumi kelaatvorm, mis <strong data-start=\"116\" data-end=\"160\">h\u00e4sti imenduv ja mahe seedimise jaoks<\/strong>, aitab s\u00e4ilitada lihaste ja n\u00e4rvis\u00fcsteemi normaalset toimimist ja v\u00e4hendada v\u00e4simust. Mugavalt doseeritud kapslites, ilma liigsete lisaaineteta. Teaduse l\u00fchikirjeldus: magneesiumbisgl\u00fctsinaat on magneesiumi ja aminohappe gl\u00fctsiini \u00fchend, mis on tuntud oma hea biosaadavuse poolest.<\/p>\n<p data-start=\"432\" data-end=\"700\"><strong data-start=\"432\" data-end=\"455\">Miks valida<\/strong><br data-start=\"455\" data-end=\"458\" \/>\u2714\ufe0f Magneesiumi kelaatvorm (bisgl\u00fctsinaat), mis imendub h\u00e4sti.<br data-start=\"518\" data-end=\"521\" \/>\u2714\ufe0f \u00d5rn seedetraktile, sobib igap\u00e4evaseks kasutamiseks.<br data-start=\"579\" data-end=\"582\" \/>\u2714\ufe0f Mugavad kapslid, mida on lihtne kohandada rutiiniga.<br data-start=\"636\" data-end=\"639\" \/>\u2714\ufe0f Aitab s\u00e4ilitada lihaste ja n\u00e4rvis\u00fcsteemi normaalset toimimist.<\/p>","protected":false},"featured_media":41645,"comment_status":"open","ping_status":"closed","template":"","meta":{"_acf_changed":true},"product_brand":[461],"product_cat":[123,272,253,252,271,256,258,269],"product_tag":[],"class_list":{"0":"post-41685","1":"product","2":"type-product","3":"status-publish","4":"has-post-thumbnail","6":"product_brand-vitalharmony","7":"product_cat-papildai-ilgaamziskumui","8":"product_cat-emocine-pusiausvyra","9":"product_cat-imuniteto-palaikymas","10":"product_cat-imunitetui","11":"product_cat-miego-kokybe","12":"product_cat-smegenims-ir-atminciai","13":"product_cat-smegenu-apsauga","14":"product_cat-stresui-ir-miegui","16":"first","17":"instock","18":"shipping-taxable","19":"purchasable","20":"product-type-simple"},"acf":[],"tiered_pricing_type":"fixed","tiered_pricing_fixed_rules":[],"tiered_pricing_product_settings":{"layout":"default","base_unit_name":{"singular":null,"plural":null},"default_variation":null},"tiered_pricing_minimum_quantity":null,"tiered_pricing_roles_data":[],"tiered_pricing_percentage_rules":[],"_links":{"self":[{"href":"https:\/\/purama.lt\/ee\/wp-json\/wp\/v2\/product\/41685","targetHints":{"allow":["GET"]}}],"collection":[{"href":"https:\/\/purama.lt\/ee\/wp-json\/wp\/v2\/product"}],"about":[{"href":"https:\/\/purama.lt\/ee\/wp-json\/wp\/v2\/types\/product"}],"replies":[{"embeddable":true,"href":"https:\/\/purama.lt\/ee\/wp-json\/wp\/v2\/comments?post=41685"}],"wp:featuredmedia":[{"embeddable":true,"href":"https:\/\/purama.lt\/ee\/wp-json\/wp\/v2\/media\/41645"}],"wp:attachment":[{"href":"https:\/\/purama.lt\/ee\/wp-json\/wp\/v2\/media?parent=41685"}],"wp:term":[{"taxonomy":"product_brand","embeddable":true,"href":"https:\/\/purama.lt\/ee\/wp-json\/wp\/v2\/product_brand?post=41685"},{"taxonomy":"product_cat","embeddable":true,"href":"https:\/\/purama.lt\/ee\/wp-json\/wp\/v2\/product_cat?post=41685"},{"taxonomy":"product_tag","embeddable":true,"href":"https:\/\/purama.lt\/ee\/wp-json\/wp\/v2\/product_tag?post=41685"}],"curies":[{"name":"wp","href":"https:\/\/api.w.org\/{rel}","templated":true}]}}