{"id":41684,"date":"2025-10-31T09:37:28","date_gmt":"2025-10-31T07:37:28","guid":{"rendered":"https:\/\/purama.lt\/produktas\/bon-babef-druskos-kuno-sveitiklis-su-avietemis\/"},"modified":"2026-04-14T09:24:03","modified_gmt":"2026-04-14T07:24:03","slug":"bon-babef-soolane-kehaparandusaine-vaarikatega","status":"publish","type":"product","link":"https:\/\/purama.lt\/ee\/produktas\/bon-babef-druskos-kuno-sveitiklis-su-avietemis\/","title":{"rendered":"Bon Babef soolane kehakoorimine vaarikatega"},"content":{"rendered":"<p><strong>Kasutamine<\/strong><br>J\u00e4rgige pakendil olevaid juhiseid.<\/p>\n\n\n\n<p><strong>Koostisosad<\/strong><br>naatriumkloriid, simmondsia chinensis \u00f5li, kookosgl\u00fckosiid, ricinus communis \u00f5li, rubus idaeus puuviljaekstrakt, tokoferool, l\u00f5hnaaine, retinooli.<\/p>","protected":false},"excerpt":{"rendered":"<p data-start=\"0\" data-end=\"507\"><strong data-start=\"16\" data-end=\"59\">Bon Babef - Vaarikasorbett kehakoorimine<\/strong>: magushapu vaarika-sorbeti l\u00f5hnaga kehakoorija, mis sisaldab soolakristalle ning jojoba- ja riitsinus\u00f5li - eemaldab \u00f5rnalt, kuid t\u00f5husalt kim\u00e4\u00e4rad ning j\u00e4tab naha siledaks ja sametiseks. 100 % loodusliku p\u00e4ritoluga koostisosa, vegan, <strong data-start=\"340\" data-end=\"374\">Klaas- ja alumiiniumpakendid<\/strong> - taaskasutatav. Natuke teadusest: <strong data-start=\"410\" data-end=\"436\">mehaaniline koorimine<\/strong> aitab koorida nahapinda, samal ajal kui \u00f5lid aitavad s\u00e4ilitada naha pehmust.<\/p>\n<p data-start=\"509\" data-end=\"860\"><strong data-start=\"509\" data-end=\"532\">Miks valida<\/strong><br data-start=\"532\" data-end=\"535\" \/><strong data-start=\"535\" data-end=\"541\">\u2714\ufe0f<\/strong> Soolap\u00f5hine koorimine - kohene siledus<br data-start=\"593\" data-end=\"596\" \/><strong data-start=\"596\" data-end=\"602\">\u2714\ufe0f<\/strong> Jojoba- ja riitsinus\u00f5li toidavad ja pehmendavad.<br data-start=\"650\" data-end=\"653\" \/><strong data-start=\"653\" data-end=\"659\">\u2714\ufe0f<\/strong> Vaarikaekstrakt ja meeldiv \u201emagustoidu\u201c aroom.<br data-start=\"708\" data-end=\"711\" \/><strong data-start=\"711\" data-end=\"717\">\u2714\ufe0f<\/strong> 100 % looduslik p\u00e4ritolu, vegan<br data-start=\"753\" data-end=\"756\" \/><strong data-start=\"756\" data-end=\"762\">\u2714\ufe0f<\/strong> Ei sisalda alkoholi, SLS-i, parabeene, silikooni, ftalaate, s\u00fcnteetilisi v\u00e4rvaineid, mikroplasti ja s\u00e4ilitusaineid.<\/p>","protected":false},"featured_media":41651,"comment_status":"open","ping_status":"closed","template":"","meta":{"_acf_changed":true},"product_brand":[412],"product_cat":[382,92,300],"product_tag":[],"class_list":{"0":"post-41684","1":"product","2":"type-product","3":"status-publish","4":"has-post-thumbnail","6":"product_brand-bon-babef","7":"product_cat-kuno-sveitikliai","8":"product_cat-groziui","9":"product_cat-kunui","11":"first","12":"instock","13":"shipping-taxable","14":"purchasable","15":"product-type-simple"},"acf":[],"tiered_pricing_type":"fixed","tiered_pricing_fixed_rules":[],"tiered_pricing_product_settings":{"layout":"default","base_unit_name":{"singular":null,"plural":null},"default_variation":null},"tiered_pricing_minimum_quantity":null,"tiered_pricing_roles_data":[],"tiered_pricing_percentage_rules":[],"_links":{"self":[{"href":"https:\/\/purama.lt\/ee\/wp-json\/wp\/v2\/product\/41684","targetHints":{"allow":["GET"]}}],"collection":[{"href":"https:\/\/purama.lt\/ee\/wp-json\/wp\/v2\/product"}],"about":[{"href":"https:\/\/purama.lt\/ee\/wp-json\/wp\/v2\/types\/product"}],"replies":[{"embeddable":true,"href":"https:\/\/purama.lt\/ee\/wp-json\/wp\/v2\/comments?post=41684"}],"wp:featuredmedia":[{"embeddable":true,"href":"https:\/\/purama.lt\/ee\/wp-json\/wp\/v2\/media\/41651"}],"wp:attachment":[{"href":"https:\/\/purama.lt\/ee\/wp-json\/wp\/v2\/media?parent=41684"}],"wp:term":[{"taxonomy":"product_brand","embeddable":true,"href":"https:\/\/purama.lt\/ee\/wp-json\/wp\/v2\/product_brand?post=41684"},{"taxonomy":"product_cat","embeddable":true,"href":"https:\/\/purama.lt\/ee\/wp-json\/wp\/v2\/product_cat?post=41684"},{"taxonomy":"product_tag","embeddable":true,"href":"https:\/\/purama.lt\/ee\/wp-json\/wp\/v2\/product_tag?post=41684"}],"curies":[{"name":"wp","href":"https:\/\/api.w.org\/{rel}","templated":true}]}}