{"id":41682,"date":"2025-10-31T09:37:26","date_gmt":"2025-10-31T07:37:26","guid":{"rendered":"https:\/\/purama.lt\/produktas\/bon-babef-druskos-kuno-sveitiklis-su-mangais\/"},"modified":"2026-04-14T09:24:03","modified_gmt":"2026-04-14T07:24:03","slug":"bon-babef-soolane-kehaparandusaine-mangoga","status":"publish","type":"product","link":"https:\/\/purama.lt\/ee\/produktas\/bon-babef-druskos-kuno-sveitiklis-su-mangais\/","title":{"rendered":"Bon Babef soolane kehakoorimine mangoga"},"content":{"rendered":"<p><strong>Kasutamine<\/strong><br>J\u00e4rgige pakendil olevaid juhiseid.<\/p>\n\n\n\n<p><strong>Koostisosad<\/strong><br>naatriumkloriid, simmondsia chinensis \u00f5li, kookosgl\u00fckosiid, ricinus communis \u00f5li, mangifera indica ekstrakt, tokoferool, l\u00f5hnaaine, allantoiin, retinooli.<\/p>","protected":false},"excerpt":{"rendered":"<p data-start=\"0\" data-end=\"538\"><strong data-start=\"16\" data-end=\"53\">Bon Babef - rikkalik mangokoorimine kehale<\/strong> : soolap\u00f5hine kehakoorimine mahlase mangol\u00f5hnaga <strong data-start=\"142\" data-end=\"175\">mangoekstrakt ja E-vitamiin<\/strong> - eemaldab t\u00f5husalt koldekihi ja j\u00e4tab naha siledaks ja pehmeks. See sisaldab ka Jojoba- ja kastoor\u00f5li, mis muudavad naha pehmeks. <strong data-start=\"330\" data-end=\"357\">100 % looduslikku p\u00e4ritolu<\/strong>, vegan-, klaas- ja alumiiniumpakendid - taaskasutatavad. Teadus l\u00fchidalt: <strong data-start=\"437\" data-end=\"463\">mehaaniline koorimine<\/strong> silub nahapinda, samal ajal kui pehmendavad \u00f5lid aitavad s\u00e4ilitada mugavust.<\/p>\n<p data-start=\"540\" data-end=\"897\"><strong data-start=\"540\" data-end=\"563\">Miks valida<\/strong><br data-start=\"563\" data-end=\"566\" \/>\u2714\ufe0f Soolakristallid poleerivad ja siluvad nahka kiiresti.<br data-start=\"621\" data-end=\"624\" \/>\u2714\ufe0f Mangoekstrakt ja E-vitamiin - meeldiv \u201emagustoidu\u201c aroom ja pehmuse tunne.<br data-start=\"707\" data-end=\"710\" \/>\u2714\ufe0f Jojoba- ja riitsinus\u00f5li pehmendavad nahka.<br data-start=\"753\" data-end=\"756\" \/>\u2714\ufe0f 100 % looduslik p\u00e4ritolu, vegan<br data-start=\"794\" data-end=\"797\" \/>\u2714\ufe0f Ilma alkoholi, SLS-i, parabeenide, silikooni, ftalaatide, s\u00fcnteetiliste v\u00e4rvainete, mikroplastide ja s\u00e4ilitusainete vaba.<\/p>","protected":false},"featured_media":41650,"comment_status":"open","ping_status":"closed","template":"","meta":{"_acf_changed":true},"product_brand":[412],"product_cat":[382,92,300],"product_tag":[],"class_list":{"0":"post-41682","1":"product","2":"type-product","3":"status-publish","4":"has-post-thumbnail","6":"product_brand-bon-babef","7":"product_cat-kuno-sveitikliai","8":"product_cat-groziui","9":"product_cat-kunui","11":"first","12":"instock","13":"shipping-taxable","14":"purchasable","15":"product-type-simple"},"acf":[],"tiered_pricing_type":"fixed","tiered_pricing_fixed_rules":[],"tiered_pricing_product_settings":{"layout":"default","base_unit_name":{"singular":null,"plural":null},"default_variation":null},"tiered_pricing_minimum_quantity":null,"tiered_pricing_roles_data":[],"tiered_pricing_percentage_rules":[],"_links":{"self":[{"href":"https:\/\/purama.lt\/ee\/wp-json\/wp\/v2\/product\/41682","targetHints":{"allow":["GET"]}}],"collection":[{"href":"https:\/\/purama.lt\/ee\/wp-json\/wp\/v2\/product"}],"about":[{"href":"https:\/\/purama.lt\/ee\/wp-json\/wp\/v2\/types\/product"}],"replies":[{"embeddable":true,"href":"https:\/\/purama.lt\/ee\/wp-json\/wp\/v2\/comments?post=41682"}],"wp:featuredmedia":[{"embeddable":true,"href":"https:\/\/purama.lt\/ee\/wp-json\/wp\/v2\/media\/41650"}],"wp:attachment":[{"href":"https:\/\/purama.lt\/ee\/wp-json\/wp\/v2\/media?parent=41682"}],"wp:term":[{"taxonomy":"product_brand","embeddable":true,"href":"https:\/\/purama.lt\/ee\/wp-json\/wp\/v2\/product_brand?post=41682"},{"taxonomy":"product_cat","embeddable":true,"href":"https:\/\/purama.lt\/ee\/wp-json\/wp\/v2\/product_cat?post=41682"},{"taxonomy":"product_tag","embeddable":true,"href":"https:\/\/purama.lt\/ee\/wp-json\/wp\/v2\/product_tag?post=41682"}],"curies":[{"name":"wp","href":"https:\/\/api.w.org\/{rel}","templated":true}]}}