{"id":41681,"date":"2025-10-31T09:37:26","date_gmt":"2025-10-31T07:37:26","guid":{"rendered":"https:\/\/purama.lt\/produktas\/bon-babef-druskos-kuno-sveitiklis-su-kokosu\/"},"modified":"2026-04-14T09:24:02","modified_gmt":"2026-04-14T07:24:02","slug":"bon-babef-soolane-kehaparandusaine-kookosega","status":"publish","type":"product","link":"https:\/\/purama.lt\/ee\/produktas\/bon-babef-druskos-kuno-sveitiklis-su-kokosu\/","title":{"rendered":"Bon Babef soolane kehakoorimine kookosega"},"content":{"rendered":"<p><strong>Kasutamine<\/strong><br>J\u00e4rgige pakendil olevaid juhiseid.<\/p>\n\n\n\n<p><strong>Koostisosad<\/strong><br>naatriumkloriid, cocos nucifera \u00f5li, kookosgl\u00fckosiid, simmondsia chinensis \u00f5li, tokoferool, l\u00f5hnaaine, niatsinamiid.<\/p>","protected":false},"excerpt":{"rendered":"<p data-start=\"0\" data-end=\"462\"><strong data-start=\"16\" data-end=\"59\">Bon Babef - Kookosp\u00e4hkli \u00f5nnistav kehakoorimine<\/strong>: kookosp\u00e4hkli l\u00f5hnastatud soolap\u00f5hine kehakoorija kookos- ja jojoba\u00f5liga - koorib \u00f5rnalt, silub ja j\u00e4tab naha pehmeks ja sametiseks. 100 % loodusliku p\u00e4ritoluga koostisosa, vegan, <strong data-start=\"285\" data-end=\"316\">Klaas- ja alumiiniumpakendid<\/strong> taaskasutatav. Natuke teadusest: <strong data-start=\"350\" data-end=\"376\">mehaaniline koorimine<\/strong> eemaldab rasvarakke, samas kui taime\u00f5lid aitavad hoida nahka pehmena.<\/p>\n<p data-start=\"464\" data-end=\"808\"><strong data-start=\"464\" data-end=\"487\">Miks valida<\/strong><br data-start=\"487\" data-end=\"490\" \/><strong data-start=\"490\" data-end=\"496\">\u2714\ufe0f<\/strong> Tugevam soolakoorimine sileda nahapinna saavutamiseks<br data-start=\"547\" data-end=\"550\" \/><strong data-start=\"550\" data-end=\"556\">\u2714\ufe0f<\/strong> Kookos- ja jojoba\u00f5li toidavad ja pehmendavad.<br data-start=\"603\" data-end=\"606\" \/><strong data-start=\"606\" data-end=\"612\">\u2714\ufe0f<\/strong> 100 % looduslik p\u00e4ritolu, vegan<br data-start=\"648\" data-end=\"651\" \/><strong data-start=\"651\" data-end=\"657\">\u2714\ufe0f<\/strong> Ei sisalda alkoholi, SLS-i, parabeene, silikooni, ftalaate, s\u00fcnteetilisi v\u00e4rvaineid, mikroplasti ja s\u00e4ilitusaineid.<br data-start=\"755\" data-end=\"758\" \/><strong data-start=\"758\" data-end=\"764\">\u2714\ufe0f<\/strong> Klaas- ja alumiiniumpakendid - taaskasutatavad<\/p>","protected":false},"featured_media":41649,"comment_status":"open","ping_status":"closed","template":"","meta":{"_acf_changed":true},"product_brand":[412],"product_cat":[382,92,300],"product_tag":[],"class_list":{"0":"post-41681","1":"product","2":"type-product","3":"status-publish","4":"has-post-thumbnail","6":"product_brand-bon-babef","7":"product_cat-kuno-sveitikliai","8":"product_cat-groziui","9":"product_cat-kunui","11":"first","12":"instock","13":"shipping-taxable","14":"purchasable","15":"product-type-simple"},"acf":[],"tiered_pricing_type":"fixed","tiered_pricing_fixed_rules":[],"tiered_pricing_product_settings":{"layout":"default","base_unit_name":{"singular":null,"plural":null},"default_variation":null},"tiered_pricing_minimum_quantity":null,"tiered_pricing_roles_data":[],"tiered_pricing_percentage_rules":[],"_links":{"self":[{"href":"https:\/\/purama.lt\/ee\/wp-json\/wp\/v2\/product\/41681","targetHints":{"allow":["GET"]}}],"collection":[{"href":"https:\/\/purama.lt\/ee\/wp-json\/wp\/v2\/product"}],"about":[{"href":"https:\/\/purama.lt\/ee\/wp-json\/wp\/v2\/types\/product"}],"replies":[{"embeddable":true,"href":"https:\/\/purama.lt\/ee\/wp-json\/wp\/v2\/comments?post=41681"}],"wp:featuredmedia":[{"embeddable":true,"href":"https:\/\/purama.lt\/ee\/wp-json\/wp\/v2\/media\/41649"}],"wp:attachment":[{"href":"https:\/\/purama.lt\/ee\/wp-json\/wp\/v2\/media?parent=41681"}],"wp:term":[{"taxonomy":"product_brand","embeddable":true,"href":"https:\/\/purama.lt\/ee\/wp-json\/wp\/v2\/product_brand?post=41681"},{"taxonomy":"product_cat","embeddable":true,"href":"https:\/\/purama.lt\/ee\/wp-json\/wp\/v2\/product_cat?post=41681"},{"taxonomy":"product_tag","embeddable":true,"href":"https:\/\/purama.lt\/ee\/wp-json\/wp\/v2\/product_tag?post=41681"}],"curies":[{"name":"wp","href":"https:\/\/api.w.org\/{rel}","templated":true}]}}