{"id":41680,"date":"2025-10-31T09:37:25","date_gmt":"2025-10-31T07:37:25","guid":{"rendered":"https:\/\/purama.lt\/produktas\/northern-tea-citrinu-ir-imbieru-zalioji-arbata-ant-pagaliuko\/"},"modified":"2026-04-13T16:41:50","modified_gmt":"2026-04-13T14:41:50","slug":"pohja-tee-sidruni-ja-ingveri-roheline-tee-pulga-peal","status":"publish","type":"product","link":"https:\/\/purama.lt\/ee\/produktas\/northern-tea-citrinu-ir-imbieru-zalioji-arbata-ant-pagaliuko\/","title":{"rendered":"Northern Tea Sidruni ja ingveri roheline tee pulga peal"},"content":{"rendered":"<p><strong>Kasutamine<\/strong><br>Pange pulk tassi kuuma v\u00f5i k\u00fclma veega ja segage, kuni see on t\u00e4ielikult lahustunud.<br>\u00dcks pulk \u00fche tassi jaoks<br>Kui teil on kahtlusi valmistamise osas, j\u00e4rgige pakendil olevaid juhiseid.<\/p>\n\n\n\n<p><strong>Koostisosad<\/strong><br>j\u00e4rgige pakendil olevat m\u00e4rgistust<\/p>\n\n\n\n<p><\/p>","protected":false},"excerpt":{"rendered":"<p data-start=\"0\" data-end=\"461\"><strong data-start=\"16\" data-end=\"63\">Tea-Pop - Sidruni-ingveri roheline tee pulgal<\/strong> on uuenduslik kristalliseerunud tee pulgal: roheline tee baas v\u00e4rskendava sidruni ja soojendava ingveri maitsega. Tee lahustub t\u00e4ielikult <strong data-start=\"214\" data-end=\"239\">kuum v\u00f5i k\u00fclm<\/strong> vees, nii et seda on kiire valmistada ja ilma teep\u00f5hjata. Iga pulk on \u00fckshaaval pakendatud - mugav kodus, kontoris v\u00f5i kingituseks. Roheline tee sisaldab loomulikult pol\u00fcfenoole, mis teeb sellest meeldiva igap\u00e4evase valiku.<\/p>\n<p data-start=\"463\" data-end=\"717\"><strong data-start=\"463\" data-end=\"486\">Miks valida<\/strong><br data-start=\"486\" data-end=\"489\" \/>\u2714\ufe0f Lahustub ilma j\u00e4\u00e4kideta, ilma tee filtreerimiseta.<br data-start=\"538\" data-end=\"541\" data-is-only-node=\"\" \/>\u2714\ufe0f Sobib nii kuuma kui ka j\u00e4\u00e4tee jaoks.<br data-start=\"579\" data-end=\"582\" \/>\u2714\ufe0f Eraldi, h\u00fcgieeniline pakend - mugav reisimiseks v\u00f5i kontoris kasutamiseks.<br data-start=\"646\" data-end=\"649\" \/>\u2714\ufe0f V\u00e4rskendav sidruni ja ingveri maitse rohelise tee baasil.<\/p>","protected":false},"featured_media":41705,"comment_status":"open","ping_status":"closed","template":"","meta":{"_acf_changed":false},"product_brand":[446],"product_cat":[398,57,60],"product_tag":[],"class_list":{"0":"post-41680","1":"product","2":"type-product","3":"status-publish","4":"has-post-thumbnail","6":"product_brand-northern-tea","7":"product_cat-arbata","8":"product_cat-akcijos","9":"product_cat-mitybai","11":"first","12":"instock","13":"sale","14":"shipping-taxable","15":"purchasable","16":"product-type-simple"},"acf":[],"tiered_pricing_type":"fixed","tiered_pricing_fixed_rules":[],"tiered_pricing_product_settings":{"layout":"default","base_unit_name":{"singular":null,"plural":null},"default_variation":null},"tiered_pricing_minimum_quantity":null,"tiered_pricing_roles_data":[],"tiered_pricing_percentage_rules":[],"_links":{"self":[{"href":"https:\/\/purama.lt\/ee\/wp-json\/wp\/v2\/product\/41680","targetHints":{"allow":["GET"]}}],"collection":[{"href":"https:\/\/purama.lt\/ee\/wp-json\/wp\/v2\/product"}],"about":[{"href":"https:\/\/purama.lt\/ee\/wp-json\/wp\/v2\/types\/product"}],"replies":[{"embeddable":true,"href":"https:\/\/purama.lt\/ee\/wp-json\/wp\/v2\/comments?post=41680"}],"wp:featuredmedia":[{"embeddable":true,"href":"https:\/\/purama.lt\/ee\/wp-json\/wp\/v2\/media\/41705"}],"wp:attachment":[{"href":"https:\/\/purama.lt\/ee\/wp-json\/wp\/v2\/media?parent=41680"}],"wp:term":[{"taxonomy":"product_brand","embeddable":true,"href":"https:\/\/purama.lt\/ee\/wp-json\/wp\/v2\/product_brand?post=41680"},{"taxonomy":"product_cat","embeddable":true,"href":"https:\/\/purama.lt\/ee\/wp-json\/wp\/v2\/product_cat?post=41680"},{"taxonomy":"product_tag","embeddable":true,"href":"https:\/\/purama.lt\/ee\/wp-json\/wp\/v2\/product_tag?post=41680"}],"curies":[{"name":"wp","href":"https:\/\/api.w.org\/{rel}","templated":true}]}}