{"id":41679,"date":"2025-10-31T09:37:24","date_gmt":"2025-10-31T07:37:24","guid":{"rendered":"https:\/\/purama.lt\/produktas\/northern-tea-pipirmeciu-gurmaniska-arbata-ant-pagaliuko\/"},"modified":"2026-04-13T16:42:03","modified_gmt":"2026-04-13T14:42:03","slug":"pohja-tee-piparmundi-gurmeetee-pulga-peal","status":"publish","type":"product","link":"https:\/\/purama.lt\/ee\/produktas\/northern-tea-pipirmeciu-gurmaniska-arbata-ant-pagaliuko\/","title":{"rendered":"Northern Tea Piparm\u00fcndi gurmeetee pulgal"},"content":{"rendered":"<p><strong>Kasutamine<\/strong><br>Pange teelusikat\u00e4is kuuma v\u00f5i k\u00fclma vette ja segage, kuni see on t\u00e4ielikult lahustunud, seej\u00e4rel nautige.<br>Seda v\u00f5ib juua ilma lisanditeta v\u00f5i maitse j\u00e4rgi j\u00e4\u00e4tisega.<br>J\u00e4rgige pakendil olevaid juhiseid.<\/p>\n\n\n\n<p><strong>Koostisosad<\/strong><br>piparm\u00fcndi, taimne stabiliseeriv kummipulber<\/p>","protected":false},"excerpt":{"rendered":"<p data-start=\"0\" data-end=\"379\"><strong data-start=\"16\" data-end=\"48\">Tea-Pop - piparm\u00fcndi tee-pop<\/strong>: v\u00e4rske piparm\u00fcndi taimetee pulgal, kristalliseeritud ja <strong data-start=\"141\" data-end=\"196\">lahustub t\u00e4ielikult kuumas v\u00f5i k\u00fclmas vees<\/strong>. Suhkruvaba, ilma kunstlike v\u00e4rv- ja s\u00e4ilitusainete vaba, vegan - mugav, puhas ja maitsev kodus v\u00f5i teel olles. Piparm\u00fcnt on looduslikult kofeiinivaba ja annab meeldivalt jahutava tunde.<\/p>\n<p data-start=\"381\" data-end=\"692\"><strong data-start=\"381\" data-end=\"404\">Miks valida<\/strong><br data-start=\"404\" data-end=\"407\" \/>\u2714\ufe0f Lahustub kuumas v\u00f5i k\u00fclmas vees, ei sisalda tahkeid aineid.<br data-start=\"461\" data-end=\"464\" \/>\u2714\ufe0f Suhkruvaba ja ilma kunstlike v\u00e4rv-, s\u00e4ilitus- v\u00f5i l\u00f5hna- ja maitseaineteta.<br data-start=\"536\" data-end=\"539\" \/>\u2714\ufe0f Kofeiinivaba - sobib mis tahes kellaaegadel.<br data-start=\"582\" data-end=\"585\" \/>\u2714\ufe0f Korduvkasutatav pulk - mugav kaasas k\u00e4ies ja kontoris.<br data-start=\"632\" data-end=\"635\" \/>\u2714\ufe0f Vegan; valmistatud p\u00e4hklivabas keskkonnas.<\/p>","protected":false},"featured_media":41713,"comment_status":"open","ping_status":"closed","template":"","meta":{"_acf_changed":false},"product_brand":[446],"product_cat":[398,57,60],"product_tag":[],"class_list":{"0":"post-41679","1":"product","2":"type-product","3":"status-publish","4":"has-post-thumbnail","6":"product_brand-northern-tea","7":"product_cat-arbata","8":"product_cat-akcijos","9":"product_cat-mitybai","11":"first","12":"instock","13":"sale","14":"shipping-taxable","15":"purchasable","16":"product-type-simple"},"acf":[],"tiered_pricing_type":"fixed","tiered_pricing_fixed_rules":[],"tiered_pricing_product_settings":{"layout":"default","base_unit_name":{"singular":null,"plural":null},"default_variation":null},"tiered_pricing_minimum_quantity":null,"tiered_pricing_roles_data":[],"tiered_pricing_percentage_rules":[],"_links":{"self":[{"href":"https:\/\/purama.lt\/ee\/wp-json\/wp\/v2\/product\/41679","targetHints":{"allow":["GET"]}}],"collection":[{"href":"https:\/\/purama.lt\/ee\/wp-json\/wp\/v2\/product"}],"about":[{"href":"https:\/\/purama.lt\/ee\/wp-json\/wp\/v2\/types\/product"}],"replies":[{"embeddable":true,"href":"https:\/\/purama.lt\/ee\/wp-json\/wp\/v2\/comments?post=41679"}],"wp:featuredmedia":[{"embeddable":true,"href":"https:\/\/purama.lt\/ee\/wp-json\/wp\/v2\/media\/41713"}],"wp:attachment":[{"href":"https:\/\/purama.lt\/ee\/wp-json\/wp\/v2\/media?parent=41679"}],"wp:term":[{"taxonomy":"product_brand","embeddable":true,"href":"https:\/\/purama.lt\/ee\/wp-json\/wp\/v2\/product_brand?post=41679"},{"taxonomy":"product_cat","embeddable":true,"href":"https:\/\/purama.lt\/ee\/wp-json\/wp\/v2\/product_cat?post=41679"},{"taxonomy":"product_tag","embeddable":true,"href":"https:\/\/purama.lt\/ee\/wp-json\/wp\/v2\/product_tag?post=41679"}],"curies":[{"name":"wp","href":"https:\/\/api.w.org\/{rel}","templated":true}]}}