{"id":41678,"date":"2025-10-31T09:37:24","date_gmt":"2025-10-31T07:37:24","guid":{"rendered":"https:\/\/purama.lt\/produktas\/northern-tea-obuoliu-ir-uogu-arbata-ant-pagaliuko\/"},"modified":"2026-04-13T16:41:53","modified_gmt":"2026-04-13T14:41:53","slug":"pohja-tee-ouna-ja-marja-tee-pulgal","status":"publish","type":"product","link":"https:\/\/purama.lt\/ee\/produktas\/northern-tea-obuoliu-ir-uogu-arbata-ant-pagaliuko\/","title":{"rendered":"P\u00f5hja tee \u00d5una ja marja tee pulgal"},"content":{"rendered":"<p><strong>Kasutamine<\/strong><br>Pange pulk tassi kuuma v\u00f5i k\u00fclma veega ja segage, kuni see on t\u00e4ielikult lahustunud.<br>\u00dcks pulk \u00fche tassi jaoks<br>Vee t\u00e4pne temperatuur ja maht on esitatud pakendi juhendis.<\/p>\n\n\n\n<p><strong>Koostisosad<\/strong><br>j\u00e4rgige pakendil olevat m\u00e4rgistust<\/p>","protected":false},"excerpt":{"rendered":"<p data-start=\"0\" data-end=\"434\"><strong data-start=\"16\" data-end=\"55\">Tea-Pop - piparm\u00fcnditee pulgakese peal<\/strong> on 100 % naturaalne, kristalliseerunud taimne jook pulgas, millel on v\u00e4rskendav piparm\u00fcndi maitse. <strong data-start=\"151\" data-end=\"202\">Lahustub nii kuumas kui ka k\u00fclmas vees.<\/strong>, nii et saate valmistada oma tassi kiiresti ja ilma teep\u00f5hja kasutamata. Ilma suhkrulisandita, vegan, valmistatud \u00dchendkuningriigis - mugav kodus, kontoris v\u00f5i kingituseks. Piparm\u00fcnditee on looduslikult kofeiinivaba.<\/p>\n<p data-start=\"436\" data-end=\"709\"><strong data-start=\"436\" data-end=\"459\">Miks valida<\/strong><br data-start=\"459\" data-end=\"462\" \/>\u2714\ufe0f Lahustub ilma j\u00e4\u00e4kideta - ei mingeid kotte ega filtreid.<br data-start=\"509\" data-end=\"512\" data-is-only-node=\"\" \/>\u2714\ufe0f Sobib nii kuuma kui ka j\u00e4\u00e4tee jaoks, k\u00e4ep\u00e4rane ka teel olles v\u00f5i kontoris.<br data-start=\"573\" data-end=\"576\" \/>\u2714\ufe0f Ei ole lisatud suhkrut, ei sisalda kunstlikke v\u00e4rvaineid ega s\u00e4ilitusaineid, on vegan.<br data-start=\"649\" data-end=\"652\" \/>\u2714\ufe0f Made in the UK, puhas individuaalne kinkekorv.<\/p>","protected":false},"featured_media":41716,"comment_status":"open","ping_status":"closed","template":"","meta":{"_acf_changed":true},"product_brand":[446],"product_cat":[398,57,60],"product_tag":[],"class_list":{"0":"post-41678","1":"product","2":"type-product","3":"status-publish","4":"has-post-thumbnail","6":"product_brand-northern-tea","7":"product_cat-arbata","8":"product_cat-akcijos","9":"product_cat-mitybai","11":"first","12":"instock","13":"sale","14":"shipping-taxable","15":"purchasable","16":"product-type-simple"},"acf":[],"tiered_pricing_type":"fixed","tiered_pricing_fixed_rules":[],"tiered_pricing_product_settings":{"layout":"default","base_unit_name":{"singular":null,"plural":null},"default_variation":null},"tiered_pricing_minimum_quantity":null,"tiered_pricing_roles_data":[],"tiered_pricing_percentage_rules":[],"_links":{"self":[{"href":"https:\/\/purama.lt\/ee\/wp-json\/wp\/v2\/product\/41678","targetHints":{"allow":["GET"]}}],"collection":[{"href":"https:\/\/purama.lt\/ee\/wp-json\/wp\/v2\/product"}],"about":[{"href":"https:\/\/purama.lt\/ee\/wp-json\/wp\/v2\/types\/product"}],"replies":[{"embeddable":true,"href":"https:\/\/purama.lt\/ee\/wp-json\/wp\/v2\/comments?post=41678"}],"wp:featuredmedia":[{"embeddable":true,"href":"https:\/\/purama.lt\/ee\/wp-json\/wp\/v2\/media\/41716"}],"wp:attachment":[{"href":"https:\/\/purama.lt\/ee\/wp-json\/wp\/v2\/media?parent=41678"}],"wp:term":[{"taxonomy":"product_brand","embeddable":true,"href":"https:\/\/purama.lt\/ee\/wp-json\/wp\/v2\/product_brand?post=41678"},{"taxonomy":"product_cat","embeddable":true,"href":"https:\/\/purama.lt\/ee\/wp-json\/wp\/v2\/product_cat?post=41678"},{"taxonomy":"product_tag","embeddable":true,"href":"https:\/\/purama.lt\/ee\/wp-json\/wp\/v2\/product_tag?post=41678"}],"curies":[{"name":"wp","href":"https:\/\/api.w.org\/{rel}","templated":true}]}}