{"id":41677,"date":"2025-10-31T09:37:23","date_gmt":"2025-10-31T07:37:23","guid":{"rendered":"https:\/\/purama.lt\/produktas\/northern-tea-gurmaniskos-ivairiu-skoniu-arbatos-ledinukai\/"},"modified":"2026-01-08T13:26:43","modified_gmt":"2026-01-08T11:26:43","slug":"pohja-tee-gurmee-jaatee-lollipops-erinevates-maitsetes","status":"publish","type":"product","link":"https:\/\/purama.lt\/ee\/produktas\/northern-tea-gurmaniskos-ivairiu-skoniu-arbatos-ledinukai\/","title":{"rendered":"Northern Tea Gourmet j\u00e4\u00e4purikad erinevates maitsetes"},"content":{"rendered":"<p><strong>Kasutamine<\/strong><br>Pange teelusikat\u00e4is kuuma v\u00f5i k\u00fclma vette ja segage, kuni see on t\u00e4ielikult lahustunud, seej\u00e4rel nautige.<br>Maitset saate kohandada vastavalt oma meeleolule: kofeiinivaba piparm\u00fcnt, kofeiinivaba matcha, loomulikult kofeiiniga matcha.<br>J\u00e4rgige pakendil olevaid juhiseid.<\/p>\n\n\n\n<p><strong>Koostisosad<\/strong><br>looduslikud tee-, puuvilja-, taime- ja \u00fcrdiekstraktid (s\u00f5ltuvalt segust), taimep\u00f5hine stabiliseeriv kummi.<\/p>\n\n\n\n<p><\/p>","protected":false},"excerpt":{"rendered":"<p data-start=\"0\" data-end=\"554\"><strong data-start=\"16\" data-end=\"83\">Tea-Pop - UUS! Talve soojendavad Tea-Pop pulgad, 6 maitsvat segu<\/strong>: talvine maitsekollektsioon, mis sisaldab <strong data-start=\"152\" data-end=\"233\">Sidruni-ingveri, Wildberry Punch, piparm\u00fcnt, Appleberry, Matcha ja Detox Nettle.<\/strong>. Kristalliseeritud tee pulga peal on t\u00e4ielikult lahustunud kuumas v\u00f5i k\u00fclmas vees - ei mingit muda, ei mingeid kotte, puhas ja mugav. <strong data-start=\"362\" data-end=\"436\">Ei ole lisatud suhkrut, ei sisalda kunstlikke v\u00e4rvaineid ega s\u00e4ilitusaineid, on vegan.<\/strong>, sobib ideaalselt kingituseks, kontorisse v\u00f5i reisile. Teed p\u00f5hinevad teede, puuviljade ja maitsetaimede looduslikel ekstraktidel.<\/p>\n<p data-start=\"556\" data-end=\"840\"><strong data-start=\"556\" data-end=\"579\">Miks valida<\/strong><br data-start=\"579\" data-end=\"582\" \/>\u2714\ufe0f Lahustub kuumas v\u00f5i k\u00fclmas vees - ei sisalda tahkeid aineid.<br data-start=\"637\" data-end=\"640\" \/>\u2714\ufe0f 6 populaarset talvist maitset \u00fches pakendis.<br data-start=\"688\" data-end=\"691\" \/>\u2714\ufe0f Suhkruvaba, ilma kunstlike v\u00e4rv- ja s\u00e4ilitusaineteta.<br data-start=\"742\" data-end=\"745\" data-is-only-node=\"\" \/>\u2714\ufe0f Vegan; sobib kingitusteks ja degusteerimiseks.<br data-start=\"790\" data-end=\"793\" \/>\u2714\ufe0f Korduvkasutatav pulk - mugav kasutada k\u00f5ikjal<\/p>","protected":false},"featured_media":41729,"comment_status":"open","ping_status":"closed","template":"","meta":{"_acf_changed":false},"product_brand":[446],"product_cat":[398,60],"product_tag":[],"class_list":{"0":"post-41677","1":"product","2":"type-product","3":"status-publish","4":"has-post-thumbnail","6":"product_brand-northern-tea","7":"product_cat-arbata","8":"product_cat-mitybai","10":"first","11":"outofstock","12":"shipping-taxable","13":"purchasable","14":"product-type-simple"},"acf":[],"tiered_pricing_type":"fixed","tiered_pricing_fixed_rules":[],"tiered_pricing_product_settings":{"layout":"default","base_unit_name":{"singular":null,"plural":null},"default_variation":null},"tiered_pricing_minimum_quantity":null,"tiered_pricing_roles_data":[],"tiered_pricing_percentage_rules":[],"_links":{"self":[{"href":"https:\/\/purama.lt\/ee\/wp-json\/wp\/v2\/product\/41677","targetHints":{"allow":["GET"]}}],"collection":[{"href":"https:\/\/purama.lt\/ee\/wp-json\/wp\/v2\/product"}],"about":[{"href":"https:\/\/purama.lt\/ee\/wp-json\/wp\/v2\/types\/product"}],"replies":[{"embeddable":true,"href":"https:\/\/purama.lt\/ee\/wp-json\/wp\/v2\/comments?post=41677"}],"wp:featuredmedia":[{"embeddable":true,"href":"https:\/\/purama.lt\/ee\/wp-json\/wp\/v2\/media\/41729"}],"wp:attachment":[{"href":"https:\/\/purama.lt\/ee\/wp-json\/wp\/v2\/media?parent=41677"}],"wp:term":[{"taxonomy":"product_brand","embeddable":true,"href":"https:\/\/purama.lt\/ee\/wp-json\/wp\/v2\/product_brand?post=41677"},{"taxonomy":"product_cat","embeddable":true,"href":"https:\/\/purama.lt\/ee\/wp-json\/wp\/v2\/product_cat?post=41677"},{"taxonomy":"product_tag","embeddable":true,"href":"https:\/\/purama.lt\/ee\/wp-json\/wp\/v2\/product_tag?post=41677"}],"curies":[{"name":"wp","href":"https:\/\/api.w.org\/{rel}","templated":true}]}}