{"id":41676,"date":"2025-10-31T09:37:22","date_gmt":"2025-10-31T07:37:22","guid":{"rendered":"https:\/\/purama.lt\/produktas\/northern-tea-dilgeliu-detoksikacine-arbata-ant-pagaliuko\/"},"modified":"2026-04-24T08:05:23","modified_gmt":"2026-04-24T06:05:23","slug":"pohja-tee-voilill-detox-tee-pulgal","status":"publish","type":"product","link":"https:\/\/purama.lt\/ee\/produktas\/northern-tea-dilgeliu-detoksikacine-arbata-ant-pagaliuko\/","title":{"rendered":"Northern Tea Nokkose detoksikatsioonitee pulga peal"},"content":{"rendered":"<p>Pange pulk kuuma v\u00f5i k\u00fclma vette ja segage, kuni see on t\u00e4ielikult lahustunud, seej\u00e4rel nautige.<br>Reguleerige maitse intensiivsust vee koguse j\u00e4rgi.<br>J\u00e4rgige pakendil olevaid juhiseid.<\/p>\n\n\n\n<p><strong>Koostisosad<\/strong><br>n\u00f5ges, taimep\u00f5hine stabiliseeriv kummi<\/p>","protected":false},"excerpt":{"rendered":"<p data-start=\"0\" data-end=\"401\"><strong data-start=\"16\" data-end=\"57\">Tea-Pop - Detox n\u00f5gesetee pulgas:<\/strong>\u00a0v\u00e4rske n\u00f5gesetee pulgal, kristalliseerunud ja <strong data-start=\"148\" data-end=\"203\">lahustub t\u00e4ielikult kuumas v\u00f5i k\u00fclmas vees<\/strong> - ei mingeid lahendusi ega kotte. <strong data-start=\"233\" data-end=\"288\">Ilma suhkrulisandita, taimne, vegan;<\/strong> sobib igap\u00e4evaseks joomiseks kodus, kontoris v\u00f5i teel olles. Teekristallid on valmistatud looduslikest taimeekstraktidest.<\/p>\n<p data-start=\"403\" data-end=\"623\"><strong data-start=\"403\" data-end=\"426\">Miks valida<\/strong><br data-start=\"426\" data-end=\"429\" \/>\u2714\ufe0f Lahustub ilma tahkete osakesteta - puhas ja mugav<br data-start=\"470\" data-end=\"473\" \/>\u2714\ufe0f Suhkruvaba; taimne ja vegan<br data-start=\"517\" data-end=\"520\" \/>\u2714\ufe0f Gluteeni- ja piimavaba, halal (vastavalt tootja siltidele).<br data-start=\"573\" data-end=\"576\" data-is-only-node=\"\" \/>\u2714\ufe0f Korduvkasutatav pulk - mugav kaasas k\u00e4ies ja kontoris.<\/p>","protected":false},"featured_media":41715,"comment_status":"open","ping_status":"closed","template":"","meta":{"_acf_changed":false},"product_brand":[446],"product_cat":[398,57,60],"product_tag":[],"class_list":{"0":"post-41676","1":"product","2":"type-product","3":"status-publish","4":"has-post-thumbnail","6":"product_brand-northern-tea","7":"product_cat-arbata","8":"product_cat-akcijos","9":"product_cat-mitybai","11":"first","12":"instock","13":"sale","14":"shipping-taxable","15":"purchasable","16":"product-type-simple"},"acf":[],"tiered_pricing_type":"fixed","tiered_pricing_fixed_rules":[],"tiered_pricing_product_settings":{"layout":"default","base_unit_name":{"singular":null,"plural":null},"default_variation":null},"tiered_pricing_minimum_quantity":null,"tiered_pricing_roles_data":[],"tiered_pricing_percentage_rules":[],"_links":{"self":[{"href":"https:\/\/purama.lt\/ee\/wp-json\/wp\/v2\/product\/41676","targetHints":{"allow":["GET"]}}],"collection":[{"href":"https:\/\/purama.lt\/ee\/wp-json\/wp\/v2\/product"}],"about":[{"href":"https:\/\/purama.lt\/ee\/wp-json\/wp\/v2\/types\/product"}],"replies":[{"embeddable":true,"href":"https:\/\/purama.lt\/ee\/wp-json\/wp\/v2\/comments?post=41676"}],"wp:featuredmedia":[{"embeddable":true,"href":"https:\/\/purama.lt\/ee\/wp-json\/wp\/v2\/media\/41715"}],"wp:attachment":[{"href":"https:\/\/purama.lt\/ee\/wp-json\/wp\/v2\/media?parent=41676"}],"wp:term":[{"taxonomy":"product_brand","embeddable":true,"href":"https:\/\/purama.lt\/ee\/wp-json\/wp\/v2\/product_brand?post=41676"},{"taxonomy":"product_cat","embeddable":true,"href":"https:\/\/purama.lt\/ee\/wp-json\/wp\/v2\/product_cat?post=41676"},{"taxonomy":"product_tag","embeddable":true,"href":"https:\/\/purama.lt\/ee\/wp-json\/wp\/v2\/product_tag?post=41676"}],"curies":[{"name":"wp","href":"https:\/\/api.w.org\/{rel}","templated":true}]}}