{"id":41675,"date":"2025-10-31T09:37:22","date_gmt":"2025-10-31T07:37:22","guid":{"rendered":"https:\/\/purama.lt\/produktas\/northern-tea-gurmaniska-citrusine-bergamote-arbata-ant-pagaliuko\/"},"modified":"2026-02-06T12:03:48","modified_gmt":"2026-02-06T10:03:48","slug":"pohja-tee-gurmee-tsitrusviljade-bergamoti-tee-pulgal","status":"publish","type":"product","link":"https:\/\/purama.lt\/ee\/produktas\/northern-tea-gurmaniska-citrusine-bergamote-arbata-ant-pagaliuko\/","title":{"rendered":"Northern Tea gurmee tsitrusviljade bergamoti tee pulgal"},"content":{"rendered":"<p><strong>Kasutamine<\/strong><br>Pange pulk kuuma v\u00f5i k\u00fclma vette ja segage, kuni see on t\u00e4ielikult lahustunud, seej\u00e4rel nautige.<br>Reguleerige maitse intensiivsust vee koguse j\u00e4rgi. J\u00e4rgige pakendi juhiseid.<\/p>\n\n\n\n<p><strong>Koostisosad<\/strong><br>Sri Lanka must tee (97 %), looduslik l\u00f5hna- ja maitseaine, bergamoti t\u00fckid (1 %), taimne stabiliseeriv kumm.<\/p>","protected":false},"excerpt":{"rendered":"<p data-start=\"0\" data-end=\"510\"><strong data-start=\"16\" data-end=\"63\">Tea-Pop - Earl Grey Gourmet tee pulgal!<\/strong>: klassikaline Earl Grey must tee pulgal, millel on naturaalne bergamoti aroom. Kristalliseeritud tee <strong data-start=\"197\" data-end=\"249\">lahustub t\u00e4ielikult kuumas v\u00f5i k\u00fclmas vees<\/strong>, Ei mingit paksendajat ega kotikest - mugav kodus, kontoris v\u00f5i teel olles. <strong data-start=\"315\" data-end=\"370\">Ilma suhkrulisandita, taimne, vegan.<\/strong> Must tee on looduslikult kofeiiniga; selle pol\u00fcfenoolid (nt teaflaviinid) on h\u00e4sti uuritud ja neid hinnatakse nende maitse- ja aroomikvaliteedi poolest.<\/p>\n<p data-start=\"512\" data-end=\"778\"><strong data-start=\"512\" data-end=\"535\">Miks valida<\/strong><br data-start=\"535\" data-end=\"538\" \/>\u2714\ufe0f Lahustub ilma tahkete osakesteta - kiire ja puhas<br data-start=\"579\" data-end=\"582\" \/>\u2714\ufe0f Klassikaline bergamoti l\u00f5hn Earl Grey'i austajatele.<br data-start=\"636\" data-end=\"639\" \/>\u2714\ufe0f Ilma lisatud suhkruta, taimse p\u00e4ritoluga<br data-start=\"681\" data-end=\"684\" \/>\u2714\ufe0f Korduvkasutatav pulk - mugav kaasas k\u00e4ies ja kontoris.<br data-start=\"731\" data-end=\"734\" \/>\u2714\ufe0f Looduslik tee ja taimeekstraktid<\/p>","protected":false},"featured_media":42108,"comment_status":"open","ping_status":"closed","template":"","meta":{"_acf_changed":true},"product_brand":[446],"product_cat":[398,60],"product_tag":[],"class_list":{"0":"post-41675","1":"product","2":"type-product","3":"status-publish","4":"has-post-thumbnail","6":"product_brand-northern-tea","7":"product_cat-arbata","8":"product_cat-mitybai","10":"first","11":"outofstock","12":"shipping-taxable","13":"purchasable","14":"product-type-simple"},"acf":[],"tiered_pricing_type":"fixed","tiered_pricing_fixed_rules":[],"tiered_pricing_product_settings":{"layout":"default","base_unit_name":{"singular":null,"plural":null},"default_variation":null},"tiered_pricing_minimum_quantity":null,"tiered_pricing_roles_data":[],"tiered_pricing_percentage_rules":[],"_links":{"self":[{"href":"https:\/\/purama.lt\/ee\/wp-json\/wp\/v2\/product\/41675","targetHints":{"allow":["GET"]}}],"collection":[{"href":"https:\/\/purama.lt\/ee\/wp-json\/wp\/v2\/product"}],"about":[{"href":"https:\/\/purama.lt\/ee\/wp-json\/wp\/v2\/types\/product"}],"replies":[{"embeddable":true,"href":"https:\/\/purama.lt\/ee\/wp-json\/wp\/v2\/comments?post=41675"}],"wp:featuredmedia":[{"embeddable":true,"href":"https:\/\/purama.lt\/ee\/wp-json\/wp\/v2\/media\/42108"}],"wp:attachment":[{"href":"https:\/\/purama.lt\/ee\/wp-json\/wp\/v2\/media?parent=41675"}],"wp:term":[{"taxonomy":"product_brand","embeddable":true,"href":"https:\/\/purama.lt\/ee\/wp-json\/wp\/v2\/product_brand?post=41675"},{"taxonomy":"product_cat","embeddable":true,"href":"https:\/\/purama.lt\/ee\/wp-json\/wp\/v2\/product_cat?post=41675"},{"taxonomy":"product_tag","embeddable":true,"href":"https:\/\/purama.lt\/ee\/wp-json\/wp\/v2\/product_tag?post=41675"}],"curies":[{"name":"wp","href":"https:\/\/api.w.org\/{rel}","templated":true}]}}