{"id":41674,"date":"2025-10-31T09:37:21","date_gmt":"2025-10-31T07:37:21","guid":{"rendered":"https:\/\/purama.lt\/produktas\/northern-tea-ramuneliu-arbata-ant-pagaliuko\/"},"modified":"2026-04-13T16:42:20","modified_gmt":"2026-04-13T14:42:20","slug":"pohja-tee-kummelitee-pulgal","status":"publish","type":"product","link":"https:\/\/purama.lt\/ee\/produktas\/northern-tea-ramuneliu-arbata-ant-pagaliuko\/","title":{"rendered":"Northern Tea Kummel tee pulgal"},"content":{"rendered":"<p><strong>Kasutamine<\/strong><br>Pange pulk kuuma v\u00f5i k\u00fclma vette ja segage, kuni see on t\u00e4ielikult lahustunud.<br>Reguleerige maitse intensiivsust vee koguse j\u00e4rgi.<br>J\u00e4rgige pakendil olevaid juhiseid.<\/p>\n\n\n\n<p><strong>Koostisosad<\/strong><br>kummel, taimne stabiliseeriv kummi<\/p>","protected":false},"excerpt":{"rendered":"<p data-start=\"0\" data-end=\"329\"><strong data-start=\"16\" data-end=\"54\">Tea-Pop - Kummelitee pulgakese<\/strong> rahustav kummelitee pulgal, kristalliseerunud ja <strong data-start=\"121\" data-end=\"173\">lahustub t\u00e4ielikult kuumas v\u00f5i k\u00fclmas vees<\/strong> - ei mingeid lahendusi ega kotte. <strong data-start=\"203\" data-end=\"258\">Ilma suhkrulisandita, taimne, vegan.<\/strong> Kummel on looduslikult kofeiinivaba, seega sobib see mis tahes kellaajal.<\/p>\n<p data-start=\"331\" data-end=\"532\"><strong data-start=\"331\" data-end=\"354\">Miks valida<\/strong><br data-start=\"354\" data-end=\"357\" \/>\u2714\ufe0f Kiiresti lahustuv - puhas ja mugav<br data-start=\"395\" data-end=\"398\" \/>\u2714\ufe0f Kerge, kummeli maitse ilma kofeiinita.<br data-start=\"437\" data-end=\"440\" \/>\u2714\ufe0f Ilma lisatud suhkruta, taimse p\u00e4ritoluga<br data-start=\"482\" data-end=\"485\" data-is-only-node=\"\" \/>\u2714\ufe0f Korduvkasutatav pulk - mugav kaasas k\u00e4ies ja kontoris.<\/p>","protected":false},"featured_media":41708,"comment_status":"open","ping_status":"closed","template":"","meta":{"_acf_changed":false},"product_brand":[446],"product_cat":[398,57,60],"product_tag":[],"class_list":{"0":"post-41674","1":"product","2":"type-product","3":"status-publish","4":"has-post-thumbnail","6":"product_brand-northern-tea","7":"product_cat-arbata","8":"product_cat-akcijos","9":"product_cat-mitybai","11":"first","12":"instock","13":"sale","14":"shipping-taxable","15":"purchasable","16":"product-type-simple"},"acf":[],"tiered_pricing_type":"fixed","tiered_pricing_fixed_rules":[],"tiered_pricing_product_settings":{"layout":"default","base_unit_name":{"singular":null,"plural":null},"default_variation":null},"tiered_pricing_minimum_quantity":null,"tiered_pricing_roles_data":[],"tiered_pricing_percentage_rules":[],"_links":{"self":[{"href":"https:\/\/purama.lt\/ee\/wp-json\/wp\/v2\/product\/41674","targetHints":{"allow":["GET"]}}],"collection":[{"href":"https:\/\/purama.lt\/ee\/wp-json\/wp\/v2\/product"}],"about":[{"href":"https:\/\/purama.lt\/ee\/wp-json\/wp\/v2\/types\/product"}],"replies":[{"embeddable":true,"href":"https:\/\/purama.lt\/ee\/wp-json\/wp\/v2\/comments?post=41674"}],"wp:featuredmedia":[{"embeddable":true,"href":"https:\/\/purama.lt\/ee\/wp-json\/wp\/v2\/media\/41708"}],"wp:attachment":[{"href":"https:\/\/purama.lt\/ee\/wp-json\/wp\/v2\/media?parent=41674"}],"wp:term":[{"taxonomy":"product_brand","embeddable":true,"href":"https:\/\/purama.lt\/ee\/wp-json\/wp\/v2\/product_brand?post=41674"},{"taxonomy":"product_cat","embeddable":true,"href":"https:\/\/purama.lt\/ee\/wp-json\/wp\/v2\/product_cat?post=41674"},{"taxonomy":"product_tag","embeddable":true,"href":"https:\/\/purama.lt\/ee\/wp-json\/wp\/v2\/product_tag?post=41674"}],"curies":[{"name":"wp","href":"https:\/\/api.w.org\/{rel}","templated":true}]}}