{"id":41673,"date":"2025-10-31T09:37:20","date_gmt":"2025-10-31T07:37:20","guid":{"rendered":"https:\/\/purama.lt\/produktas\/northern-tea-zoleliu-ir-vaisiu-arbata-ant-pagaliuko\/"},"modified":"2026-04-13T16:43:41","modified_gmt":"2026-04-13T14:43:41","slug":"pohja-tee-taimne-ja-puuvilja-tee-pulgal","status":"publish","type":"product","link":"https:\/\/purama.lt\/ee\/produktas\/northern-tea-zoleliu-ir-vaisiu-arbata-ant-pagaliuko\/","title":{"rendered":"Northern Tea Taime- ja puuviljatee pulga peal"},"content":{"rendered":"<p><strong>Kasutamine<\/strong><br>Pange pulk kuuma v\u00f5i k\u00fclma vette ja segage, kuni see on t\u00e4ielikult lahustunud.<br>Reguleerige maitse intensiivsust vee koguse j\u00e4rgi.<br>J\u00e4rgige pakendil olevaid juhiseid.<\/p>\n\n\n\n<p><strong>Koostisosad<\/strong><br>looduslikud tee-, puuvilja-, taime- ja \u00fcrdiekstraktid (s\u00f5ltuvalt segust), taimep\u00f5hine stabiliseeriv kummi.<\/p>","protected":false},"excerpt":{"rendered":"<p data-start=\"0\" data-end=\"632\"><strong data-start=\"16\" data-end=\"90\">Tea-Pop - Taime- ja puuviljatee pulgale, 100% Looduslik kristalliseeritud tee<\/strong> gurmeekomplekt kristalliseeritud tee pulgal kingituseks v\u00f5i degusteerimiseks. T\u00e4ielikult lahustunud kuumas v\u00f5i k\u00fclmas vees - ei mingeid setteid ega kotte. Ilma suhkrulisandita, taimne, vegan. Maitsesuundade valik: <strong data-start=\"336\" data-end=\"354\">Taimsed ja puuviljad<\/strong> (Crispy Caramel, Lemon &amp; Ginger, Passionfruit Punch), <strong data-start=\"409\" data-end=\"420\">Klassikaline<\/strong> (English Breakfast, Earl Grey, Jasmine Green), <strong data-start=\"468\" data-end=\"485\">Talvine soojendaja<\/strong> (Wildberry Punch, Lemon Ginger, Peppermint, British Gourmet Tea). Teekristallid on valmistatud teede, puuviljade ja maitsetaimede looduslikest ekstraktidest.<\/p>\n<p data-start=\"634\" data-end=\"901\"><strong data-start=\"634\" data-end=\"657\">Miks valida<\/strong><br data-start=\"657\" data-end=\"660\" \/>\u2714\ufe0f Lahustub ilma tahkete osakesteta - puhas ja mugav<br data-start=\"701\" data-end=\"704\" \/>\u2714\ufe0f 3 kollektsiooni ja erinevad maitsed \u00fches kohas<br data-start=\"754\" data-end=\"757\" \/>\u2714\ufe0f Ilma lisatud suhkruta, taimsed, vegan<br data-start=\"810\" data-end=\"813\" data-is-only-node=\"\" \/>\u2714\ufe0f Gluteeni- ja piimavaba; halal vastavalt tootja etiketile.<br data-start=\"866\" data-end=\"869\" \/>\u2714\ufe0f Suurep\u00e4rane idee kingituseks v\u00f5i kontorisse<\/p>","protected":false},"featured_media":41728,"comment_status":"open","ping_status":"closed","template":"","meta":{"_acf_changed":true},"product_brand":[446],"product_cat":[398,57,60],"product_tag":[],"class_list":{"0":"post-41673","1":"product","2":"type-product","3":"status-publish","4":"has-post-thumbnail","6":"product_brand-northern-tea","7":"product_cat-arbata","8":"product_cat-akcijos","9":"product_cat-mitybai","11":"first","12":"instock","13":"sale","14":"shipping-taxable","15":"purchasable","16":"product-type-simple"},"acf":[],"tiered_pricing_type":"fixed","tiered_pricing_fixed_rules":[],"tiered_pricing_product_settings":{"layout":"default","base_unit_name":{"singular":null,"plural":null},"default_variation":null},"tiered_pricing_minimum_quantity":null,"tiered_pricing_roles_data":[],"tiered_pricing_percentage_rules":[],"_links":{"self":[{"href":"https:\/\/purama.lt\/ee\/wp-json\/wp\/v2\/product\/41673","targetHints":{"allow":["GET"]}}],"collection":[{"href":"https:\/\/purama.lt\/ee\/wp-json\/wp\/v2\/product"}],"about":[{"href":"https:\/\/purama.lt\/ee\/wp-json\/wp\/v2\/types\/product"}],"replies":[{"embeddable":true,"href":"https:\/\/purama.lt\/ee\/wp-json\/wp\/v2\/comments?post=41673"}],"wp:featuredmedia":[{"embeddable":true,"href":"https:\/\/purama.lt\/ee\/wp-json\/wp\/v2\/media\/41728"}],"wp:attachment":[{"href":"https:\/\/purama.lt\/ee\/wp-json\/wp\/v2\/media?parent=41673"}],"wp:term":[{"taxonomy":"product_brand","embeddable":true,"href":"https:\/\/purama.lt\/ee\/wp-json\/wp\/v2\/product_brand?post=41673"},{"taxonomy":"product_cat","embeddable":true,"href":"https:\/\/purama.lt\/ee\/wp-json\/wp\/v2\/product_cat?post=41673"},{"taxonomy":"product_tag","embeddable":true,"href":"https:\/\/purama.lt\/ee\/wp-json\/wp\/v2\/product_tag?post=41673"}],"curies":[{"name":"wp","href":"https:\/\/api.w.org\/{rel}","templated":true}]}}