{"id":41672,"date":"2025-10-31T09:37:19","date_gmt":"2025-10-31T07:37:19","guid":{"rendered":"https:\/\/purama.lt\/produktas\/northern-tea-traski-karameles-arbata-ant-pagaliuko\/"},"modified":"2026-04-13T16:42:30","modified_gmt":"2026-04-13T14:42:30","slug":"pohja-tee-kolm-karamellteed-pulgal","status":"publish","type":"product","link":"https:\/\/purama.lt\/ee\/produktas\/northern-tea-traski-karameles-arbata-ant-pagaliuko\/","title":{"rendered":"Northern Tea kr\u00f5be karamelltee pulgal"},"content":{"rendered":"<p><strong>Kasutamine<\/strong><br>Pange pulk kuuma v\u00f5i k\u00fclma vette ja segage, kuni see on t\u00e4ielikult lahustunud, seej\u00e4rel nautige.<br>Reguleerige maitse intensiivsust vee koguse j\u00e4rgi.<br>J\u00e4rgige pakendil olevaid juhiseid.<\/p>\n\n\n\n<p><strong>Koostisosad<\/strong><br>looduslik teeekstrakt, taime- ja ravimtaimeekstraktid, looduslik l\u00f5hna- ja maitseaine, taimne stabiliseeriv kummi<\/p>","protected":false},"excerpt":{"rendered":"<p data-start=\"0\" data-end=\"326\"><strong data-start=\"16\" data-end=\"60\">Tea-Pop - kr\u00f5mpsuv karamelltee pulgal!<\/strong> Dessertist inspireeritud tee pulgal, millel on tunda kr\u00f5bedat karamellimaitset. Kristalliseeritud tee <strong data-start=\"153\" data-end=\"205\">lahustub t\u00e4ielikult kuumas v\u00f5i k\u00fclmas vees<\/strong>, Ei mingit paksendajat ega kotikest - mugav kodus, kontoris v\u00f5i teel olles. <strong data-start=\"271\" data-end=\"326\">Ilma suhkrulisandita, taimne, vegan.<\/strong><\/p>\n<p data-start=\"328\" data-end=\"522\"><strong data-start=\"328\" data-end=\"351\">Miks valida<\/strong><br data-start=\"351\" data-end=\"354\" \/>\u2714\ufe0f Lahustub ilma tahkete osakesteta - puhas ja kiire<br data-start=\"395\" data-end=\"398\" \/>\u2714\ufe0f Klassikaline karamellimaitse ilma suhkruta<br data-start=\"439\" data-end=\"442\" \/>\u2714\ufe0f Taimep\u00f5hine, vegan<br data-start=\"472\" data-end=\"475\" data-is-only-node=\"\" \/>\u2714\ufe0f Korduvkasutatav pulk - mugav kaasas k\u00e4ies ja kontoris.<\/p>","protected":false},"featured_media":41714,"comment_status":"open","ping_status":"closed","template":"","meta":{"_acf_changed":false},"product_brand":[446],"product_cat":[398,57,60],"product_tag":[],"class_list":{"0":"post-41672","1":"product","2":"type-product","3":"status-publish","4":"has-post-thumbnail","6":"product_brand-northern-tea","7":"product_cat-arbata","8":"product_cat-akcijos","9":"product_cat-mitybai","11":"first","12":"instock","13":"sale","14":"shipping-taxable","15":"purchasable","16":"product-type-simple"},"acf":[],"tiered_pricing_type":"fixed","tiered_pricing_fixed_rules":[],"tiered_pricing_product_settings":{"layout":"default","base_unit_name":{"singular":null,"plural":null},"default_variation":null},"tiered_pricing_minimum_quantity":null,"tiered_pricing_roles_data":[],"tiered_pricing_percentage_rules":[],"_links":{"self":[{"href":"https:\/\/purama.lt\/ee\/wp-json\/wp\/v2\/product\/41672","targetHints":{"allow":["GET"]}}],"collection":[{"href":"https:\/\/purama.lt\/ee\/wp-json\/wp\/v2\/product"}],"about":[{"href":"https:\/\/purama.lt\/ee\/wp-json\/wp\/v2\/types\/product"}],"replies":[{"embeddable":true,"href":"https:\/\/purama.lt\/ee\/wp-json\/wp\/v2\/comments?post=41672"}],"wp:featuredmedia":[{"embeddable":true,"href":"https:\/\/purama.lt\/ee\/wp-json\/wp\/v2\/media\/41714"}],"wp:attachment":[{"href":"https:\/\/purama.lt\/ee\/wp-json\/wp\/v2\/media?parent=41672"}],"wp:term":[{"taxonomy":"product_brand","embeddable":true,"href":"https:\/\/purama.lt\/ee\/wp-json\/wp\/v2\/product_brand?post=41672"},{"taxonomy":"product_cat","embeddable":true,"href":"https:\/\/purama.lt\/ee\/wp-json\/wp\/v2\/product_cat?post=41672"},{"taxonomy":"product_tag","embeddable":true,"href":"https:\/\/purama.lt\/ee\/wp-json\/wp\/v2\/product_tag?post=41672"}],"curies":[{"name":"wp","href":"https:\/\/api.w.org\/{rel}","templated":true}]}}