{"id":41670,"date":"2025-10-31T09:37:18","date_gmt":"2025-10-31T07:37:18","guid":{"rendered":"https:\/\/purama.lt\/produktas\/northern-tea-juodoji-gurmaniska-arbata-ant-pagaliuko\/"},"modified":"2026-04-13T16:42:37","modified_gmt":"2026-04-13T14:42:37","slug":"pohja-tee-must-gurmeetee-pulga-peal","status":"publish","type":"product","link":"https:\/\/purama.lt\/ee\/produktas\/northern-tea-juodoji-gurmaniska-arbata-ant-pagaliuko\/","title":{"rendered":"Northern Tea Must gurmeetee pulgal"},"content":{"rendered":"<p><strong>Kasutamine<\/strong><br>Pange pulk kuuma v\u00f5i k\u00fclma vette ja segage, kuni see on t\u00e4ielikult lahustunud.<br>Reguleerige maitse intensiivsust vee koguse j\u00e4rgi.<br>J\u00e4rgige pakendil olevaid juhiseid.<\/p>\n\n\n\n<p><strong>Koostisosad<\/strong><br>must tee (Darjeeling), taimne stabiliseeriv kummi<\/p>","protected":false},"excerpt":{"rendered":"<p data-start=\"0\" data-end=\"469\"><strong data-start=\"16\" data-end=\"64\">Tea-Pop - Darjeeling Gourmet tee pulgale!<\/strong> klassikaline Darjeelingi must tee pulgal, millel on peene muskatlikompveki noot. Kristalliseeritud tee <strong data-start=\"164\" data-end=\"216\">lahustub t\u00e4ielikult kuumas v\u00f5i k\u00fclmas vees<\/strong> - ilma paksendajata ja ilma kotikesteta, mugav kodus, kontoris v\u00f5i teel olles. <strong data-start=\"282\" data-end=\"337\">Ilma suhkrulisandita, taimne, vegan.<\/strong> Must tee sisaldab looduslikult kofeiini; selle pol\u00fcfenoolid (nt teaflaviinid) on h\u00e4sti uuritud ja neid hinnatakse nende maitse ja aroomi poolest.<\/p>\n<p data-start=\"471\" data-end=\"716\"><strong data-start=\"471\" data-end=\"494\">Miks valida<\/strong><br data-start=\"494\" data-end=\"497\" \/>\u2714\ufe0f Lahustub ilma tahkete osakesteta - puhas ja kiire<br data-start=\"538\" data-end=\"541\" \/>\u2714\ufe0f T\u00f5eline Darjeelingi maitse musta tee austajatele<br data-start=\"595\" data-end=\"598\" \/>\u2714\ufe0f Ilma lisatud suhkruta, taimse p\u00e4ritoluga<br data-start=\"640\" data-end=\"643\" \/>\u2714\ufe0f Korduvkasutatav pulk - mugav kaasas k\u00e4ies ja kontoris.<br data-start=\"690\" data-end=\"693\" \/>\u2714\ufe0f Loodusliku kofeiiniga<\/p>","protected":false},"featured_media":41711,"comment_status":"open","ping_status":"closed","template":"","meta":{"_acf_changed":false},"product_brand":[446],"product_cat":[398,57,60],"product_tag":[],"class_list":{"0":"post-41670","1":"product","2":"type-product","3":"status-publish","4":"has-post-thumbnail","6":"product_brand-northern-tea","7":"product_cat-arbata","8":"product_cat-akcijos","9":"product_cat-mitybai","11":"first","12":"instock","13":"sale","14":"shipping-taxable","15":"purchasable","16":"product-type-simple"},"acf":[],"tiered_pricing_type":"fixed","tiered_pricing_fixed_rules":[],"tiered_pricing_product_settings":{"layout":"default","base_unit_name":{"singular":null,"plural":null},"default_variation":null},"tiered_pricing_minimum_quantity":null,"tiered_pricing_roles_data":[],"tiered_pricing_percentage_rules":[],"_links":{"self":[{"href":"https:\/\/purama.lt\/ee\/wp-json\/wp\/v2\/product\/41670","targetHints":{"allow":["GET"]}}],"collection":[{"href":"https:\/\/purama.lt\/ee\/wp-json\/wp\/v2\/product"}],"about":[{"href":"https:\/\/purama.lt\/ee\/wp-json\/wp\/v2\/types\/product"}],"replies":[{"embeddable":true,"href":"https:\/\/purama.lt\/ee\/wp-json\/wp\/v2\/comments?post=41670"}],"wp:featuredmedia":[{"embeddable":true,"href":"https:\/\/purama.lt\/ee\/wp-json\/wp\/v2\/media\/41711"}],"wp:attachment":[{"href":"https:\/\/purama.lt\/ee\/wp-json\/wp\/v2\/media?parent=41670"}],"wp:term":[{"taxonomy":"product_brand","embeddable":true,"href":"https:\/\/purama.lt\/ee\/wp-json\/wp\/v2\/product_brand?post=41670"},{"taxonomy":"product_cat","embeddable":true,"href":"https:\/\/purama.lt\/ee\/wp-json\/wp\/v2\/product_cat?post=41670"},{"taxonomy":"product_tag","embeddable":true,"href":"https:\/\/purama.lt\/ee\/wp-json\/wp\/v2\/product_tag?post=41670"}],"curies":[{"name":"wp","href":"https:\/\/api.w.org\/{rel}","templated":true}]}}