{"id":41669,"date":"2025-10-31T09:37:17","date_gmt":"2025-10-31T07:37:17","guid":{"rendered":"https:\/\/purama.lt\/produktas\/northern-tea-ivairiu-misko-uogu-gurmaniska-arbata-ant-pagaliuko\/"},"modified":"2026-04-25T08:14:09","modified_gmt":"2026-04-25T06:14:09","slug":"pohja-tee-gurmeetee-pulgal-erinevate-metsamarjadega","status":"publish","type":"product","link":"https:\/\/purama.lt\/ee\/produktas\/northern-tea-ivairiu-misko-uogu-gurmaniska-arbata-ant-pagaliuko\/","title":{"rendered":"Northern Tea Gourmet tee pulgal erinevate metsamarjadega"},"content":{"rendered":"<p><strong>Kasutamine<\/strong><br>Kasta pulk kuuma vette (umbes 200-250 ml) ja sega, kuni see on t\u00e4ielikult lahustunud. V\u00f5ib valmistada ka k\u00fclmas vees, kuna see lahustub aeglasemalt. J\u00e4rgige pakendi juhiseid. <\/p>\n\n\n\n<p><strong>Koostisosad<\/strong><br>hibiskus, \u00f5unat\u00fckid, pihlakad, k\u00fclmkuivatatud vaarikas, taimne stabiliseeriv kumm.<\/p>\n\n\n\n<p><\/p>","protected":false},"excerpt":{"rendered":"<p data-start=\"0\" data-end=\"576\"><strong data-start=\"16\" data-end=\"85\">Tea-Pop - WildBerry Punch Gourmet Tea On-A-Stick (20x pulgakast)<\/strong> - Puuviljane, v\u00e4rskendav \u201etee pulgal\u201c, mis lahustub kergesti kuumas vees, et saada puhas, lehtedeta jook. Mugav kodus, t\u00f6\u00f6l v\u00f5i teel olles ning iga pulk on \u00fckshaaval pakendatud - suurep\u00e4rane kingiidee. <strong data-start=\"312\" data-end=\"383\">Valmistatud looduslikest tee-, puuvilja-, taime- ja ravimtaimeekstraktidest.<\/strong>, Lahustub kuumas ja k\u00fclmas vees. Puuviljateede (hibiskus, roosi\u00f5ied) baasil kasutatakse laialdaselt maitsvat, looduslikult happelisemat maitset. <br data-start=\"601\" data-end=\"604\" \/>\u2714\ufe0f Mugav: ei mingeid teelehti, ei mingit setteid - lihtsalt lisage ja segage.<br data-start=\"784\" data-end=\"787\" data-is-only-node=\"\" \/>\u2714\ufe0f 100 % Looduslikud taime- ja puuviljaekstraktid.<br data-start=\"871\" data-end=\"874\" \/>\u2714\ufe0f Iga pulk on \u00fckshaaval pakendatud - h\u00fcgieeniline ja mugav kinkimiseks.<\/p>","protected":false},"featured_media":41710,"comment_status":"open","ping_status":"closed","template":"","meta":{"_acf_changed":false},"product_brand":[446],"product_cat":[398,57,60],"product_tag":[],"class_list":{"0":"post-41669","1":"product","2":"type-product","3":"status-publish","4":"has-post-thumbnail","6":"product_brand-northern-tea","7":"product_cat-arbata","8":"product_cat-akcijos","9":"product_cat-mitybai","11":"first","12":"instock","13":"sale","14":"shipping-taxable","15":"purchasable","16":"product-type-simple"},"acf":[],"tiered_pricing_type":"fixed","tiered_pricing_fixed_rules":[],"tiered_pricing_product_settings":{"layout":"default","base_unit_name":{"singular":null,"plural":null},"default_variation":null},"tiered_pricing_minimum_quantity":null,"tiered_pricing_roles_data":[],"tiered_pricing_percentage_rules":[],"_links":{"self":[{"href":"https:\/\/purama.lt\/ee\/wp-json\/wp\/v2\/product\/41669","targetHints":{"allow":["GET"]}}],"collection":[{"href":"https:\/\/purama.lt\/ee\/wp-json\/wp\/v2\/product"}],"about":[{"href":"https:\/\/purama.lt\/ee\/wp-json\/wp\/v2\/types\/product"}],"replies":[{"embeddable":true,"href":"https:\/\/purama.lt\/ee\/wp-json\/wp\/v2\/comments?post=41669"}],"wp:featuredmedia":[{"embeddable":true,"href":"https:\/\/purama.lt\/ee\/wp-json\/wp\/v2\/media\/41710"}],"wp:attachment":[{"href":"https:\/\/purama.lt\/ee\/wp-json\/wp\/v2\/media?parent=41669"}],"wp:term":[{"taxonomy":"product_brand","embeddable":true,"href":"https:\/\/purama.lt\/ee\/wp-json\/wp\/v2\/product_brand?post=41669"},{"taxonomy":"product_cat","embeddable":true,"href":"https:\/\/purama.lt\/ee\/wp-json\/wp\/v2\/product_cat?post=41669"},{"taxonomy":"product_tag","embeddable":true,"href":"https:\/\/purama.lt\/ee\/wp-json\/wp\/v2\/product_tag?post=41669"}],"curies":[{"name":"wp","href":"https:\/\/api.w.org\/{rel}","templated":true}]}}