{"id":41668,"date":"2025-10-31T09:37:17","date_gmt":"2025-10-31T07:37:17","guid":{"rendered":"https:\/\/purama.lt\/produktas\/northern-tea-jazminu-gurmaniska-arbata-ant-pagaliuko\/"},"modified":"2026-04-13T16:42:42","modified_gmt":"2026-04-13T14:42:42","slug":"pohja-tee-jasmiinist-gurmeetee-pulgal","status":"publish","type":"product","link":"https:\/\/purama.lt\/ee\/produktas\/northern-tea-jazminu-gurmaniska-arbata-ant-pagaliuko\/","title":{"rendered":"P\u00f5hja tee jasmiinist gurmeetee pulgal"},"content":{"rendered":"<p><strong>Kasutamine<\/strong><br>Asetage \u00fcks tikk kuuma v\u00f5i k\u00fclma vette ja segage, kuni see on t\u00e4ielikult lahustunud.<br>\u00dche portsjoni kohta soovitatakse 1 tikk 1 tassi kohta.<br>J\u00e4rgige pakendil olevaid juhiseid<\/p>\n\n\n\n<p><strong>Koostisosad<\/strong><br>jasmiini roheline tee (94%), jasmiini \u00f5ied, taimne stabiliseeriv kummi.<\/p>","protected":false},"excerpt":{"rendered":"<p data-start=\"0\" data-end=\"506\"><strong data-start=\"16\" data-end=\"61\">Tea-Pop - Jasmine Gourmet Tea On-A-Stick.<\/strong> Kristalliseerunud jasmiinist rohelise tee pulk lahustub mugavalt tassis ja pakub koheselt \u00f5rnalt lillelist, v\u00e4rskendavat teeelamust. <strong data-start=\"210\" data-end=\"261\">Valmistatud 100 % looduslikust teeekstraktist<\/strong>, <strong data-start=\"263\" data-end=\"312\">lahustub nii kuumas kui ka k\u00fclmas vees<\/strong>, <strong data-start=\"314\" data-end=\"339\">ilma suhkrulisandita<\/strong>, taimede koostis. Ideaalne valik igap\u00e4evaseks rituaaliks v\u00f5i <strong data-start=\"402\" data-end=\"413\">annetamiseks<\/strong>. P\u00f5hineb h\u00e4sti uuritud rohelise tee baasil koos looduslike antioks\u00fcdantidega.<\/p>\n<p data-start=\"508\" data-end=\"761\"><strong data-start=\"508\" data-end=\"531\">Miks valida<\/strong><br data-start=\"531\" data-end=\"534\" \/>\u2714\ufe0f Lahustub hetkega ilma teekottideta<br data-start=\"579\" data-end=\"582\" data-is-only-node=\"\" \/>\u2714\ufe0f \u00d5rn jasmiini aroom ja rohelise tee maitse.<br data-start=\"637\" data-end=\"640\" \/>\u2714\ufe0f Ilma lisatud suhkruta, taimne<br data-start=\"682\" data-end=\"685\" \/>\u2714\ufe0f Sobib nii kuuma kui ka j\u00e4\u00e4tee jaoks.<br data-start=\"727\" data-end=\"730\" \/>\u2714\ufe0f Mugav reisimiseks ja kingituste tegemiseks<\/p>","protected":false},"featured_media":41712,"comment_status":"open","ping_status":"closed","template":"","meta":{"_acf_changed":false},"product_brand":[446],"product_cat":[398,57,60],"product_tag":[],"class_list":{"0":"post-41668","1":"product","2":"type-product","3":"status-publish","4":"has-post-thumbnail","6":"product_brand-northern-tea","7":"product_cat-arbata","8":"product_cat-akcijos","9":"product_cat-mitybai","11":"first","12":"instock","13":"sale","14":"shipping-taxable","15":"purchasable","16":"product-type-simple"},"acf":[],"tiered_pricing_type":"fixed","tiered_pricing_fixed_rules":[],"tiered_pricing_product_settings":{"layout":"default","base_unit_name":{"singular":null,"plural":null},"default_variation":null},"tiered_pricing_minimum_quantity":null,"tiered_pricing_roles_data":[],"tiered_pricing_percentage_rules":[],"_links":{"self":[{"href":"https:\/\/purama.lt\/ee\/wp-json\/wp\/v2\/product\/41668","targetHints":{"allow":["GET"]}}],"collection":[{"href":"https:\/\/purama.lt\/ee\/wp-json\/wp\/v2\/product"}],"about":[{"href":"https:\/\/purama.lt\/ee\/wp-json\/wp\/v2\/types\/product"}],"replies":[{"embeddable":true,"href":"https:\/\/purama.lt\/ee\/wp-json\/wp\/v2\/comments?post=41668"}],"wp:featuredmedia":[{"embeddable":true,"href":"https:\/\/purama.lt\/ee\/wp-json\/wp\/v2\/media\/41712"}],"wp:attachment":[{"href":"https:\/\/purama.lt\/ee\/wp-json\/wp\/v2\/media?parent=41668"}],"wp:term":[{"taxonomy":"product_brand","embeddable":true,"href":"https:\/\/purama.lt\/ee\/wp-json\/wp\/v2\/product_brand?post=41668"},{"taxonomy":"product_cat","embeddable":true,"href":"https:\/\/purama.lt\/ee\/wp-json\/wp\/v2\/product_cat?post=41668"},{"taxonomy":"product_tag","embeddable":true,"href":"https:\/\/purama.lt\/ee\/wp-json\/wp\/v2\/product_tag?post=41668"}],"curies":[{"name":"wp","href":"https:\/\/api.w.org\/{rel}","templated":true}]}}