{"id":41667,"date":"2025-10-31T09:37:16","date_gmt":"2025-10-31T07:37:16","guid":{"rendered":"https:\/\/purama.lt\/produktas\/northern-tea-dilgeliu-detoksikacines-arbatos-ledinukas\/"},"modified":"2026-04-16T07:26:27","modified_gmt":"2026-04-16T05:26:27","slug":"pohja-tee-voilille-detoksikatsioonitee-lollipop","status":"publish","type":"product","link":"https:\/\/purama.lt\/ee\/produktas\/northern-tea-dilgeliu-detoksikacines-arbatos-ledinukas\/","title":{"rendered":"Northern Tea Nokkose Detox tee lollipop"},"content":{"rendered":"<p><strong>Kasutamine<\/strong><br>Asetage \u00fcks kuubik ~200-250 ml kuuma vee sisse ja segage, kuni see on lahustunud. V\u00f5ib valmistada ka k\u00fclmas vees - lahustub aeglasemalt. J\u00e4rgige pakendi juhiseid.<\/p>\n\n\n\n<p><strong>Koostisosad<\/strong><br>n\u00f5gese lehed, piparm\u00fcnt, taimeekstraktid<\/p>","protected":false},"excerpt":{"rendered":"<p data-start=\"0\" data-end=\"406\"><strong data-start=\"16\" data-end=\"75\">Tea-Pop - Detox n\u00f5gesetee, kiire keetmine, Gourmet tee<\/strong> - kofeiinivaba, kiiresti lahustuv taimetee <strong data-start=\"124\" data-end=\"146\">kuubikud torus<\/strong>, ja mitte pulgaga. Visake kuubik vette ja segage - ei mingit kotti, ei mingit setteid. Iga kuubik on \u00fckshaaval pakendatud, nii et see on mugav kaasas v\u00f5i kingituseks. <strong data-start=\"306\" data-end=\"355\">100 % Taimset p\u00e4ritolu, suhkrulisandita<\/strong>, Sellel on meeldivalt \u00fcrdine, kergelt piparm\u00fcndiroheline v\u00e4rskus.<\/p>\n<p data-start=\"408\" data-end=\"714\"><strong data-start=\"408\" data-end=\"431\">Miks valida<\/strong><br data-start=\"431\" data-end=\"434\" \/>\u2714\ufe0f Quick Brew kuubikud: lahustuvad otse tassis, ei vaja teekotte<br data-start=\"507\" data-end=\"510\" \/>\u2714\ufe0f Kofeiinivaba, sobib mis tahes kellaajal kasutamiseks.<br data-start=\"552\" data-end=\"555\" \/>\u2714\ufe0f 100 % Taimset p\u00e4ritolu, suhkrulisandita<br data-start=\"603\" data-end=\"606\" data-is-only-node=\"\" \/>\u2714\ufe0f Saab kasutada nii kuumade kui ka k\u00fclmade jookide jaoks.<br data-start=\"647\" data-end=\"650\" \/>\u2714\ufe0f 8 \u00fcksikult pakendatud kuubikut tuubis - h\u00fcgieeniline ja mugav<\/p>","protected":false},"featured_media":41722,"comment_status":"open","ping_status":"closed","template":"","meta":{"_acf_changed":true},"product_brand":[446],"product_cat":[398,57,60],"product_tag":[],"class_list":{"0":"post-41667","1":"product","2":"type-product","3":"status-publish","4":"has-post-thumbnail","6":"product_brand-northern-tea","7":"product_cat-arbata","8":"product_cat-akcijos","9":"product_cat-mitybai","11":"first","12":"instock","13":"sale","14":"shipping-taxable","15":"purchasable","16":"product-type-simple"},"acf":[],"tiered_pricing_type":"fixed","tiered_pricing_fixed_rules":[],"tiered_pricing_product_settings":{"layout":"default","base_unit_name":{"singular":null,"plural":null},"default_variation":null},"tiered_pricing_minimum_quantity":null,"tiered_pricing_roles_data":[],"tiered_pricing_percentage_rules":[],"_links":{"self":[{"href":"https:\/\/purama.lt\/ee\/wp-json\/wp\/v2\/product\/41667","targetHints":{"allow":["GET"]}}],"collection":[{"href":"https:\/\/purama.lt\/ee\/wp-json\/wp\/v2\/product"}],"about":[{"href":"https:\/\/purama.lt\/ee\/wp-json\/wp\/v2\/types\/product"}],"replies":[{"embeddable":true,"href":"https:\/\/purama.lt\/ee\/wp-json\/wp\/v2\/comments?post=41667"}],"wp:featuredmedia":[{"embeddable":true,"href":"https:\/\/purama.lt\/ee\/wp-json\/wp\/v2\/media\/41722"}],"wp:attachment":[{"href":"https:\/\/purama.lt\/ee\/wp-json\/wp\/v2\/media?parent=41667"}],"wp:term":[{"taxonomy":"product_brand","embeddable":true,"href":"https:\/\/purama.lt\/ee\/wp-json\/wp\/v2\/product_brand?post=41667"},{"taxonomy":"product_cat","embeddable":true,"href":"https:\/\/purama.lt\/ee\/wp-json\/wp\/v2\/product_cat?post=41667"},{"taxonomy":"product_tag","embeddable":true,"href":"https:\/\/purama.lt\/ee\/wp-json\/wp\/v2\/product_tag?post=41667"}],"curies":[{"name":"wp","href":"https:\/\/api.w.org\/{rel}","templated":true}]}}