{"id":41665,"date":"2025-10-31T09:37:14","date_gmt":"2025-10-31T07:37:14","guid":{"rendered":"https:\/\/purama.lt\/produktas\/northern-tea-ramuneliu-arbatos-ledinukas\/"},"modified":"2026-03-23T15:56:52","modified_gmt":"2026-03-23T13:56:52","slug":"pohja-tee-ramuli-tee-lollipop","status":"publish","type":"product","link":"https:\/\/purama.lt\/ee\/produktas\/northern-tea-ramuneliu-arbatos-ledinukas\/","title":{"rendered":"P\u00f5hja tee kummelitee lollipop"},"content":{"rendered":"<p><strong>Kasutamine<\/strong><br>Asetage \u00fcks kuubik ~200-250 ml kuuma vee sisse ja segage, kuni see on lahustunud. V\u00f5ib valmistada ka k\u00fclmas vees - lahustub aeglasemalt. J\u00e4rgige pakendi juhiseid.<\/p>\n\n\n\n<p><strong>Koostisosad<\/strong><br>kummeli\u00f5ie ekstrakt, taimeekstraktid<\/p>","protected":false},"excerpt":{"rendered":"<p data-start=\"0\" data-end=\"442\"><strong data-start=\"16\" data-end=\"87\">Tea-Pop - Kummeli tee-Pop, 100% Looduslik kiirpruulimise gurmeetee<\/strong> - Kerge, kofeiinivaba kummelitee <strong data-start=\"134\" data-end=\"178\">kiiresti sulavad kuubikud torus<\/strong>. Visake kuubik vette ja segage - ei mingeid kotte, ei mingeid setteid. Iga kuubik on \u00fckshaaval pakendatud, nii et see on mugav kaasas v\u00f5i kingituseks. <strong data-start=\"320\" data-end=\"364\">Valmistatud looduslikest taimsetest toorainetest<\/strong>, Kerge lilleline maitse mee n\u00fcanssidega, sobib nii kuumalt kui ka k\u00fclmalt joomiseks.<\/p>\n<p data-start=\"444\" data-end=\"738\"><strong data-start=\"444\" data-end=\"467\">Miks valida<\/strong><br data-start=\"467\" data-end=\"470\" \/>\u2714\ufe0f Kofeiinivaba - \u00f5htuks ja mis tahes kellaaegadel.<br data-start=\"524\" data-end=\"527\" \/>\u2714\ufe0f Quick Brew: lahustub otse tassis, ilma kotita.<br data-start=\"583\" data-end=\"586\" \/>\u2714\ufe0f \u00d5rn kummeli maitse koos mee h\u00f5nguga.<br data-start=\"632\" data-end=\"635\" data-is-only-node=\"\" \/>\u2714\ufe0f 8 \u00fcksikult pakendatud kuubikut - h\u00fcgieeniline ja mugav<br data-start=\"690\" data-end=\"693\" \/>\u2714\ufe0f Saab valmistada kuumalt, k\u00fclmalt v\u00f5i \u201eteel olles\u201c.\u201c<\/p>","protected":false},"featured_media":41709,"comment_status":"open","ping_status":"closed","template":"","meta":{"_acf_changed":true},"product_brand":[446],"product_cat":[398,60],"product_tag":[],"class_list":{"0":"post-41665","1":"product","2":"type-product","3":"status-publish","4":"has-post-thumbnail","6":"product_brand-northern-tea","7":"product_cat-arbata","8":"product_cat-mitybai","10":"first","11":"outofstock","12":"shipping-taxable","13":"purchasable","14":"product-type-simple"},"acf":[],"tiered_pricing_type":"fixed","tiered_pricing_fixed_rules":[],"tiered_pricing_product_settings":{"layout":"default","base_unit_name":{"singular":null,"plural":null},"default_variation":null},"tiered_pricing_minimum_quantity":null,"tiered_pricing_roles_data":[],"tiered_pricing_percentage_rules":[],"_links":{"self":[{"href":"https:\/\/purama.lt\/ee\/wp-json\/wp\/v2\/product\/41665","targetHints":{"allow":["GET"]}}],"collection":[{"href":"https:\/\/purama.lt\/ee\/wp-json\/wp\/v2\/product"}],"about":[{"href":"https:\/\/purama.lt\/ee\/wp-json\/wp\/v2\/types\/product"}],"replies":[{"embeddable":true,"href":"https:\/\/purama.lt\/ee\/wp-json\/wp\/v2\/comments?post=41665"}],"wp:featuredmedia":[{"embeddable":true,"href":"https:\/\/purama.lt\/ee\/wp-json\/wp\/v2\/media\/41709"}],"wp:attachment":[{"href":"https:\/\/purama.lt\/ee\/wp-json\/wp\/v2\/media?parent=41665"}],"wp:term":[{"taxonomy":"product_brand","embeddable":true,"href":"https:\/\/purama.lt\/ee\/wp-json\/wp\/v2\/product_brand?post=41665"},{"taxonomy":"product_cat","embeddable":true,"href":"https:\/\/purama.lt\/ee\/wp-json\/wp\/v2\/product_cat?post=41665"},{"taxonomy":"product_tag","embeddable":true,"href":"https:\/\/purama.lt\/ee\/wp-json\/wp\/v2\/product_tag?post=41665"}],"curies":[{"name":"wp","href":"https:\/\/api.w.org\/{rel}","templated":true}]}}