{"id":41664,"date":"2025-10-31T09:37:14","date_gmt":"2025-10-31T07:37:14","guid":{"rendered":"https:\/\/purama.lt\/produktas\/northern-tea-jazminu-arbatos-ledinukas\/"},"modified":"2026-03-29T00:10:02","modified_gmt":"2026-03-28T22:10:02","slug":"pohja-tee-jasmiinitee-lollipop","status":"publish","type":"product","link":"https:\/\/purama.lt\/ee\/produktas\/northern-tea-jazminu-arbatos-ledinukas\/","title":{"rendered":"P\u00f5hja tee jasmiinitee lollipop"},"content":{"rendered":"<p><strong>Kasutamine<\/strong><br>Asetage \u00fcks kuubik ~200-250 ml kuuma vee sisse ja segage, kuni see on t\u00e4ielikult lahustunud. V\u00f5ib valmistada ka k\u00fclmas vees - lahustub aeglasemalt. J\u00e4rgige pakendi juhiseid.<\/p>\n\n\n\n<p><strong>Koostisosad<\/strong><br>rohelise tee ekstrakt<\/p>\n\n\n\n<p><\/p>\n\n\n\n<p><\/p>\n\n\n\n<p><\/p>","protected":false},"excerpt":{"rendered":"<p data-start=\"0\" data-end=\"401\"><strong data-start=\"16\" data-end=\"82\">Tea-Pop - Jasmine Tea-Pop, 100% Looduslik kristalliseerunud roheline tee<\/strong> - kerge roheline teejook jasmiini aroomiga <strong data-start=\"135\" data-end=\"195\">kiiresti lahustuvad kristallilised kuubikud tuubis<\/strong>. Visake kuubik vette ja segage - ei mingeid kotte, ei mingeid setteid. <strong data-start=\"265\" data-end=\"308\">Taimset p\u00e4ritolu, ilma suhkrulisandita<\/strong>, Puhas rohelise tee maitse, milles on peene jasmiini noot; mugav kodus, kontoris v\u00f5i teel olles.<\/p>\n<p data-start=\"403\" data-end=\"662\"><strong data-start=\"403\" data-end=\"426\">Miks valida<\/strong><br data-start=\"426\" data-end=\"429\" \/>\u2714\ufe0f Quick Brew kuubikud: lahustuvad otse tassis, ei mingit kotti<br data-start=\"494\" data-end=\"497\" data-is-only-node=\"\" \/>\u2714\ufe0f Klassikaline rohelise tee maitse peene jasmiini aroomiga.<br data-start=\"563\" data-end=\"566\" \/>\u2714\ufe0f Taimset p\u00e4ritolu, ilma suhkrulisandita<br data-start=\"608\" data-end=\"611\" \/>\u2714\ufe0f \u00dcksikud kuubikud tuubis - h\u00fcgieeniline ja mugav<\/p>","protected":false},"featured_media":41706,"comment_status":"open","ping_status":"closed","template":"","meta":{"_acf_changed":true},"product_brand":[446],"product_cat":[398,60,500],"product_tag":[],"class_list":{"0":"post-41664","1":"product","2":"type-product","3":"status-publish","4":"has-post-thumbnail","6":"product_brand-northern-tea","7":"product_cat-arbata","8":"product_cat-mitybai","9":"product_cat-outlet","11":"first","12":"instock","13":"sale","14":"shipping-taxable","15":"purchasable","16":"product-type-simple"},"acf":[],"tiered_pricing_type":"fixed","tiered_pricing_fixed_rules":[],"tiered_pricing_product_settings":{"layout":"default","base_unit_name":{"singular":null,"plural":null},"default_variation":null},"tiered_pricing_minimum_quantity":null,"tiered_pricing_roles_data":[],"tiered_pricing_percentage_rules":[],"_links":{"self":[{"href":"https:\/\/purama.lt\/ee\/wp-json\/wp\/v2\/product\/41664","targetHints":{"allow":["GET"]}}],"collection":[{"href":"https:\/\/purama.lt\/ee\/wp-json\/wp\/v2\/product"}],"about":[{"href":"https:\/\/purama.lt\/ee\/wp-json\/wp\/v2\/types\/product"}],"replies":[{"embeddable":true,"href":"https:\/\/purama.lt\/ee\/wp-json\/wp\/v2\/comments?post=41664"}],"wp:featuredmedia":[{"embeddable":true,"href":"https:\/\/purama.lt\/ee\/wp-json\/wp\/v2\/media\/41706"}],"wp:attachment":[{"href":"https:\/\/purama.lt\/ee\/wp-json\/wp\/v2\/media?parent=41664"}],"wp:term":[{"taxonomy":"product_brand","embeddable":true,"href":"https:\/\/purama.lt\/ee\/wp-json\/wp\/v2\/product_brand?post=41664"},{"taxonomy":"product_cat","embeddable":true,"href":"https:\/\/purama.lt\/ee\/wp-json\/wp\/v2\/product_cat?post=41664"},{"taxonomy":"product_tag","embeddable":true,"href":"https:\/\/purama.lt\/ee\/wp-json\/wp\/v2\/product_tag?post=41664"}],"curies":[{"name":"wp","href":"https:\/\/api.w.org\/{rel}","templated":true}]}}