{"id":41662,"date":"2025-10-31T09:37:12","date_gmt":"2025-10-31T07:37:12","guid":{"rendered":"https:\/\/purama.lt\/produktas\/northern-tea-juodosios-arbatos-ledinukas\/"},"modified":"2026-04-13T16:46:14","modified_gmt":"2026-04-13T14:46:14","slug":"pohja-tee-must-tee-lollipop","status":"publish","type":"product","link":"https:\/\/purama.lt\/ee\/produktas\/northern-tea-juodosios-arbatos-ledinukas\/","title":{"rendered":"P\u00f5hja tee must tee J\u00e4\u00e4tis"},"content":{"rendered":"<p><strong>Kasutamine<\/strong><br>Asetage \u00fcks kuubik ~200-250 ml kuuma vee sisse ja segage, kuni see on lahustunud. V\u00f5ib valmistada ka k\u00fclmas vees - lahustub aeglasemalt. J\u00e4rgige pakendi juhiseid.<\/p>\n\n\n\n<p><strong>Koostisosad<\/strong><br>teeekstrakt, looduslik bergamoti l\u00f5hna- ja maitseaine, taimeekstraktid<\/p>","protected":false},"excerpt":{"rendered":"<p data-start=\"0\" data-end=\"347\"><strong data-start=\"16\" data-end=\"78\">Tea-Pop - Earl Grey Tea-Pop, 100% Looduslik kristalliseerunud tee<\/strong> - Klassikaline Earl Grey maitse, kiiresti lahustuv kristalliseerunud tee <strong data-start=\"152\" data-end=\"174\">kuubikud torus<\/strong>. Visake kuubik vette ja segage - ei mingeid kotte, ei mingeid setteid. <strong data-start=\"244\" data-end=\"287\">Taimset p\u00e4ritolu, ilma suhkrulisandita<\/strong>, V\u00e4rske, vihje bergamotiga; mugav kodus, kontoris v\u00f5i liikvel olles.<\/p>\n<p data-start=\"349\" data-end=\"591\"><strong data-start=\"349\" data-end=\"372\">Miks valida<\/strong><br data-start=\"372\" data-end=\"375\" \/>\u2714\ufe0f Quick Brew kuubikud: lahustuvad otse tassis, ei mingit kotti<br data-start=\"440\" data-end=\"443\" \/>\u2714\ufe0f Klassikaline Earl Grey maitse vihjega bergamotist.<br data-start=\"492\" data-end=\"495\" \/>\u2714\ufe0f Taimset p\u00e4ritolu, ilma suhkrulisandita<br data-start=\"537\" data-end=\"540\" data-is-only-node=\"\" \/>\u2714\ufe0f \u00dcksikud kuubikud tuubis - h\u00fcgieeniline ja mugav<\/p>","protected":false},"featured_media":41721,"comment_status":"open","ping_status":"closed","template":"","meta":{"_acf_changed":false},"product_brand":[446],"product_cat":[398,57,60],"product_tag":[],"class_list":{"0":"post-41662","1":"product","2":"type-product","3":"status-publish","4":"has-post-thumbnail","6":"product_brand-northern-tea","7":"product_cat-arbata","8":"product_cat-akcijos","9":"product_cat-mitybai","11":"first","12":"instock","13":"sale","14":"shipping-taxable","15":"purchasable","16":"product-type-simple"},"acf":[],"tiered_pricing_type":"fixed","tiered_pricing_fixed_rules":[],"tiered_pricing_product_settings":{"layout":"default","base_unit_name":{"singular":null,"plural":null},"default_variation":null},"tiered_pricing_minimum_quantity":null,"tiered_pricing_roles_data":[],"tiered_pricing_percentage_rules":[],"_links":{"self":[{"href":"https:\/\/purama.lt\/ee\/wp-json\/wp\/v2\/product\/41662","targetHints":{"allow":["GET"]}}],"collection":[{"href":"https:\/\/purama.lt\/ee\/wp-json\/wp\/v2\/product"}],"about":[{"href":"https:\/\/purama.lt\/ee\/wp-json\/wp\/v2\/types\/product"}],"replies":[{"embeddable":true,"href":"https:\/\/purama.lt\/ee\/wp-json\/wp\/v2\/comments?post=41662"}],"wp:featuredmedia":[{"embeddable":true,"href":"https:\/\/purama.lt\/ee\/wp-json\/wp\/v2\/media\/41721"}],"wp:attachment":[{"href":"https:\/\/purama.lt\/ee\/wp-json\/wp\/v2\/media?parent=41662"}],"wp:term":[{"taxonomy":"product_brand","embeddable":true,"href":"https:\/\/purama.lt\/ee\/wp-json\/wp\/v2\/product_brand?post=41662"},{"taxonomy":"product_cat","embeddable":true,"href":"https:\/\/purama.lt\/ee\/wp-json\/wp\/v2\/product_cat?post=41662"},{"taxonomy":"product_tag","embeddable":true,"href":"https:\/\/purama.lt\/ee\/wp-json\/wp\/v2\/product_tag?post=41662"}],"curies":[{"name":"wp","href":"https:\/\/api.w.org\/{rel}","templated":true}]}}