{"id":41661,"date":"2025-10-31T09:37:12","date_gmt":"2025-10-31T07:37:12","guid":{"rendered":"https:\/\/purama.lt\/produktas\/northern-tea-matcha-zaliosios-arbatos-ledinukas\/"},"modified":"2026-04-13T16:46:09","modified_gmt":"2026-04-13T14:46:09","slug":"pohja-tee-matcha-roheline-tee-lollipop","status":"publish","type":"product","link":"https:\/\/purama.lt\/ee\/produktas\/northern-tea-matcha-zaliosios-arbatos-ledinukas\/","title":{"rendered":"Northern Tea Matcha roheline tee lollipop"},"content":{"rendered":"<p><strong>Kasutamine<\/strong><br>Asetage \u00fcks kuubik ~200-250 ml kuuma vee sisse ja segage, kuni see on lahustunud. V\u00f5ib valmistada ka k\u00fclmas vees - lahustub aeglasemalt. J\u00e4rgige pakendi juhiseid.<\/p>\n\n\n\n<p><strong>Koostisosad<\/strong><br>rohelise tee ekstrakt, matcha pulber, taimeekstraktid<\/p>\n\n\n\n<p><\/p>","protected":false},"excerpt":{"rendered":"<p data-start=\"0\" data-end=\"450\"><strong data-start=\"16\" data-end=\"81\">Tea-Pop - Matcha Green Tea-Pop, 100% Looduslik kristalliseeritud tee<\/strong> - matcha pulbriga rikastatud roheline tee <strong data-start=\"141\" data-end=\"201\">kiiresti lahustuvad kristallilised kuubikud tuubis<\/strong>. Visake kuubik vette ja segage - ei mingeid kotte, ei mingeid setteid. <strong data-start=\"271\" data-end=\"317\">Taimne, suhkruvaba ja kofeiinivaba<\/strong>, Puhas rohelise tee maitse koos rikkaliku matcha nootidega. Rohelise tee ja matcha ekstraktid on looduslikud antioks\u00fcdantide allikad.<\/p>\n<p data-start=\"452\" data-end=\"694\"><strong data-start=\"452\" data-end=\"475\">Miks valida<\/strong><br data-start=\"475\" data-end=\"478\" \/>\u2714\ufe0f Quick Brew: lahustub otse tassis, ilma kotita.<br data-start=\"534\" data-end=\"537\" \/>\u2714\ufe0f Roheline tee matchaga - rikkalik ja tasakaalustatud maitse.<br data-start=\"595\" data-end=\"598\" \/>\u2714\ufe0f Ei ole lisatud suhkrut ega kofeiini.<br data-start=\"636\" data-end=\"639\" \/>\u2714\ufe0f Individuaalsed kuubikud tuubis - k\u00e4ep\u00e4rane reisil v\u00f5i kingituseks.<\/p>","protected":false},"featured_media":41720,"comment_status":"open","ping_status":"closed","template":"","meta":{"_acf_changed":true},"product_brand":[446],"product_cat":[398,57,60],"product_tag":[],"class_list":{"0":"post-41661","1":"product","2":"type-product","3":"status-publish","4":"has-post-thumbnail","6":"product_brand-northern-tea","7":"product_cat-arbata","8":"product_cat-akcijos","9":"product_cat-mitybai","11":"first","12":"instock","13":"sale","14":"shipping-taxable","15":"purchasable","16":"product-type-simple"},"acf":[],"tiered_pricing_type":"fixed","tiered_pricing_fixed_rules":[],"tiered_pricing_product_settings":{"layout":"default","base_unit_name":{"singular":null,"plural":null},"default_variation":null},"tiered_pricing_minimum_quantity":null,"tiered_pricing_roles_data":[],"tiered_pricing_percentage_rules":[],"_links":{"self":[{"href":"https:\/\/purama.lt\/ee\/wp-json\/wp\/v2\/product\/41661","targetHints":{"allow":["GET"]}}],"collection":[{"href":"https:\/\/purama.lt\/ee\/wp-json\/wp\/v2\/product"}],"about":[{"href":"https:\/\/purama.lt\/ee\/wp-json\/wp\/v2\/types\/product"}],"replies":[{"embeddable":true,"href":"https:\/\/purama.lt\/ee\/wp-json\/wp\/v2\/comments?post=41661"}],"wp:featuredmedia":[{"embeddable":true,"href":"https:\/\/purama.lt\/ee\/wp-json\/wp\/v2\/media\/41720"}],"wp:attachment":[{"href":"https:\/\/purama.lt\/ee\/wp-json\/wp\/v2\/media?parent=41661"}],"wp:term":[{"taxonomy":"product_brand","embeddable":true,"href":"https:\/\/purama.lt\/ee\/wp-json\/wp\/v2\/product_brand?post=41661"},{"taxonomy":"product_cat","embeddable":true,"href":"https:\/\/purama.lt\/ee\/wp-json\/wp\/v2\/product_cat?post=41661"},{"taxonomy":"product_tag","embeddable":true,"href":"https:\/\/purama.lt\/ee\/wp-json\/wp\/v2\/product_tag?post=41661"}],"curies":[{"name":"wp","href":"https:\/\/api.w.org\/{rel}","templated":true}]}}