{"id":41659,"date":"2025-10-31T09:37:10","date_gmt":"2025-10-31T07:37:10","guid":{"rendered":"https:\/\/purama.lt\/produktas\/northern-tea-ivairiu-uogu-arbatos-ledinukas\/"},"modified":"2026-04-13T16:45:15","modified_gmt":"2026-04-13T14:45:15","slug":"pohja-tee-jaatee-erinevatest-marjadest","status":"publish","type":"product","link":"https:\/\/purama.lt\/ee\/produktas\/northern-tea-ivairiu-uogu-arbatos-ledinukas\/","title":{"rendered":"Northern Tea Multi-berry tee lollipop"},"content":{"rendered":"<p><strong>Kasutamine<\/strong><br>Asetage \u00fcks kuubik\/baar ~200-250 ml kuuma veega ja segage, kuni see on lahustunud. V\u00f5ib valmistada ka k\u00fclmas vees - lahustub aeglasemalt. J\u00e4rgige pakendi juhiseid.<\/p>\n\n\n\n<p><strong>Koostisosad<\/strong><br>hibiskus, p\u00f5ldmarjad, loodusliku puuvilja ekstraktid, botaanilised ekstraktid<\/p>\n\n\n\n<p><\/p>","protected":false},"excerpt":{"rendered":"<p data-start=\"0\" data-end=\"438\"><strong data-start=\"16\" data-end=\"85\">Tea-Pop - Wildberry Tea-Pop | Puuviljane taimne segu | Kofeiinivaba<\/strong> - mahlakas, kofeiinivaba puuviljarohke maitsetaimede segu <strong data-start=\"135\" data-end=\"184\">kiirelt lahustuvad kuubikud\/tahvakesed tuubis<\/strong>. Lihtsalt tilgake vette ja segage - ei mingeid kotte, ei mingeid j\u00e4\u00e4ke. <strong data-start=\"255\" data-end=\"316\">100 % Taimset p\u00e4ritolu, ilma suhkru ja kunstlike l\u00f5hna- ja maitseaineteta<\/strong>, mille erksat marjamaitset annavad hibiskus, p\u00f5ldmarjad ja metsikud puuviljad. Sobib ideaalselt kuuma v\u00f5i k\u00fclma joogi jaoks igal ajal.<\/p>\n<p data-start=\"440\" data-end=\"777\"><strong data-start=\"440\" data-end=\"463\">Miks valida<\/strong><br data-start=\"463\" data-end=\"466\" \/>\u2714\ufe0f Quick Brew: lahustub otse tassis, ilma kotita.<br data-start=\"524\" data-end=\"527\" data-is-only-node=\"\" \/>\u2714\ufe0f Kofeiinivaba, ilma lisatud suhkru ja kunstlike l\u00f5hna- ja maitseainetega.<br data-start=\"586\" data-end=\"589\" \/>\u2714\ufe0f Erksad marjamaitsed: hibiskus, p\u00f5dralill, metsamarjad.<br data-start=\"651\" data-end=\"654\" \/>\u2714\ufe0f \u00dcksikud kuubikud\/plaadid tuubis - mugav reisimiseks v\u00f5i kingituseks.<br data-start=\"720\" data-end=\"723\" \/>\u2714\ufe0f Sobib kuuma, k\u00fclma v\u00f5i j\u00e4\u00e4tee jaoks.<\/p>","protected":false},"featured_media":41718,"comment_status":"open","ping_status":"closed","template":"","meta":{"_acf_changed":false},"product_brand":[446],"product_cat":[398,57,60],"product_tag":[],"class_list":{"0":"post-41659","1":"product","2":"type-product","3":"status-publish","4":"has-post-thumbnail","6":"product_brand-northern-tea","7":"product_cat-arbata","8":"product_cat-akcijos","9":"product_cat-mitybai","11":"first","12":"instock","13":"sale","14":"shipping-taxable","15":"purchasable","16":"product-type-simple"},"acf":[],"tiered_pricing_type":"fixed","tiered_pricing_fixed_rules":[],"tiered_pricing_product_settings":{"layout":"default","base_unit_name":{"singular":null,"plural":null},"default_variation":null},"tiered_pricing_minimum_quantity":null,"tiered_pricing_roles_data":[],"tiered_pricing_percentage_rules":[],"_links":{"self":[{"href":"https:\/\/purama.lt\/ee\/wp-json\/wp\/v2\/product\/41659","targetHints":{"allow":["GET"]}}],"collection":[{"href":"https:\/\/purama.lt\/ee\/wp-json\/wp\/v2\/product"}],"about":[{"href":"https:\/\/purama.lt\/ee\/wp-json\/wp\/v2\/types\/product"}],"replies":[{"embeddable":true,"href":"https:\/\/purama.lt\/ee\/wp-json\/wp\/v2\/comments?post=41659"}],"wp:featuredmedia":[{"embeddable":true,"href":"https:\/\/purama.lt\/ee\/wp-json\/wp\/v2\/media\/41718"}],"wp:attachment":[{"href":"https:\/\/purama.lt\/ee\/wp-json\/wp\/v2\/media?parent=41659"}],"wp:term":[{"taxonomy":"product_brand","embeddable":true,"href":"https:\/\/purama.lt\/ee\/wp-json\/wp\/v2\/product_brand?post=41659"},{"taxonomy":"product_cat","embeddable":true,"href":"https:\/\/purama.lt\/ee\/wp-json\/wp\/v2\/product_cat?post=41659"},{"taxonomy":"product_tag","embeddable":true,"href":"https:\/\/purama.lt\/ee\/wp-json\/wp\/v2\/product_tag?post=41659"}],"curies":[{"name":"wp","href":"https:\/\/api.w.org\/{rel}","templated":true}]}}