{"id":41658,"date":"2025-10-31T09:37:10","date_gmt":"2025-10-31T07:37:10","guid":{"rendered":"https:\/\/purama.lt\/produktas\/northern-tea-pipirmeciu-arbatos-ledinukas\/"},"modified":"2026-04-13T16:45:06","modified_gmt":"2026-04-13T14:45:06","slug":"pohja-tee-piparmundi-tee-jaatee","status":"publish","type":"product","link":"https:\/\/purama.lt\/ee\/produktas\/northern-tea-pipirmeciu-arbatos-ledinukas\/","title":{"rendered":"Northern Tea piparm\u00fcndi tee j\u00e4\u00e4looler"},"content":{"rendered":"<p><strong>Kasutamine<\/strong><br>Asetage \u00fcks kuubik ~200-250 ml kuuma vee sisse ja segage, kuni see on lahustunud. V\u00f5ib valmistada ka k\u00fclmas vees - lahustub aeglasemalt. J\u00e4rgige pakendi juhiseid.<\/p>\n\n\n\n<p><strong>Koostisosad<\/strong><br>piparm\u00fcndilehtede ekstrakt, taimsed ekstraktid<\/p>","protected":false},"excerpt":{"rendered":"<p data-start=\"0\" data-end=\"421\"><strong data-start=\"16\" data-end=\"84\">Tea-Pop - Piparm\u00fcndi Tea-Pop, looduslik taimetee (kofeiinivaba)<\/strong> - v\u00e4rske, kofeiinivaba piparm\u00fcndi taimetee <strong data-start=\"125\" data-end=\"169\">kiiresti sulavad kuubikud torus<\/strong>. Visake kuubik tassi ja segage - ei mingeid kotte, ei mingit setteid. Iga kuubik on \u00fckshaaval pakendatud, mist\u00f5ttu on see mugav kaasasoleva v\u00f5i kingitusena. <strong data-start=\"311\" data-end=\"343\">Valmistatud t\u00f5elistest piparm\u00fcndilehtedest<\/strong>, Puhas, karge ja v\u00e4rskendav maitse sobib nii kuuma kui ka k\u00fclma valmistamiseks.<\/p>\n<p data-start=\"423\" data-end=\"652\"><strong data-start=\"423\" data-end=\"446\">Miks valida<\/strong><br data-start=\"446\" data-end=\"449\" \/>\u2714\ufe0f Quick Brew kuubikud: lahustuvad otse tassis, ei mingit kotti<br data-start=\"514\" data-end=\"517\" \/>\u2714\ufe0f Kofeiinivaba ja ilma kunstlike lisanditeta.<br data-start=\"553\" data-end=\"556\" \/>\u2714\ufe0f M\u00f5nusalt kirbe, v\u00e4rskendav piparm\u00fcndi maitse.<br data-start=\"594\" data-end=\"597\" \/>\u2714\ufe0f 8 \u00fcksikult pakendatud kuubikut - h\u00fcgieeniline ja mugav<\/p>","protected":false},"featured_media":41723,"comment_status":"open","ping_status":"closed","template":"","meta":{"_acf_changed":false},"product_brand":[446],"product_cat":[398,57,60],"product_tag":[],"class_list":{"0":"post-41658","1":"product","2":"type-product","3":"status-publish","4":"has-post-thumbnail","6":"product_brand-northern-tea","7":"product_cat-arbata","8":"product_cat-akcijos","9":"product_cat-mitybai","11":"first","12":"instock","13":"sale","14":"shipping-taxable","15":"purchasable","16":"product-type-simple"},"acf":[],"tiered_pricing_type":"fixed","tiered_pricing_fixed_rules":[],"tiered_pricing_product_settings":{"layout":"default","base_unit_name":{"singular":null,"plural":null},"default_variation":null},"tiered_pricing_minimum_quantity":null,"tiered_pricing_roles_data":[],"tiered_pricing_percentage_rules":[],"_links":{"self":[{"href":"https:\/\/purama.lt\/ee\/wp-json\/wp\/v2\/product\/41658","targetHints":{"allow":["GET"]}}],"collection":[{"href":"https:\/\/purama.lt\/ee\/wp-json\/wp\/v2\/product"}],"about":[{"href":"https:\/\/purama.lt\/ee\/wp-json\/wp\/v2\/types\/product"}],"replies":[{"embeddable":true,"href":"https:\/\/purama.lt\/ee\/wp-json\/wp\/v2\/comments?post=41658"}],"wp:featuredmedia":[{"embeddable":true,"href":"https:\/\/purama.lt\/ee\/wp-json\/wp\/v2\/media\/41723"}],"wp:attachment":[{"href":"https:\/\/purama.lt\/ee\/wp-json\/wp\/v2\/media?parent=41658"}],"wp:term":[{"taxonomy":"product_brand","embeddable":true,"href":"https:\/\/purama.lt\/ee\/wp-json\/wp\/v2\/product_brand?post=41658"},{"taxonomy":"product_cat","embeddable":true,"href":"https:\/\/purama.lt\/ee\/wp-json\/wp\/v2\/product_cat?post=41658"},{"taxonomy":"product_tag","embeddable":true,"href":"https:\/\/purama.lt\/ee\/wp-json\/wp\/v2\/product_tag?post=41658"}],"curies":[{"name":"wp","href":"https:\/\/api.w.org\/{rel}","templated":true}]}}