{"id":41428,"date":"2025-10-27T13:56:44","date_gmt":"2025-10-27T11:56:44","guid":{"rendered":"https:\/\/purama.lt\/produktas\/azur-natural-bodycare-bv-atgaivos-dovanu-rinkinys-3\/"},"modified":"2026-04-22T12:20:26","modified_gmt":"2026-04-22T10:20:26","slug":"azur-natural-bodycare-bv-varskendav-kinkekomplekt-3","status":"publish","type":"product","link":"https:\/\/purama.lt\/ee\/produktas\/azur-natural-bodycare-bv-atgaivos-dovanu-rinkinys-3\/","title":{"rendered":"Azur Natural Bodycare BV revitaliseerimise kinkekomplekt"},"content":{"rendered":"<p><strong>Kasutamine<\/strong><br>Lisada sooja vanni v\u00f5i jalavanni <strong>pool toru v\u00f5i kogu toru<\/strong>, laske tal sulada ja hingake l\u00f5hna s\u00fcgavalt sisse.<br>J\u00e4rgige pakendil olevaid juhiseid.<\/p>\n\n\n\n<p><strong>Koostisosad<\/strong><br>magneesiumsulfaat, naatriumvesinikkarbonaat, prunus amygdalus dulcis \u00f5li, eucalyptus globulus lehe\u00f5li, citrus sinensis koor\u00f5li, rosmarinus officinalis lehe\u00f5li, pelargonium graveolens \u00f5ie\u00f5li, citrus paradisi koor\u00f5li.<\/p>","protected":false},"excerpt":{"rendered":"<p data-start=\"0\" data-end=\"752\"><strong data-start=\"16\" data-end=\"69\">Azur Natural Bodycare - BATHTIME STORIES kinkekomplekt:<\/strong>\u00a0Kolmest l\u00f5hnastatud vannisoolast koosnev komplekt elegantsetes klaastuubides - mugav viis aeglase, l\u00f5\u00f5gastava rituaali loomiseks kodus. Iga segu on valmistatud <strong data-start=\"272\" data-end=\"298\">magneesium (Epsom) sool<\/strong>, <strong data-start=\"300\" data-end=\"309\">limonaadid<\/strong>, <strong data-start=\"311\" data-end=\"356\">k\u00fclmpressitud magusmandli\u00f5li<\/strong> ja <strong data-start=\"360\" data-end=\"394\">100% Looduslikud eeterlikud \u00f5lid<\/strong>. Maitsed: <strong data-start=\"406\" data-end=\"421\">Sauna tunne<\/strong> (eukal\u00fcpt), <strong data-start=\"436\" data-end=\"453\">P\u00e4ikeseloojangu unistused<\/strong> (apelsin, eukal\u00fcpt, rosmariin), <strong data-start=\"491\" data-end=\"506\">Metsik lill<\/strong> (geraanium, greibi). Koostis ei sisalda kunstlikke l\u00f5hnaineid, on valmistatud k\u00e4sitsi Hollandis ja sobib tundlikule nahale. Lihtne, esteetiline kingitus igap\u00e4evaseks l\u00f5\u00f5gastumiseks; p\u00f5hineb tuntud magneesiumsoola leotamise p\u00f5him\u00f5ttel, mis tagab meeldiva l\u00f5\u00f5gastuse.<\/p>\n<p data-start=\"754\" data-end=\"1080\"><strong data-start=\"754\" data-end=\"777\">Miks valida<\/strong><br data-start=\"777\" data-end=\"780\" \/>\u2714\ufe0f Kolme l\u00f5hna komplekt \u00fches kingitusformaadis.<br data-start=\"833\" data-end=\"836\" \/>\u2714\ufe0f Magneesiumsool ja s\u00f6\u00f6gisooda puhtaks ja l\u00f5\u00f5gastavaks leotamiseks.<br data-start=\"896\" data-end=\"899\" \/>\u2714\ufe0f Magusa mandli\u00f5li j\u00e4tab naha pehmeks ja toidetuks.<br data-start=\"961\" data-end=\"964\" \/>\u2714\ufe0f 100% Looduslikud l\u00f5hnaained, ilma parf\u00fcmeeriakompositsioonideta<br data-start=\"1017\" data-end=\"1020\" \/>\u2714\ufe0f K\u00e4sitsi valmistatud Hollandis; sobib tundlikule nahale.<\/p>","protected":false},"featured_media":41409,"comment_status":"open","ping_status":"closed","template":"","meta":{"_acf_changed":false},"product_brand":[408],"product_cat":[500],"product_tag":[],"class_list":{"0":"post-41428","1":"product","2":"type-product","3":"status-publish","4":"has-post-thumbnail","6":"product_brand-azur","7":"product_cat-outlet","9":"first","10":"instock","11":"sale","12":"shipping-taxable","13":"purchasable","14":"product-type-simple"},"acf":[],"tiered_pricing_type":"fixed","tiered_pricing_fixed_rules":[],"tiered_pricing_product_settings":{"layout":"default","base_unit_name":{"singular":null,"plural":null},"default_variation":null},"tiered_pricing_minimum_quantity":null,"tiered_pricing_roles_data":[],"tiered_pricing_percentage_rules":[],"_links":{"self":[{"href":"https:\/\/purama.lt\/ee\/wp-json\/wp\/v2\/product\/41428","targetHints":{"allow":["GET"]}}],"collection":[{"href":"https:\/\/purama.lt\/ee\/wp-json\/wp\/v2\/product"}],"about":[{"href":"https:\/\/purama.lt\/ee\/wp-json\/wp\/v2\/types\/product"}],"replies":[{"embeddable":true,"href":"https:\/\/purama.lt\/ee\/wp-json\/wp\/v2\/comments?post=41428"}],"wp:featuredmedia":[{"embeddable":true,"href":"https:\/\/purama.lt\/ee\/wp-json\/wp\/v2\/media\/41409"}],"wp:attachment":[{"href":"https:\/\/purama.lt\/ee\/wp-json\/wp\/v2\/media?parent=41428"}],"wp:term":[{"taxonomy":"product_brand","embeddable":true,"href":"https:\/\/purama.lt\/ee\/wp-json\/wp\/v2\/product_brand?post=41428"},{"taxonomy":"product_cat","embeddable":true,"href":"https:\/\/purama.lt\/ee\/wp-json\/wp\/v2\/product_cat?post=41428"},{"taxonomy":"product_tag","embeddable":true,"href":"https:\/\/purama.lt\/ee\/wp-json\/wp\/v2\/product_tag?post=41428"}],"curies":[{"name":"wp","href":"https:\/\/api.w.org\/{rel}","templated":true}]}}