{"id":41426,"date":"2025-10-27T13:56:43","date_gmt":"2025-10-27T11:56:43","guid":{"rendered":"https:\/\/purama.lt\/produktas\/azur-natural-bodycare-bv-sapnu-rinkinys-3\/"},"modified":"2026-04-23T09:41:49","modified_gmt":"2026-04-23T07:41:49","slug":"azur-natural-bodycare-bv-dream-set-3","status":"publish","type":"product","link":"https:\/\/purama.lt\/ee\/produktas\/azur-natural-bodycare-bv-sapnu-rinkinys-3\/","title":{"rendered":"Azur Natural Bodycare BV Dream Set"},"content":{"rendered":"<p><strong>Kasutamine<\/strong><br>Keerake seepi m\u00e4rgade peopesade vahel, masseerige nahka \u00f5rnalt ja loputage.<br>Kasutage seebikotti kergeks pesemiseks ja j\u00e4\u00e4kainete \u00e4rakasutamiseks; p\u00e4rast kasutamist loputage ja riputage kuivama.<br>S\u00e4ilitage seepi puust seebialusel, et seep saaks kasutamise vahel kuivada.<\/p>\n\n\n\n<p><strong>Koostisosad<\/strong><br>lavendliv\u00e4ljad - naatriumolivat, naatriumkookoaat, naatriumkakaovoaat, naatriummagnaat, aqua, gl\u00fctseriin, naatrium sheav\u00f5i, naatriumkastoraat, lavandula angustifolia taimne \u00f5li, rosmarinus officinalis \u00f5ie \u00f5li, alkanna tinctoria juurte ekstrakt, kaoliin, lavendli angustifolia \u00f5ie, papaver somniferum seemned, linalool*, limoneen*; sunset dreams - naatriumolivat, naatriumkokoaat, naatriummagusaat, naatriumkakaovoaat, aqua, gl\u00fctseriin, naatrium sheav\u00f5i, naatriumkastoraat, lavandula angustifolia taime\u00f5li, illiit, tsitruse sinensis koorekoori \u00f5li, eukal\u00fcpti globuluse lehe\u00f5li, kaoliin, limoneen*, linalool*.<\/p>\n\n\n\n<p><\/p>","protected":false},"excerpt":{"rendered":"<p data-start=\"0\" data-end=\"570\"><strong data-start=\"16\" data-end=\"58\">Azur Natural Bodycare - THE DREAMY SET<\/strong> on komplekt, mis loob rahuliku \u00f5htuse rituaali kahe k\u00e4sitsi valmistatud kehaseebiplaadi ja plastivabade tarvikutega. <strong data-start=\"189\" data-end=\"208\">Lavendliv\u00e4ljad<\/strong> (lavendel + rosmariin) ja <strong data-start=\"236\" data-end=\"253\">P\u00e4ikeseloojangu unistused<\/strong> (punane savi + apelsini, eukal\u00fcpti ja lavendli eeterlikud \u00f5lid) puhastab ja rahustab \u00f5rnalt, samas kui seebikott ja puidust seebitaldrik pikendavad seebi kasutusiga. 100 % looduslik, vegan, valmistatud Hollandis; p\u00f5hineb h\u00e4sti uuritud taime\u00f5lidel ja savil, mis sobivad igap\u00e4evaseks hoolduseks.<\/p>\n<p data-start=\"572\" data-end=\"919\"><strong data-start=\"572\" data-end=\"595\">Miks valida<\/strong><br data-start=\"595\" data-end=\"598\" \/><strong data-start=\"598\" data-end=\"604\">\u2714\ufe0f<\/strong> Kaks erinevat, rahustavat aroomiteraapia nooti \u00fches komplektis<br data-start=\"671\" data-end=\"674\" \/><strong data-start=\"674\" data-end=\"680\">\u2714\ufe0f<\/strong> \u00d5rn taime\u00f5lip\u00f5hine seebi, mis sobib tundlikumale nahale.<br data-start=\"740\" data-end=\"743\" \/><strong data-start=\"743\" data-end=\"749\">\u2714\ufe0f<\/strong> Plastivabad tarvikud: seebikott ja puidust seebikaussi.<br data-start=\"817\" data-end=\"820\" \/><strong data-start=\"820\" data-end=\"826\">\u2714\ufe0f<\/strong> K\u00e4sitsi valmistatud, 100 % looduslikest koostisosadest, vegan<br data-start=\"886\" data-end=\"889\" \/><strong data-start=\"889\" data-end=\"895\">\u2714\ufe0f<\/strong> Kinkekarp<\/p>","protected":false},"featured_media":41405,"comment_status":"open","ping_status":"closed","template":"","meta":{"_acf_changed":false},"product_brand":[408],"product_cat":[393,57],"product_tag":[],"class_list":{"0":"post-41426","1":"product","2":"type-product","3":"status-publish","4":"has-post-thumbnail","6":"product_brand-azur","7":"product_cat-dovanu-idejos","8":"product_cat-akcijos","10":"first","11":"instock","12":"sale","13":"shipping-taxable","14":"purchasable","15":"product-type-simple"},"acf":[],"tiered_pricing_type":"fixed","tiered_pricing_fixed_rules":[],"tiered_pricing_product_settings":{"layout":"default","base_unit_name":{"singular":null,"plural":null},"default_variation":null},"tiered_pricing_minimum_quantity":null,"tiered_pricing_roles_data":[],"tiered_pricing_percentage_rules":[],"_links":{"self":[{"href":"https:\/\/purama.lt\/ee\/wp-json\/wp\/v2\/product\/41426","targetHints":{"allow":["GET"]}}],"collection":[{"href":"https:\/\/purama.lt\/ee\/wp-json\/wp\/v2\/product"}],"about":[{"href":"https:\/\/purama.lt\/ee\/wp-json\/wp\/v2\/types\/product"}],"replies":[{"embeddable":true,"href":"https:\/\/purama.lt\/ee\/wp-json\/wp\/v2\/comments?post=41426"}],"wp:featuredmedia":[{"embeddable":true,"href":"https:\/\/purama.lt\/ee\/wp-json\/wp\/v2\/media\/41405"}],"wp:attachment":[{"href":"https:\/\/purama.lt\/ee\/wp-json\/wp\/v2\/media?parent=41426"}],"wp:term":[{"taxonomy":"product_brand","embeddable":true,"href":"https:\/\/purama.lt\/ee\/wp-json\/wp\/v2\/product_brand?post=41426"},{"taxonomy":"product_cat","embeddable":true,"href":"https:\/\/purama.lt\/ee\/wp-json\/wp\/v2\/product_cat?post=41426"},{"taxonomy":"product_tag","embeddable":true,"href":"https:\/\/purama.lt\/ee\/wp-json\/wp\/v2\/product_tag?post=41426"}],"curies":[{"name":"wp","href":"https:\/\/api.w.org\/{rel}","templated":true}]}}