{"id":41242,"date":"2025-10-24T08:06:57","date_gmt":"2025-10-24T06:06:57","guid":{"rendered":"https:\/\/purama.lt\/produktas\/wosome-papildu-sistema-moterims\/"},"modified":"2026-03-31T13:03:47","modified_gmt":"2026-03-31T11:03:47","slug":"wosome-toidulisandite-susteem-naistele","status":"publish","type":"product","link":"https:\/\/purama.lt\/ee\/produktas\/wosome-papildu-sistema-moterims\/","title":{"rendered":"Wosome toidulisandite s\u00fcsteem naistele"},"content":{"rendered":"<p><strong>Tarbimine<\/strong><br>V\u00f5tke 3 kapslit p\u00e4evas p\u00e4eva esimeses pooles koos toiduga: folliikulise faasi kapslid p\u00e4evadel 1-15, luteaalse faasi kapslid p\u00e4evadel 16-30.<br>Alustage veritsuse esimesest p\u00e4evast; l\u00fclitage 2. faasile ts\u00fckli keskel ja korrake.<br>Toidulisandid ei asenda tasakaalustatud toitumist; konsulteerige raseduse ajal ja individuaalsete vajaduste korral oma arstiga.<\/p>\n\n\n\n<p><strong>Koostisosad<\/strong><br>magneesiumbisgl\u00fctsinaat, glaseerimisvahend h\u00fcdroks\u00fcprop\u00fc\u00fclmet\u00fc\u00fcltselluloos, Rhodiola rhodolina juure ekstrakt (&gt;3% rosaviinid), t\u00e4iteaine tselluloos, kleepaine rasvhapete magneesiumsoolad, p\u00fcridoksiinvesinikkloriid, met\u00fc\u00fclkobalamiin, l-selenometioniin, magneesium-bisgl\u00fctsinaat, glaseerimisvahend h\u00fcdroks\u00fcprop\u00fc\u00fclmet\u00fc\u00fcltselluloos, t\u00e4iteaine tselluloos, tsink-bisgl\u00fctsinaat, liim, rasvhapete magneesiumsoolad, p\u00fcridoksiinvesinikkloriid, t\u00f5elise punase puuvilja kuivekstrakt (&gt;1,5% UV-kiirguse all), met\u00fc\u00fclkobalamiin.<\/p>\n\n\n\n<p><strong>Toiduainete k\u00e4itlemise sertifikaat:\u00a0<\/strong>69MTSPA-667<\/p>","protected":false},"excerpt":{"rendered":"<p data-start=\"0\" data-end=\"618\"><strong data-start=\"16\" data-end=\"54\">Wosome - naiste toidulisandite s\u00fcsteem<\/strong>: kahefaasiline toidulisandite s\u00fcsteem kapslites, mis on kohandatud ts\u00fckli folliikulisele (1-15 p\u00e4eva) ja luteaalsele (16-30 p\u00e4eva) osale. <strong data-start=\"205\" data-end=\"278\">Aitab s\u00e4ilitada igap\u00e4evast energiat, meeleolu tasakaalu ja une kvaliteeti.<\/strong>, ja sihtkoostisosad valitakse selleks ajaks, kui neid on k\u00f5ige rohkem vaja. L\u00e4bipaistev koostis sisaldab B6 ja B12, magneesiumi, tsinki ja seleeni koos adaptogeenidega (rhodiola, vitex). Teaduslik tugi: valem p\u00f5hineb <strong data-start=\"483\" data-end=\"502\">h\u00e4sti uuritud<\/strong> koostisosad, nagu vitex (p\u00f5sepuna), mida traditsiooniliselt kasutatakse ts\u00fckli mugavuse tagamiseks, ja rhodiola, mis aitab \u00fcletada v\u00e4simust.<\/p>\n<p data-start=\"620\" data-end=\"1028\"><strong data-start=\"620\" data-end=\"643\">Miks valida<\/strong><br data-start=\"643\" data-end=\"646\" \/><strong data-start=\"646\" data-end=\"652\">\u2714\ufe0f<\/strong> Kombineeritud ts\u00fckli loomuliku r\u00fctmiga: eraldi valemid p\u00e4evade 1-15 ja 16-30 jaoks.<br data-start=\"727\" data-end=\"730\" \/><strong data-start=\"730\" data-end=\"736\">\u2714\ufe0f<\/strong> B6, B12, magneesium, tsink, seleen - igap\u00e4evaseks hormoonide ja n\u00e4rvis\u00fcsteemi toetuseks.<br data-start=\"819\" data-end=\"822\" \/><strong data-start=\"822\" data-end=\"828\">\u2714\ufe0f<\/strong> Adaptogeenid (rhodiola, vitex) - sihip\u00e4rase energia ja PMS-i leevendamiseks.<br data-start=\"897\" data-end=\"900\" \/><strong data-start=\"900\" data-end=\"906\">\u2714\ufe0f<\/strong> Hormoonivaba, ilma ebavajalike t\u00e4iteaineteta; l\u00e4bipaistev, vegan koostis.<br data-start=\"970\" data-end=\"973\" \/><strong data-start=\"973\" data-end=\"979\">\u2714\ufe0f<\/strong> Valmistatud Leedus GMP-sertifikaadiga tehases.<\/p>","protected":false},"featured_media":41235,"comment_status":"open","ping_status":"closed","template":"","meta":{"_acf_changed":true},"product_brand":[],"product_cat":[278,123,276],"product_tag":[],"class_list":{"0":"post-41242","1":"product","2":"type-product","3":"status-publish","4":"has-post-thumbnail","6":"product_cat-moterims","7":"product_cat-papildai-ilgaamziskumui","8":"product_cat-seksualinei-sveikatai","10":"first","11":"instock","12":"shipping-taxable","13":"purchasable","14":"product-type-simple"},"acf":[],"tiered_pricing_type":"fixed","tiered_pricing_fixed_rules":[],"tiered_pricing_product_settings":{"layout":"default","base_unit_name":{"singular":null,"plural":null},"default_variation":null},"tiered_pricing_minimum_quantity":null,"tiered_pricing_roles_data":[],"tiered_pricing_percentage_rules":[],"_links":{"self":[{"href":"https:\/\/purama.lt\/ee\/wp-json\/wp\/v2\/product\/41242","targetHints":{"allow":["GET"]}}],"collection":[{"href":"https:\/\/purama.lt\/ee\/wp-json\/wp\/v2\/product"}],"about":[{"href":"https:\/\/purama.lt\/ee\/wp-json\/wp\/v2\/types\/product"}],"replies":[{"embeddable":true,"href":"https:\/\/purama.lt\/ee\/wp-json\/wp\/v2\/comments?post=41242"}],"wp:featuredmedia":[{"embeddable":true,"href":"https:\/\/purama.lt\/ee\/wp-json\/wp\/v2\/media\/41235"}],"wp:attachment":[{"href":"https:\/\/purama.lt\/ee\/wp-json\/wp\/v2\/media?parent=41242"}],"wp:term":[{"taxonomy":"product_brand","embeddable":true,"href":"https:\/\/purama.lt\/ee\/wp-json\/wp\/v2\/product_brand?post=41242"},{"taxonomy":"product_cat","embeddable":true,"href":"https:\/\/purama.lt\/ee\/wp-json\/wp\/v2\/product_cat?post=41242"},{"taxonomy":"product_tag","embeddable":true,"href":"https:\/\/purama.lt\/ee\/wp-json\/wp\/v2\/product_tag?post=41242"}],"curies":[{"name":"wp","href":"https:\/\/api.w.org\/{rel}","templated":true}]}}