{"id":41240,"date":"2025-10-24T08:06:55","date_gmt":"2025-10-24T06:06:55","guid":{"rendered":"https:\/\/purama.lt\/produktas\/duschkind-happy-moments-veganiskas-kosmetikos-rinkinys\/"},"modified":"2026-04-14T09:42:00","modified_gmt":"2026-04-14T07:42:00","slug":"duschkind-happy-moments-vegan-kosmeetikakomplekt","status":"publish","type":"product","link":"https:\/\/purama.lt\/ee\/produktas\/duschkind-happy-moments-veganiskas-kosmetikos-rinkinys\/","title":{"rendered":"Duschkind Happy Moments vegan kosmeetikakomplekt"},"content":{"rendered":"<p><strong>Kasutamine<\/strong><br>Niisutage juuksed ja \u0161ampoon, vahutage, masseerige peanahka ja juukseid, loputage.<br>Niisutage palsamit kergelt, ajage see l\u00e4bi puhaste, niiskete juuste (eriti otste), laske m\u00f5juda 1-3 minutit ja loputage korralikult maha.<br>P\u00e4rast kasutamist laske luffa-alusel kuivada; s\u00e4ilitage kuivas kohas puukarbis.<\/p>\n\n\n\n<p><strong>Koostisosad<\/strong><br>aloe vera tahke \u0161ampoon: naatriumkookos\u00fc\u00fclisetionaat, but\u00fcrospermum parkii v\u00f5i, theobroma cacao seemnev\u00f5i, gl\u00fctseriin, parf\u00fc\u00fcm, aloe barbadensis leheekstrakt, pantenool, distearoylethyl dimonium chloride, guar hydroxypropyltrimonium chloride, tseet\u00fc\u00fclalkohol, tset\u00fc\u00fclalkohol, gl\u00fctsiin soja\u00f5li, tokoferool, montmorilloniit, kaoliin, ci 77007, tahke konditsioneer: tset\u00fc\u00fclalkohol, cocos nucifera \u00f5li, naatriumkook\u00fc\u00fclisethionaat, crambe abyssinica seemne\u00f5li, brassica oleracea italica seemne\u00f5li, behentrimooniumkloriid, h\u00fcdrogeenitud et\u00fc\u00fclheks\u00fc\u00fclolivat, aqua, parf\u00fc\u00fcm, h\u00fcdrol\u00fc\u00fcsitud riisivalk, h\u00fcdrogeenitud oliivi\u00f5li seebistamata ained, isoprop\u00fc\u00fclalkohol, gardenia taitensis \u00f5ieekstrakt, tokoferool.<\/p>","protected":false},"excerpt":{"rendered":"<p data-start=\"0\" data-end=\"529\"><strong data-start=\"16\" data-end=\"68\">Duschkind - Kinkekarp tahke \u0161ampoon ja palsamid<\/strong> See on j\u00e4tkusuutlik kinkekomplekt, millel on k\u00f5va <strong data-start=\"105\" data-end=\"125\">Aloe Vera 4-in-1<\/strong> \u0161ampoon, kindel palsam, puidust hoiukarp ja kuivatuspadi. \u0160ampoon peseb \u00f5rnalt, vahutab ja sobib igap\u00e4evaeluks, samal ajal kui taime\u00f5lidega palsam muudab juuste lahtiharutamise lihtsamaks ja siledamaks. Plastivaba, reisi- ja igap\u00e4evas\u00f5bralik. <strong data-start=\"416\" data-end=\"429\">Aloe vera<\/strong> ja pH-tasakaalustatud koostis aitab s\u00e4ilitada juuste ja peanaha mugavust, ilma sulfaatide ja silikoonideta.<\/p>\n<p data-start=\"531\" data-end=\"925\"><strong data-start=\"531\" data-end=\"554\">Miks valida<\/strong><br data-start=\"554\" data-end=\"557\" \/><strong data-start=\"557\" data-end=\"563\">\u2714\ufe0f<\/strong> Valmis kingitus: kaunistatud karp, aksessuaarid sees<br data-start=\"614\" data-end=\"617\" \/><strong data-start=\"617\" data-end=\"623\">\u2714\ufe0f<\/strong> Tahke 4-in-1 \u0161ampoon: \u0161ampoon, du\u0161igeel, konditsioneer ja habemeajamisvahu funktsioon.<br data-start=\"711\" data-end=\"714\" \/><strong data-start=\"714\" data-end=\"720\">\u2714\ufe0f<\/strong> Tahke palsam taimse \u00f5liga, mis lihtsustab lahtiharutamist.<br data-start=\"791\" data-end=\"794\" \/><strong data-start=\"794\" data-end=\"800\">\u2714\ufe0f<\/strong> Puidust kast ja t\u00fcnnisahtel puhtaks ja kiireks kuivatamiseks<br data-start=\"864\" data-end=\"867\" \/><strong data-start=\"867\" data-end=\"873\">\u2714\ufe0f<\/strong> J\u00e4tkusuutlik, plastikuvaba pakend; sulfaadivaba, silikoonivaba<\/p>","protected":false},"featured_media":41236,"comment_status":"open","ping_status":"closed","template":"","meta":{"_acf_changed":false},"product_brand":[],"product_cat":[92,393,500,304,307],"product_tag":[],"class_list":{"0":"post-41240","1":"product","2":"type-product","3":"status-publish","4":"has-post-thumbnail","6":"product_cat-groziui","7":"product_cat-dovanu-rinkiniai","8":"product_cat-outlet","9":"product_cat-plaukams","10":"product_cat-plauku-sampunai","12":"first","13":"instock","14":"sale","15":"shipping-taxable","16":"purchasable","17":"product-type-simple"},"acf":[],"tiered_pricing_type":"fixed","tiered_pricing_fixed_rules":[],"tiered_pricing_product_settings":{"layout":"default","base_unit_name":{"singular":null,"plural":null},"default_variation":null},"tiered_pricing_minimum_quantity":null,"tiered_pricing_roles_data":[],"tiered_pricing_percentage_rules":[],"_links":{"self":[{"href":"https:\/\/purama.lt\/ee\/wp-json\/wp\/v2\/product\/41240","targetHints":{"allow":["GET"]}}],"collection":[{"href":"https:\/\/purama.lt\/ee\/wp-json\/wp\/v2\/product"}],"about":[{"href":"https:\/\/purama.lt\/ee\/wp-json\/wp\/v2\/types\/product"}],"replies":[{"embeddable":true,"href":"https:\/\/purama.lt\/ee\/wp-json\/wp\/v2\/comments?post=41240"}],"wp:featuredmedia":[{"embeddable":true,"href":"https:\/\/purama.lt\/ee\/wp-json\/wp\/v2\/media\/41236"}],"wp:attachment":[{"href":"https:\/\/purama.lt\/ee\/wp-json\/wp\/v2\/media?parent=41240"}],"wp:term":[{"taxonomy":"product_brand","embeddable":true,"href":"https:\/\/purama.lt\/ee\/wp-json\/wp\/v2\/product_brand?post=41240"},{"taxonomy":"product_cat","embeddable":true,"href":"https:\/\/purama.lt\/ee\/wp-json\/wp\/v2\/product_cat?post=41240"},{"taxonomy":"product_tag","embeddable":true,"href":"https:\/\/purama.lt\/ee\/wp-json\/wp\/v2\/product_tag?post=41240"}],"curies":[{"name":"wp","href":"https:\/\/api.w.org\/{rel}","templated":true}]}}